{"id":1391,"date":"2020-03-12T09:47:15","date_gmt":"2020-03-12T08:47:15","guid":{"rendered":"http:\/\/emdr-ch.org\/supervisori\/"},"modified":"2021-11-19T17:12:00","modified_gmt":"2021-11-19T16:12:00","slug":"supervisori","status":"publish","type":"page","link":"https:\/\/emdr-ch.org\/fr\/supervisori\/","title":{"rendered":"superviseurs"},"content":{"rendered":"<div class=\"wpb-content-wrapper\"><p>[vc_row][vc_column][vc_column_text]<\/p>\n<div id=\"storelocatorwidget\" style=\"width: 100%;\">\n<p>Loading <a href=\"https:\/\/www.storelocatorwidgets.com\">Locator Software<\/a>&#8230;<\/p>\n<\/div>\n<p><script type=\"text\/javascript\" src=\"\/\/cdn.storelocatorwidgets.com\/widget\/mapbox-gl.js\"><\/script><br \/>\n<script type=\"text\/javascript\" id=\"storelocatorscript\" data-uid=\"33da29b47f35d5a3881ae64933687ac0\" data-language=\"fr\" data-categories=\"Superviseur\/Superviseuse EMDR\" data-hiddencategories=\"Th\u00e9rapeute EMDR\" data-filters=\"superviseur\/superviseuse EMDR adultes\" data-platform=\"MapTiler\" src=\"\/\/cdn.storelocatorwidgets.com\/widget\/widget.js\"><\/script>[\/vc_column_text][\/vc_column][\/vc_row][vc_row disable_element=\u00a0\u00bbyes\u00a0\u00bb][vc_column][vc_column_text]<\/p>\n<div id=\"storelocatorwidget\" style=\"width: 100%;\">\n<p>Loading <a href=\"https:\/\/www.storelocatorwidgets.com\">Locator Software<\/a>&#8230;<\/p>\n<\/div>\n<p><script type=\"text\/javascript\" src=\"\/\/cdn.storelocatorwidgets.com\/widget\/mapbox-gl.js\"><\/script><br \/>\n<script type=\"text\/javascript\" id=\"storelocatorscript\" data-uid=\"33da29b47f35d5a3881ae64933687ac0\" data-language=\"fr\" data-lat=\"47.373878\" data-lng=\"8.545094\" data-zoom=\"8\" data-categories=\"Superviseur\/Superviseuse EMDR\" data-hiddencategories=\"Superviseur\/Superviseuse EMDR,EMDR TherapeutIn,EMDR SupervisorIn,Geschlecht,Sprachen,Klientel,Schwierigkeiten,Kanton,Th\u00e9rapeute EMDR,Client\u00e8le,Difficult\u00e9s,Terapeuta EMDR,Supervisore EMDR,Genere,Lingue,Clientela,Difficolt\u00e0,Cantone\" data-hiddenfilters=\"facilitateur\/facilitatrice EMDR,formateur\/formatrice EMDR\" data-store=\"Perth Australia\" data-settings=\"store_list_layout=BelowGrid\" data-platform=\"MapTiler\" src=\"\/\/cdn.storelocatorwidgets.com\/widget\/widget.js\"><\/script>[\/vc_column_text][\/vc_column][\/vc_row]<\/p>\n<\/div>","protected":false},"excerpt":{"rendered":"<p>[vc_row][vc_column][vc_column_text] Loading Locator Software&#8230; [\/vc_column_text][\/vc_column][\/vc_row][vc_row disable_element=\u00a0\u00bbyes\u00a0\u00bb][vc_column][vc_column_text] Loading Locator Software&#8230; [\/vc_column_text][\/vc_column][\/vc_row]<\/p>\n","protected":false},"author":1,"featured_media":0,"parent":0,"menu_order":0,"comment_status":"closed","ping_status":"closed","template":"","meta":{"footnotes":""},"class_list":["post-1391","page","type-page","status-publish","hentry"],"_links":{"self":[{"href":"https:\/\/emdr-ch.org\/fr\/wp-json\/wp\/v2\/pages\/1391","targetHints":{"allow":["GET"]}}],"collection":[{"href":"https:\/\/emdr-ch.org\/fr\/wp-json\/wp\/v2\/pages"}],"about":[{"href":"https:\/\/emdr-ch.org\/fr\/wp-json\/wp\/v2\/types\/page"}],"author":[{"embeddable":true,"href":"https:\/\/emdr-ch.org\/fr\/wp-json\/wp\/v2\/users\/1"}],"replies":[{"embeddable":true,"href":"https:\/\/emdr-ch.org\/fr\/wp-json\/wp\/v2\/comments?post=1391"}],"version-history":[{"count":8,"href":"https:\/\/emdr-ch.org\/fr\/wp-json\/wp\/v2\/pages\/1391\/revisions"}],"predecessor-version":[{"id":2885,"href":"https:\/\/emdr-ch.org\/fr\/wp-json\/wp\/v2\/pages\/1391\/revisions\/2885"}],"wp:attachment":[{"href":"https:\/\/emdr-ch.org\/fr\/wp-json\/wp\/v2\/media?parent=1391"}],"curies":[{"name":"wp","href":"https:\/\/api.w.org\/{rel}","templated":true}]}}