{"id":2260,"date":"2020-12-22T09:19:48","date_gmt":"2020-12-22T08:19:48","guid":{"rendered":"https:\/\/emdr-ch.org\/?page_id=2260"},"modified":"2020-12-22T09:52:42","modified_gmt":"2020-12-22T08:52:42","slug":"psychotraumatologie","status":"publish","type":"page","link":"https:\/\/emdr-ch.org\/fr\/psychotraumatologie\/","title":{"rendered":"psychotraumatologie"},"content":{"rendered":"<div class=\"wpb-content-wrapper\"><p>[vc_row css=\u00a0\u00bb.vc_custom_1578412353909{margin-top: 50px !important;}\u00a0\u00bb][vc_column width=\u00a0\u00bb1\/4&Prime; css=\u00a0\u00bb.vc_custom_1578412273397{margin-top: 50px !important;}\u00a0\u00bb][vc_wp_custommenu nav_menu=\u00a0\u00bb32&Prime;][\/vc_column][vc_column width=\u00a0\u00bb3\/4&Prime;][vc_column_text]<\/p>\n<h3>Traumath\u00e9rapie | Psychotraumalologie<\/h3>\n<p>[\/vc_column_text][vc_empty_space][vc_row_inner][vc_column_inner width=\u00a0\u00bb2\/3&Prime;][vc_column_text]<\/p>\n<h5>Ogden Pat, Minton Kekuni, Pain Clare<\/h5>\n<h5>Le trauma et le corps: Une approche sensorimotrice de la psychoth\u00e9rapie<\/h5>\n<p>2015 de boeck, Paris<br \/>\n[\/vc_column_text][vc_empty_space][\/vc_column_inner][vc_column_inner width=\u00a0\u00bb1\/3&Prime;][vc_single_image image=\u00a0\u00bb2290&Prime; img_size=\u00a0\u00bbfull\u00a0\u00bb][vc_empty_space][\/vc_column_inner][\/vc_row_inner][vc_row_inner][vc_column_inner width=\u00a0\u00bb2\/3&Prime;][vc_column_text]<\/p>\n<h5>Piedfort-Marin Olivier, Reddemann Luise<\/h5>\n<h5>Psychoth\u00e9rapie des traumatismes complexes: Une approche int\u00e9grative bas\u00e9e sur la th\u00e9orie des \u00e9tats du moi et des techniques hypno-imaginatives<\/h5>\n<p>2017 Satas, Bruxelles<br \/>\n[\/vc_column_text][vc_empty_space][\/vc_column_inner][vc_column_inner width=\u00a0\u00bb1\/3&Prime;][vc_single_image image=\u00a0\u00bb2294&Prime; img_size=\u00a0\u00bbfull\u00a0\u00bb][vc_empty_space][\/vc_column_inner][\/vc_row_inner][vc_row_inner][vc_column_inner width=\u00a0\u00bb2\/3&Prime;][vc_column_text]<\/p>\n<h5>Servan-Schreiber David<\/h5>\n<h5>Gu\u00e9rir le stress, l&rsquo;anxi\u00e9t\u00e9 et la d\u00e9pressionn sans m\u00e9dicaments ni psychanalyse<\/h5>\n<p>2011 Pocket, Paris<\/p>\n<p>[\/vc_column_text][vc_empty_space][\/vc_column_inner][vc_column_inner width=\u00a0\u00bb1\/3&Prime;][vc_single_image image=\u00a0\u00bb2297&Prime; img_size=\u00a0\u00bbfull\u00a0\u00bb][vc_empty_space][\/vc_column_inner][\/vc_row_inner][vc_row_inner][vc_column_inner width=\u00a0\u00bb2\/3&Prime;][vc_column_text]<\/p>\n<h5>Smith Joanna<\/h5>\n<h5>Psychoth\u00e9rapie de la dissociation et du trauma<\/h5>\n<p>2016 Dunod, Paris<\/p>\n<p>[\/vc_column_text][vc_empty_space][\/vc_column_inner][vc_column_inner width=\u00a0\u00bb1\/3&Prime;][vc_single_image image=\u00a0\u00bb2300&Prime; img_size=\u00a0\u00bbfull\u00a0\u00bb][vc_empty_space][\/vc_column_inner][\/vc_row_inner][\/vc_column][\/vc_row]<\/p>\n<\/div>","protected":false},"excerpt":{"rendered":"<p>[vc_row css=\u00a0\u00bb.vc_custom_1578412353909{margin-top: 50px !important;}\u00a0\u00bb][vc_column width=\u00a0\u00bb1\/4&Prime; css=\u00a0\u00bb.vc_custom_1578412273397{margin-top: 50px !important;}\u00a0\u00bb][vc_wp_custommenu nav_menu=\u00a0\u00bb32&Prime;][\/vc_column][vc_column width=\u00a0\u00bb3\/4&Prime;][vc_column_text] Traumath\u00e9rapie | Psychotraumalologie [\/vc_column_text][vc_empty_space][vc_row_inner][vc_column_inner width=\u00a0\u00bb2\/3&Prime;][vc_column_text] Ogden Pat, Minton Kekuni, Pain Clare Le trauma et le corps: Une approche sensorimotrice de la psychoth\u00e9rapie 2015 de boeck, Paris [\/vc_column_text][vc_empty_space][\/vc_column_inner][vc_column_inner width=\u00a0\u00bb1\/3&Prime;][vc_single_image image=\u00a0\u00bb2290&Prime; img_size=\u00a0\u00bbfull\u00a0\u00bb][vc_empty_space][\/vc_column_inner][\/vc_row_inner][vc_row_inner][vc_column_inner width=\u00a0\u00bb2\/3&Prime;][vc_column_text] Piedfort-Marin Olivier, Reddemann Luise Psychoth\u00e9rapie des traumatismes complexes: Une approche int\u00e9grative bas\u00e9e sur la<\/p>\n","protected":false},"author":1,"featured_media":0,"parent":0,"menu_order":0,"comment_status":"closed","ping_status":"closed","template":"","meta":{"footnotes":""},"class_list":["post-2260","page","type-page","status-publish","hentry"],"_links":{"self":[{"href":"https:\/\/emdr-ch.org\/fr\/wp-json\/wp\/v2\/pages\/2260","targetHints":{"allow":["GET"]}}],"collection":[{"href":"https:\/\/emdr-ch.org\/fr\/wp-json\/wp\/v2\/pages"}],"about":[{"href":"https:\/\/emdr-ch.org\/fr\/wp-json\/wp\/v2\/types\/page"}],"author":[{"embeddable":true,"href":"https:\/\/emdr-ch.org\/fr\/wp-json\/wp\/v2\/users\/1"}],"replies":[{"embeddable":true,"href":"https:\/\/emdr-ch.org\/fr\/wp-json\/wp\/v2\/comments?post=2260"}],"version-history":[{"count":5,"href":"https:\/\/emdr-ch.org\/fr\/wp-json\/wp\/v2\/pages\/2260\/revisions"}],"predecessor-version":[{"id":2303,"href":"https:\/\/emdr-ch.org\/fr\/wp-json\/wp\/v2\/pages\/2260\/revisions\/2303"}],"wp:attachment":[{"href":"https:\/\/emdr-ch.org\/fr\/wp-json\/wp\/v2\/media?parent=2260"}],"curies":[{"name":"wp","href":"https:\/\/api.w.org\/{rel}","templated":true}]}}