{"id":2350,"date":"2020-12-24T07:44:41","date_gmt":"2020-12-24T06:44:41","guid":{"rendered":"https:\/\/emdr-ch.org\/links\/"},"modified":"2024-06-13T12:42:24","modified_gmt":"2024-06-13T10:42:24","slug":"liens","status":"publish","type":"page","link":"https:\/\/emdr-ch.org\/fr\/liens\/","title":{"rendered":"Liens"},"content":{"rendered":"<div class=\"wpb-content-wrapper\"><p>[vc_row][vc_column width=\u00a0\u00bb1\/4&Prime; css=\u00a0\u00bb.vc_custom_1560439457644{margin-top: 50px !important;}\u00a0\u00bb][vc_wp_custommenu nav_menu=\u00a0\u00bb71&Prime;][\/vc_column][vc_column width=\u00a0\u00bb3\/4&Prime;][vc_column_text]<\/p>\n<h3>EMDR-Links<\/h3>\n<p><a href=\"http:\/\/www.emdr-institut.ch\/\" target=\"_blank\" rel=\"noopener noreferrer\">Institut EMDR Suisse<br \/>\n<\/a>L&rsquo;Institut EMDR Suisse est en Suisse le seul partenaire officiel de l&rsquo;Institut EMDR des Etats-Unis, sous la direction de Dr Francine Shapiro.<\/p>\n<p><a href=\"http:\/\/www.irpt.ch\/fr\" target=\"_blank\" rel=\"noopener noreferrer\">Institut Romand de Psychotraumatologie (IRPT) \/ <\/a><a href=\"https:\/\/www.irpt.ch\/de\">EMDR Training Schweiz<\/a><a href=\"http:\/\/www.irpt.ch\/\" target=\"_blank\" rel=\"noopener noreferrer\"><br \/>\n<\/a>Institut Romand de Psychotraumatologie (IRPT) organise des formations EMDR reconnues tant en allemand qu&rsquo;en fran\u00e7ais en Suisse Romande.<\/p>\n<p><a href=\"https:\/\/emdr-europe.org\">EMDR Europe<\/a><br \/>\nEMDR Europe est l&rsquo;association professionnelle officielle des associations nationales EMDR, qui \u00e9tablit, maintient et promeut les normes les plus \u00e9lev\u00e9es de qualit\u00e9 et d&rsquo;int\u00e9grit\u00e9 dans la pratique, la recherche et la formation en th\u00e9rapie EMDR \u00e0 travers l&rsquo;Europe.<\/p>\n<p><a href=\"http:\/\/www.emdr-france.org\/\" target=\"_blank\" rel=\"noopener noreferrer\">EMDR France<br \/>\n<\/a>Le site de l&rsquo;Association EMDR France contient de nombreuses informations approfondies au sujet de la th\u00e9rapie EMDR et une riche bibliographie constamment mise \u00e0 jour.<\/p>\n<p><a href=\"http:\/\/www.bipe.be\/\" target=\"_blank\" rel=\"noopener noreferrer\">Institut Belge de Psychotraumatologie et d&rsquo;EMDR<br \/>\n<\/a>Institut partenaire de l&rsquo;Institut EMDR Suisse en Suisse Romande.<\/p>\n<p><a href=\"https:\/\/www.emdr-luxembourg.org\/\" target=\"_blank\" rel=\"noopener noreferrer\">EMDR Luxembourg<\/a><br \/>\nAssociation professionnelle EMDR de Luxembourg<\/p>\n<p><a href=\"https:\/\/www.globalchildemdralliance.com\/#\">Global Child EMDR Alliance<\/a><br \/>\nLa Global Child EMDR Alliance fournit des ressources aux enfants, aux adolescents, aux parents\/aux soignants et aux cliniciens pour les aider \u00e0 faire face au stress, \u00e0 l&rsquo;anxi\u00e9t\u00e9 et au d\u00e9sespoir accrus li\u00e9s \u00e0 ces questions.<\/p>\n<p>[\/vc_column_text][\/vc_column][\/vc_row]<\/p>\n<\/div>","protected":false},"excerpt":{"rendered":"<p>[vc_row][vc_column width=\u00a0\u00bb1\/4&Prime; css=\u00a0\u00bb.vc_custom_1560439457644{margin-top: 50px !important;}\u00a0\u00bb][vc_wp_custommenu nav_menu=\u00a0\u00bb71&Prime;][\/vc_column][vc_column width=\u00a0\u00bb3\/4&Prime;][vc_column_text] EMDR-Links Institut EMDR Suisse L&rsquo;Institut EMDR Suisse est en Suisse le seul partenaire officiel de l&rsquo;Institut EMDR des Etats-Unis, sous la direction de Dr Francine Shapiro. Institut Romand de Psychotraumatologie (IRPT) \/ EMDR Training Schweiz Institut Romand de Psychotraumatologie (IRPT) organise des formations EMDR reconnues tant en allemand<\/p>\n","protected":false},"author":1,"featured_media":0,"parent":0,"menu_order":0,"comment_status":"closed","ping_status":"closed","template":"","meta":{"footnotes":""},"class_list":["post-2350","page","type-page","status-publish","hentry"],"_links":{"self":[{"href":"https:\/\/emdr-ch.org\/fr\/wp-json\/wp\/v2\/pages\/2350","targetHints":{"allow":["GET"]}}],"collection":[{"href":"https:\/\/emdr-ch.org\/fr\/wp-json\/wp\/v2\/pages"}],"about":[{"href":"https:\/\/emdr-ch.org\/fr\/wp-json\/wp\/v2\/types\/page"}],"author":[{"embeddable":true,"href":"https:\/\/emdr-ch.org\/fr\/wp-json\/wp\/v2\/users\/1"}],"replies":[{"embeddable":true,"href":"https:\/\/emdr-ch.org\/fr\/wp-json\/wp\/v2\/comments?post=2350"}],"version-history":[{"count":6,"href":"https:\/\/emdr-ch.org\/fr\/wp-json\/wp\/v2\/pages\/2350\/revisions"}],"predecessor-version":[{"id":4483,"href":"https:\/\/emdr-ch.org\/fr\/wp-json\/wp\/v2\/pages\/2350\/revisions\/4483"}],"wp:attachment":[{"href":"https:\/\/emdr-ch.org\/fr\/wp-json\/wp\/v2\/media?parent=2350"}],"curies":[{"name":"wp","href":"https:\/\/api.w.org\/{rel}","templated":true}]}}