{"id":2379,"date":"2020-12-24T08:42:01","date_gmt":"2020-12-24T07:42:01","guid":{"rendered":"https:\/\/emdr-ch.org\/personzentrierte-und-experientielle-psychotherapie\/"},"modified":"2020-12-24T11:20:29","modified_gmt":"2020-12-24T10:20:29","slug":"psychotherapie-experimentale","status":"publish","type":"page","link":"https:\/\/emdr-ch.org\/fr\/psychotherapie-experimentale\/","title":{"rendered":"Psychoth\u00e9rapie exp\u00e9rimentale"},"content":{"rendered":"<div class=\"wpb-content-wrapper\"><p>[vc_row][vc_column width=\u00a0\u00bb1\/4&Prime; css=\u00a0\u00bb.vc_custom_1578411583577{margin-top: 50px !important;}\u00a0\u00bb][vc_wp_custommenu nav_menu=\u00a0\u00bb71&Prime;][\/vc_column][vc_column width=\u00a0\u00bb3\/4&Prime;][vc_column_text]<\/p>\n<h3>Psychoth\u00e9rapie exp\u00e9rimentale, psychoth\u00e9rapie individuelle<\/h3>\n<p>[\/vc_column_text][vc_empty_space][vc_column_text]<a href=\"http:\/\/www.pfs-online.at\/\" target=\"_blank\" rel=\"noopener noreferrer\">Peter F. Schmid<\/a><\/p>\n<p><a href=\"http:\/\/www.pce-europe.org\/\" target=\"_blank\" rel=\"noopener noreferrer\">NEAPCEPC<\/a><\/p>\n<p><a href=\"http:\/\/www.pce-world.org\/\" target=\"_blank\" rel=\"noopener noreferrer\">WAPCEPC<\/a><br \/>\n[\/vc_column_text][\/vc_column][\/vc_row]<\/p>\n<\/div>","protected":false},"excerpt":{"rendered":"<p>[vc_row][vc_column width=\u00a0\u00bb1\/4&Prime; css=\u00a0\u00bb.vc_custom_1578411583577{margin-top: 50px !important;}\u00a0\u00bb][vc_wp_custommenu nav_menu=\u00a0\u00bb71&Prime;][\/vc_column][vc_column width=\u00a0\u00bb3\/4&Prime;][vc_column_text] Psychoth\u00e9rapie exp\u00e9rimentale, psychoth\u00e9rapie individuelle [\/vc_column_text][vc_empty_space][vc_column_text]Peter F. Schmid NEAPCEPC WAPCEPC [\/vc_column_text][\/vc_column][\/vc_row]<\/p>\n","protected":false},"author":1,"featured_media":0,"parent":0,"menu_order":0,"comment_status":"closed","ping_status":"closed","template":"","meta":{"footnotes":""},"class_list":["post-2379","page","type-page","status-publish","hentry"],"_links":{"self":[{"href":"https:\/\/emdr-ch.org\/fr\/wp-json\/wp\/v2\/pages\/2379","targetHints":{"allow":["GET"]}}],"collection":[{"href":"https:\/\/emdr-ch.org\/fr\/wp-json\/wp\/v2\/pages"}],"about":[{"href":"https:\/\/emdr-ch.org\/fr\/wp-json\/wp\/v2\/types\/page"}],"author":[{"embeddable":true,"href":"https:\/\/emdr-ch.org\/fr\/wp-json\/wp\/v2\/users\/1"}],"replies":[{"embeddable":true,"href":"https:\/\/emdr-ch.org\/fr\/wp-json\/wp\/v2\/comments?post=2379"}],"version-history":[{"count":3,"href":"https:\/\/emdr-ch.org\/fr\/wp-json\/wp\/v2\/pages\/2379\/revisions"}],"predecessor-version":[{"id":2418,"href":"https:\/\/emdr-ch.org\/fr\/wp-json\/wp\/v2\/pages\/2379\/revisions\/2418"}],"wp:attachment":[{"href":"https:\/\/emdr-ch.org\/fr\/wp-json\/wp\/v2\/media?parent=2379"}],"curies":[{"name":"wp","href":"https:\/\/api.w.org\/{rel}","templated":true}]}}