{"id":2386,"date":"2020-12-24T08:43:51","date_gmt":"2020-12-24T07:43:51","guid":{"rendered":"https:\/\/emdr-ch.org\/psychotraumatologie-2\/"},"modified":"2026-02-05T16:52:44","modified_gmt":"2026-02-05T15:52:44","slug":"psychotraumatologie-liens","status":"publish","type":"page","link":"https:\/\/emdr-ch.org\/fr\/psychotraumatologie-liens\/","title":{"rendered":"Psychotraumatologie"},"content":{"rendered":"<div class=\"wpb-content-wrapper\"><p>[vc_row][vc_column width=\u00a0\u00bb1\/4&Prime; css=\u00a0\u00bb.vc_custom_1578411583577{margin-top: 50px !important;}\u00a0\u00bb][vc_wp_custommenu nav_menu=\u00a0\u00bb71&Prime;][\/vc_column][vc_column width=\u00a0\u00bb3\/4&Prime;][vc_column_text]<\/p>\n<h3>Psychotraumatologie<\/h3>\n<p>[\/vc_column_text][vc_empty_space][vc_column_text]<\/p>\n<div class=\"ce_text block\">\n<h3>Associations professionnelles<\/h3>\n<ul>\n<li><a href=\"http:\/\/degpt.de\/\" target=\"_blank\" rel=\"noopener noreferrer\">DeGPT<\/a><\/li>\n<\/ul>\n<ul>\n<li><a href=\"http:\/\/www.estss.org\/\" target=\"_blank\" rel=\"noopener noreferrer\">ESTSS<\/a><\/li>\n<\/ul>\n<ul>\n<li><a href=\"http:\/\/www.istss.org\/\" target=\"_blank\" rel=\"noopener noreferrer\">ISTSS<\/a><\/li>\n<\/ul>\n<ul>\n<li><a href=\"http:\/\/www.issd.org\/\" target=\"_blank\" rel=\"noopener noreferrer\">ISSD<\/a><\/li>\n<\/ul>\n<ul>\n<li><a href=\"http:\/\/www.dissoc.de\/issd.html\" target=\"_blank\" rel=\"noopener noreferrer\">Deutsche Sektion der ISSD<\/a><\/li>\n<\/ul>\n<ul>\n<li><a href=\"http:\/\/www.estd.org\/\" target=\"_blank\" rel=\"noopener noreferrer\">European Society for Trauma und Dissociation<br \/>\n<\/a>Psychotraumatologie: Associations professionnelles Pas encore en francais, mais \u00e0 d\u00e9couvrir tout de m\u00eame, le site de la toute r\u00e9cente European Society for Trauma and Dissociation<\/li>\n<\/ul>\n<ul>\n<li><a href=\"http:\/\/www.ssptsuisse.ch\/\" target=\"_blank\" rel=\"noopener noreferrer\">Soci\u00e9t\u00e9 Suisse de Psychotraumatologie<\/a><br \/>\nSocie\u00e9t\u00e9 Suisse de Psychotraumatologie, qui regroupe des sp\u00e9cialistes romands de la branche<\/li>\n<\/ul>\n<\/div>\n<div class=\"ce_text block\">\n<h3>Instituts, institutions, centres de psychotraumatologie<\/h3>\n<ul>\n<li><a href=\"http:\/\/www.zentrum-psychotrauma.de\/\" target=\"_blank\" rel=\"noopener noreferrer\">Zentrum f\u00fcr Psychotraumatologie und Traumazentrierte Psychotherapie Niedersachsen ZPTN<\/a><\/li>\n<\/ul>\n<ul>\n<li><a href=\"http:\/\/www.zfpt.de\/\" target=\"_blank\" rel=\"noopener noreferrer\">Zentrum f\u00fcr Psychotraumatologie Frankfurt<\/a><\/li>\n<\/ul>\n<ul>\n<li><a href=\"http:\/\/www.fifap.de\/\" target=\"_blank\" rel=\"noopener noreferrer\">Fachinstitut f\u00fcr Angewandte Psychotraumatologie, M\u00fcnster(D)<\/a><\/li>\n<\/ul>\n<ul>\n<li><a href=\"http:\/\/www.psychotraumazentrum-kassel.de\/\" target=\"_blank\" rel=\"noopener noreferrer\">Zentrum f\u00fcr Psychotraumatologie e.V., Kassel (D)<\/a><\/li>\n<\/ul>\n<ul>\n<li><a href=\"http:\/\/www.traumaforum-berlin.de\/\" target=\"_blank\" rel=\"noopener noreferrer\">Traumaforum Berlin, (D)<\/a><\/li>\n<\/ul>\n<ul>\n<li><a href=\"http:\/\/www.zap-wien.at\/\" target=\"_blank\" rel=\"noopener noreferrer\">Zentrum f\u00fcr angewandte Psychotraumatologie, Wien (A)<\/a><\/li>\n<\/ul>\n<ul>\n<li><a href=\"http:\/\/www.michaela-huber.com\/\" target=\"_blank\" rel=\"noopener noreferrer\">Michaela Huber<\/a><\/li>\n<\/ul>\n<ul>\n<li><a href=\"http:\/\/www.luise-reddemann.info\/\" target=\"_blank\" rel=\"noopener noreferrer\">Luise Reddemann<\/a><\/li>\n<\/ul>\n<ul>\n<li><a href=\"http:\/\/www.psychotraumatology-institute-europe.com\/\" target=\"_blank\" rel=\"noopener noreferrer\">Psychotraumatology Institute Europe PIE<\/a><\/li>\n<\/ul>\n<\/div>\n<div class=\"ce_text block\">\n<h3>Autres liens<\/h3>\n<ul>\n<li><a href=\"http:\/\/www.trauma-pages.com\/\" target=\"_blank\" rel=\"noopener noreferrer\">Baldwins Traumapages<\/a><\/li>\n<\/ul>\n<ul>\n<li><a href=\"http:\/\/www.ncptsd.va.gov\/\" target=\"_blank\" rel=\"noopener noreferrer\">The PILOTS Database<\/a><\/li>\n<\/ul>\n<ul>\n<li><a href=\"http:\/\/www.jimhopper.com\/memory\" target=\"_blank\" rel=\"noopener noreferrer\">Jim Hopper<\/a><\/li>\n<\/ul>\n<ul>\n<li><a href=\"http:\/\/www.childtrauma.com\/\" target=\"_blank\" rel=\"noopener noreferrer\">Ricky Greenwald<\/a><\/li>\n<\/ul>\n<ul>\n<li><a href=\"http:\/\/www.fifap.de\/\" target=\"_blank\" rel=\"noopener noreferrer\">Fachinstitut f\u00fcr Angewandte Psychotraumatologie<\/a><\/li>\n<\/ul>\n<ul>\n<li><a href=\"https:\/\/www.nctsn.org\">The National Child Trauma Stress Network<\/a><\/li>\n<\/ul>\n<\/div>\n<p>[\/vc_column_text][\/vc_column][\/vc_row]<\/p>\n<\/div>","protected":false},"excerpt":{"rendered":"<p>[vc_row][vc_column width=\u00a0\u00bb1\/4&Prime; css=\u00a0\u00bb.vc_custom_1578411583577{margin-top: 50px !important;}\u00a0\u00bb][vc_wp_custommenu nav_menu=\u00a0\u00bb71&Prime;][\/vc_column][vc_column width=\u00a0\u00bb3\/4&Prime;][vc_column_text] Psychotraumatologie [\/vc_column_text][vc_empty_space][vc_column_text] Associations professionnelles DeGPT ESTSS ISTSS ISSD Deutsche Sektion der ISSD European Society for Trauma und Dissociation Psychotraumatologie: Associations professionnelles Pas encore en francais, mais \u00e0 d\u00e9couvrir tout de m\u00eame, le site de la toute r\u00e9cente European Society for Trauma and Dissociation Soci\u00e9t\u00e9 Suisse de Psychotraumatologie Socie\u00e9t\u00e9<\/p>\n","protected":false},"author":1,"featured_media":0,"parent":0,"menu_order":0,"comment_status":"closed","ping_status":"closed","template":"","meta":{"footnotes":""},"class_list":["post-2386","page","type-page","status-publish","hentry"],"_links":{"self":[{"href":"https:\/\/emdr-ch.org\/fr\/wp-json\/wp\/v2\/pages\/2386","targetHints":{"allow":["GET"]}}],"collection":[{"href":"https:\/\/emdr-ch.org\/fr\/wp-json\/wp\/v2\/pages"}],"about":[{"href":"https:\/\/emdr-ch.org\/fr\/wp-json\/wp\/v2\/types\/page"}],"author":[{"embeddable":true,"href":"https:\/\/emdr-ch.org\/fr\/wp-json\/wp\/v2\/users\/1"}],"replies":[{"embeddable":true,"href":"https:\/\/emdr-ch.org\/fr\/wp-json\/wp\/v2\/comments?post=2386"}],"version-history":[{"count":5,"href":"https:\/\/emdr-ch.org\/fr\/wp-json\/wp\/v2\/pages\/2386\/revisions"}],"predecessor-version":[{"id":5479,"href":"https:\/\/emdr-ch.org\/fr\/wp-json\/wp\/v2\/pages\/2386\/revisions\/5479"}],"wp:attachment":[{"href":"https:\/\/emdr-ch.org\/fr\/wp-json\/wp\/v2\/media?parent=2386"}],"curies":[{"name":"wp","href":"https:\/\/api.w.org\/{rel}","templated":true}]}}