{"id":2393,"date":"2020-12-24T08:47:30","date_gmt":"2020-12-24T07:47:30","guid":{"rendered":"https:\/\/emdr-ch.org\/weitere-links\/"},"modified":"2020-12-24T11:31:43","modified_gmt":"2020-12-24T10:31:43","slug":"autres-liens","status":"publish","type":"page","link":"https:\/\/emdr-ch.org\/fr\/autres-liens\/","title":{"rendered":"Autres liens"},"content":{"rendered":"<div class=\"wpb-content-wrapper\"><p>[vc_row][vc_column width=\u00a0\u00bb1\/4&Prime; css=\u00a0\u00bb.vc_custom_1578411583577{margin-top: 50px !important;}\u00a0\u00bb][vc_wp_custommenu nav_menu=\u00a0\u00bb71&Prime;][\/vc_column][vc_column width=\u00a0\u00bb3\/4&Prime;][vc_column_text]<\/p>\n<h3>Autres liens<\/h3>\n<p>[\/vc_column_text][vc_empty_space][vc_column_text]Traumhaus Bielefeld<\/p>\n<p>EMDRRevue<br \/>\nEMDRRevue, la premi\u00e8re revue internet francophone consacr\u00e9e \u00e0 la th\u00e9rapie EMDR.<\/p>\n<p>Agenda PSY<br \/>\nAgenda PSY, portail francophone de formation en psychoth\u00e9rapie, mentionne les formations EMDR en Suisse, en France et en Belgique.<\/p>\n<p>Francine Shapiro biblioth\u00e8que<\/p>\n<p>The Journal of EMDR Practice and Research<br \/>\n[\/vc_column_text][\/vc_column][\/vc_row]<\/p>\n<\/div>","protected":false},"excerpt":{"rendered":"<p>[vc_row][vc_column width=\u00a0\u00bb1\/4&Prime; css=\u00a0\u00bb.vc_custom_1578411583577{margin-top: 50px !important;}\u00a0\u00bb][vc_wp_custommenu nav_menu=\u00a0\u00bb71&Prime;][\/vc_column][vc_column width=\u00a0\u00bb3\/4&Prime;][vc_column_text] Autres liens [\/vc_column_text][vc_empty_space][vc_column_text]Traumhaus Bielefeld EMDRRevue EMDRRevue, la premi\u00e8re revue internet francophone consacr\u00e9e \u00e0 la th\u00e9rapie EMDR. Agenda PSY Agenda PSY, portail francophone de formation en psychoth\u00e9rapie, mentionne les formations EMDR en Suisse, en France et en Belgique. Francine Shapiro biblioth\u00e8que The Journal of EMDR Practice and Research [\/vc_column_text][\/vc_column][\/vc_row]<\/p>\n","protected":false},"author":1,"featured_media":0,"parent":0,"menu_order":0,"comment_status":"closed","ping_status":"closed","template":"","meta":{"footnotes":""},"class_list":["post-2393","page","type-page","status-publish","hentry"],"_links":{"self":[{"href":"https:\/\/emdr-ch.org\/fr\/wp-json\/wp\/v2\/pages\/2393","targetHints":{"allow":["GET"]}}],"collection":[{"href":"https:\/\/emdr-ch.org\/fr\/wp-json\/wp\/v2\/pages"}],"about":[{"href":"https:\/\/emdr-ch.org\/fr\/wp-json\/wp\/v2\/types\/page"}],"author":[{"embeddable":true,"href":"https:\/\/emdr-ch.org\/fr\/wp-json\/wp\/v2\/users\/1"}],"replies":[{"embeddable":true,"href":"https:\/\/emdr-ch.org\/fr\/wp-json\/wp\/v2\/comments?post=2393"}],"version-history":[{"count":2,"href":"https:\/\/emdr-ch.org\/fr\/wp-json\/wp\/v2\/pages\/2393\/revisions"}],"predecessor-version":[{"id":2423,"href":"https:\/\/emdr-ch.org\/fr\/wp-json\/wp\/v2\/pages\/2393\/revisions\/2423"}],"wp:attachment":[{"href":"https:\/\/emdr-ch.org\/fr\/wp-json\/wp\/v2\/media?parent=2393"}],"curies":[{"name":"wp","href":"https:\/\/api.w.org\/{rel}","templated":true}]}}