{"id":3911,"date":"2023-08-29T13:38:45","date_gmt":"2023-08-29T11:38:45","guid":{"rendered":"https:\/\/emdr-ch.org\/?page_id=3911"},"modified":"2025-03-20T21:17:14","modified_gmt":"2025-03-20T20:17:14","slug":"praticien-emdr-double-certification","status":"publish","type":"page","link":"https:\/\/emdr-ch.org\/fr\/praticien-emdr-double-certification\/","title":{"rendered":"praticien\/ne EMDR double certification"},"content":{"rendered":"<div class=\"wpb-content-wrapper\"><p>[vc_row][vc_column width=\u00a0\u00bb1\/4&Prime; css=\u00a0\u00bb.vc_custom_1560436863964{margin-top: 50px !important;}\u00a0\u00bb][vc_wp_custommenu nav_menu=\u00a0\u00bb20&Prime;][\/vc_column][vc_column width=\u00a0\u00bb3\/4&Prime;][vc_column_text]<\/p>\n<h3><strong>DOUBLE ACCR\u00c9DITATION :<\/strong> Certificat praticien\/ne EMDR (EMDR Practitioner) et certificat praticien\/ne EMDR Europe enfants &amp; adolescents (EMDR Child &amp; adolescent practitioner)<\/h3>\n<p><strong>Veuillez v\u00e9rifier que le formateur\/la formatrice est reconnu par EMDR Europe au moment de la formation.<\/strong><\/p>\n<p><strong>Conditions pour l\u2019obtention du certificat de praticien\/ne EMDR (EMDR Practitioner) et du certificat praticien\/ne EMDR Europe enfants &amp; adolescents (EMDR Child &amp; adolescent practitioner)<\/strong><\/p>\n<ul>\n<li>La personne candidate fournit une preuve de sa capacit\u00e9 \u00e0 exercer la psychoth\u00e9rapie conform\u00e9ment aux dispositions l\u00e9gales en vigueur.<\/li>\n<li>La personne candidate a suivi au moins deux niveaux de formation pour adultes (niveau I et II) aupr\u00e8s d\u2019instituts de formation reconnus par EMDR Europe.<\/li>\n<li>La personne candidate fournit un certificat de formation compl\u00e9mentaire \u00ab EMDR enfants et adolescents \u00bb qu\u2019il\/elle a enti\u00e8rement accompli.<\/li>\n<li>La personne candidate a une exp\u00e9rience d\u2019au moins deux ans dans le domaine de la psychoth\u00e9rapie.<br \/>\nLa personne candidate a effectu\u00e9 au moins 50 heures (\u00e0 60 min.) de s\u00e9ances EMDR avec au moins 25 clients (conform\u00e9ment au formulaire d\u2019auto-d\u00e9claration). Sur ces 25 cas au minimum \u00e0 pr\u00e9senter, au moins 8 doivent \u00eatre r\u00e9alis\u00e9s avec des clients adultes et 8 avec des enfants et adolescents.<\/li>\n<li>La personne candidate atteste d\u2019au moins 20 heures (\u00e0 60 min.) de supervision EMDR individuelle ou en groupe aupr\u00e8s d\u2019un\/une superviseur\/superviseuse reconnu\/e par EMDR Europe, dont au moins 8 heures de supervision aupr\u00e8s d\u2019un\/une superviseur\/superviseuse EMDR pour enfants et adolescents reconnu\/e par EMDR Europe.<\/li>\n<li>Deux r\u00e9f\u00e9rences sont \u00e0 fournir, l\u2019une d\u2019un superviseur\/une superviseuse pour enfants &amp; adolescents reconnu\/e par EMDR Europe (par exemple sur le formulaire d\u2019\u00e9valuation des comp\u00e9tences), la deuxi\u00e8me d\u2019une personne apte \u00e0 \u00e9valuer la pratique professionnelle et la r\u00e9putation du\/de la candidate.<\/li>\n<li>Les superviseurs\/superviseuses EMDR pour adultes et pour enfants et adolescents qui examinent la demande doivent avoir pu observer directement le travail EMDR de la personne candidate par l\u2019utilisation de 3 vid\u00e9os :<br \/>\n(1 vid\u00e9o avec un adulte, 1 vid\u00e9o avec un enfant jusqu\u2019\u00e0 8 ans inclus et 1 vid\u00e9o avec un enfant de plus de 8 ans) et le confirment par \u00e9crit sur le formulaire d\u2019\u00e9valuation des comp\u00e9tences.<\/li>\n<li>La personne candidate est membre de l\u2019association nationale EMDR Suisse.<\/li>\n<li>La personne candidate soumet deux formulaires d\u2019\u00e9valuation des comp\u00e9tences d\u00fbment remplis, l\u2019un sign\u00e9 par un\/une superviseur\/superviseuse pour adultes, l\u2019autre par un\/une superviseur\/superviseuse pour enfants &amp; adolescents et reconnus\/es par EMDR Europe.<\/li>\n<\/ul>\n<p>Le certificat est valable pour une dur\u00e9e de 5 ans et peut \u00eatre renouvel\u00e9 (<a href=\"https:\/\/emdr-ch.org\/fr\/ri-accreditamento-emdr-practitioner\/\">conditions de r\u00e9-accr\u00e9ditation).<\/a><\/p>\n<p>Les frais pour la double accr\u00e9ditation s\u2019\u00e9l\u00e8vent \u00e0 CHF 90.-. Si vous \u00eates d\u00e9j\u00e0 en possession du certificat de praticien\/ne EMDR pour adultes (EMDR Practitioner), les frais d\u2019accr\u00e9ditation pour le deuxi\u00e8me titre sont dans ce cas supprim\u00e9s. Les frais pour la r\u00e9-accr\u00e9ditation sont de CHF 70.-.<\/p>\n<p><a href=\"https:\/\/emdr-ch.org\/wp-content\/uploads\/2025\/03\/2025-03_Mindestanforderungen_EMDR-Europe-Practitioner-Doppel_FR.pdf\">formulaire de demande d\u2019obtention du certificat praticien\/ne EMDR et praticien\/ne EMDR Europe enfants &amp; adolescents<\/a><br \/>\n<a href=\"https:\/\/emdr-ch.org\/wp-content\/uploads\/2024\/04\/2024-04_Selbstdeklaration_EMDR-Europe-Practitioner-Doppel_FR.docx\">formulaire \u00e9lectronique d\u2019autod\u00e9claration<\/a><br \/>\n<a href=\"https:\/\/emdr-ch.org\/wp-content\/uploads\/2024\/04\/2024-04_EMDR-Kompetenzrahmen_FR.pdf\" target=\"_blank\" rel=\"noopener noreferrer\">formulaire d&rsquo;evaluation des comp\u00e9tences du praticien\/de la praticienne EMDR (pour superviseurs\/superviseuses)<\/a><br \/>\n<a href=\"https:\/\/emdr-ch.org\/wp-content\/uploads\/2019\/12\/Cadre_daccreditation_praticien_EMDR_Europe_Enfant_Adolescents.pdf\">formulaire d&rsquo;evaluation des comp\u00e9tences du praticien\/de la praticienne EMDR enfants &amp; adolescents\u00a0(pour superviseurs\/superviseuses)<\/a><\/p>\n<p>valable \u00e0 partir du 20.03.2025<br \/>\n[\/vc_column_text][\/vc_column][\/vc_row]<\/p>\n<\/div>","protected":false},"excerpt":{"rendered":"<p>[vc_row][vc_column width=\u00a0\u00bb1\/4&Prime; css=\u00a0\u00bb.vc_custom_1560436863964{margin-top: 50px !important;}\u00a0\u00bb][vc_wp_custommenu nav_menu=\u00a0\u00bb20&Prime;][\/vc_column][vc_column width=\u00a0\u00bb3\/4&Prime;][vc_column_text] DOUBLE ACCR\u00c9DITATION : Certificat praticien\/ne EMDR (EMDR Practitioner) et certificat praticien\/ne EMDR Europe enfants &amp; adolescents (EMDR Child &amp; adolescent practitioner) Veuillez v\u00e9rifier que le formateur\/la formatrice est reconnu par EMDR Europe au moment de la formation. Conditions pour l\u2019obtention du certificat de praticien\/ne EMDR (EMDR Practitioner) et<\/p>\n","protected":false},"author":1,"featured_media":0,"parent":0,"menu_order":0,"comment_status":"closed","ping_status":"closed","template":"","meta":{"footnotes":""},"class_list":["post-3911","page","type-page","status-publish","hentry"],"_links":{"self":[{"href":"https:\/\/emdr-ch.org\/fr\/wp-json\/wp\/v2\/pages\/3911","targetHints":{"allow":["GET"]}}],"collection":[{"href":"https:\/\/emdr-ch.org\/fr\/wp-json\/wp\/v2\/pages"}],"about":[{"href":"https:\/\/emdr-ch.org\/fr\/wp-json\/wp\/v2\/types\/page"}],"author":[{"embeddable":true,"href":"https:\/\/emdr-ch.org\/fr\/wp-json\/wp\/v2\/users\/1"}],"replies":[{"embeddable":true,"href":"https:\/\/emdr-ch.org\/fr\/wp-json\/wp\/v2\/comments?post=3911"}],"version-history":[{"count":19,"href":"https:\/\/emdr-ch.org\/fr\/wp-json\/wp\/v2\/pages\/3911\/revisions"}],"predecessor-version":[{"id":4882,"href":"https:\/\/emdr-ch.org\/fr\/wp-json\/wp\/v2\/pages\/3911\/revisions\/4882"}],"wp:attachment":[{"href":"https:\/\/emdr-ch.org\/fr\/wp-json\/wp\/v2\/media?parent=3911"}],"curies":[{"name":"wp","href":"https:\/\/api.w.org\/{rel}","templated":true}]}}