{"id":662,"date":"2019-05-27T08:32:48","date_gmt":"2019-05-27T06:32:48","guid":{"rendered":"http:\/\/emdr-ch.org\/associazione-professionale-emdr-svizzera\/"},"modified":"2025-12-14T20:12:44","modified_gmt":"2025-12-14T19:12:44","slug":"association-emdr-suisse","status":"publish","type":"page","link":"https:\/\/emdr-ch.org\/fr\/association-emdr-suisse\/","title":{"rendered":"Association EMDR Suisse"},"content":{"rendered":"<div class=\"wpb-content-wrapper\"><p>[vc_row][vc_column width=\u00a0\u00bb1\/4&Prime; css=\u00a0\u00bb.vc_custom_1560437378735{margin-top: 50px !important;}\u00a0\u00bb][vc_wp_custommenu nav_menu=\u00a0\u00bb21&Prime;][\/vc_column][vc_column width=\u00a0\u00bb3\/4&Prime;][vc_column_text]<\/p>\n<h3>Association EMDR Suisse<\/h3>\n<p>EMDR Suisse s&rsquo;engage notamment en faveur de la standardisation et de l&rsquo;assurance-qualit\u00e9 de la m\u00e9thode EMDR en Suisse (statuts) conform\u00e9ment aux exigences des organisations internationales EMDR Europe (association europ\u00e9enne) et EMDRIA (association am\u00e9ricaine). L&rsquo;association EMDR Suisse a \u00e9t\u00e9 fond\u00e9e le 29 septembre 1998 \u00e0 Zurich par les membres suisses d&rsquo;EMDRIA.<\/p>\n<p>EMDR Suisse entend promouvoir le d\u00e9veloppement, la recherche et l&rsquo;application de la m\u00e9thode EMDR ainsi que la mise en contact, sur le plan national et international, des diff\u00e9rentes disciplines et institutions.<\/p>\n<p><strong>Seul votre engagement nous permettra de r\u00e9aliser ce projet!<\/strong><\/p>\n<p>C&rsquo;est pourquoi nous vous invitons \u00e0 soutenir EMDR Suisse:<\/p>\n<ul>\n<li>en qualit\u00e9 de membre<\/li>\n<li>en participant \u00e0 son essor par votre collaboration active<\/li>\n<li>en aidant \u00e0 sa reconnaissance par vos comp\u00e9tences professionnelles<\/li>\n<\/ul>\n<p>Peuvent \u00eatre membres de l&rsquo;association des personnes physiques ayant accompli avec succ\u00e8s au moins un s\u00e9minaire d&rsquo;introduction niveau I reconnu par EMDR Europe. Pour des informations concernant l&rsquo;adh\u00e9sion \u00e0 EMDR Suisse, adressez-vous au secr\u00e9tariat. Vous pouvez aussi vous <a href=\"https:\/\/emdr-ch.org\/fr\/registrazione\/\">inscrire directement en ligne<\/a>.<\/p>\n<p><span lang=\"FR-CH\">\u00c0 partir de 2026, la cotisation s&rsquo;\u00e9l\u00e8vera \u00e0 150 CHF par ann\u00e9e civile. Pour les membres des deux organisations, EMDR Suisse ainsi qu\u2019EMDR Italie et domicili\u00e9s dans le canton du Tessin, la cotisation pour EMDR Suisse s&rsquo;\u00e9l\u00e8vera \u00e0 partir de 2026 \u00e0 CHF 70.- (virement \u00e0 EMDR Suisse) et \u00e0 \u20ac 80 pour EMDR Italie (virement directement \u00e0 EMDR Italie). En adh\u00e9rant \u00e0 EMDR Suisse, vous devenez automatiquement membre d&rsquo;EMDR Europe (association europ\u00e9enne).<\/span><\/p>\n<h3>Standardisation et assurance-qualit\u00e9<\/h3>\n<p><strong>Remarques sur la standardisation et l&rsquo;assurance-qualit\u00e9 d&rsquo;EMDR (Eye Movement Desensitization and Reprocessing) en tant que m\u00e9thode psychoth\u00e9rapeutique.<\/strong><\/p>\n<p>Les membres d&rsquo;EMDR Suisse sont des psychoth\u00e9rapeutes qui ont suivi une formation en EMDR agr\u00e9\u00e9e par EMDR Europe, conform\u00e9ment aux exigences de qualit\u00e9 d&rsquo;EMDR Europe, l&rsquo;organisation europ\u00e9enne ind\u00e9pendante qui r\u00e8gle les standards de la formation continue EMDR.<\/p>\n<p>Les \u00e9l\u00e9ments de base correspondants sont :<\/p>\n<ol>\n<li>S\u00e9minaire d&rsquo;introduction (niveau I) avec pour but: les bases th\u00e9oriques d&rsquo;EMDR, les mesures de pr\u00e9caution pour la protection du patient ainsi que les bases de l&rsquo;application de la m\u00e9thode dans le d\u00e9tail. Degr\u00e9 de difficult\u00e9 de traitement: troubles de l&rsquo;adaptation, traumatismes de type I ainsi que phobies simples.<\/li>\n<li>S\u00e9minaire avanc\u00e9 (niveau II) avec pour but: une forme plus active d&rsquo;EMDR qui est particuli\u00e8rement n\u00e9cessaire pour des groupes de patients relevant de la psychotraumatologie sp\u00e9ciale. Degr\u00e9 de difficult\u00e9 de traitement: traumas complexes\/polytraumatismes (traumatismes de type II), troubles dissociatifs, troubles de la personnalit\u00e9, ainsi que domaines sp\u00e9cifiques.<\/li>\n<li>Domaines sp\u00e9cifiques (formations sp\u00e9cifiques)<\/li>\n<\/ol>\n<h3>D\u00e9veloppement international<\/h3>\n<p>EMDRIA (EMDR International Association) est le nom de l&rsquo;organisation internationale d&rsquo;EMDR fond\u00e9e en 1995 aux \u00c9tats-Unis. Elle a pour but de maintenir et de promouvoir les standards de formation et la recherche au-del\u00e0 de l&rsquo;Institut EMDR du Dr Francine Shapiro (Pacific Grove\/Californie).<\/p>\n<p>EMDRIA et EMDR Europe ont d\u00e9velopp\u00e9 des standards internationaux pour la m\u00e9thode EMDR et sa formation et ont contribu\u00e9 \u00e0 ce que la m\u00e9thode soit entretemps enseign\u00e9e par des formatrices et formateurs qualifi\u00e9s dans des institutions de formation reconnues. Pour les pays europ\u00e9ens, EMDR Europe, l&rsquo;antenne europ\u00e9enne d&rsquo;EMDRIA, est en train d&rsquo;\u00e9laborer un programme de formation harmonis\u00e9 pour l&rsquo;EMDR.<\/p>\n<p>L&rsquo;assurance-qualit\u00e9 concernant la m\u00e9thode EMDR est consid\u00e9r\u00e9e sur le plan international comme d&rsquo;autant plus importante qu&rsquo;un nombre croissant de m\u00e9thodes de \u00ab\u00a0mouvements des yeux\u00a0\u00bb est enseign\u00e9 dans des contextes en grande partie probl\u00e9matiques, pour \u00eatre ensuite propos\u00e9 \u00e0 des personnes qui demandent de l&rsquo;aide.[\/vc_column_text][\/vc_column][\/vc_row]<\/p>\n<\/div>","protected":false},"excerpt":{"rendered":"<p>[vc_row][vc_column width=\u00a0\u00bb1\/4&Prime; css=\u00a0\u00bb.vc_custom_1560437378735{margin-top: 50px !important;}\u00a0\u00bb][vc_wp_custommenu nav_menu=\u00a0\u00bb21&Prime;][\/vc_column][vc_column width=\u00a0\u00bb3\/4&Prime;][vc_column_text] Association EMDR Suisse EMDR Suisse s&rsquo;engage notamment en faveur de la standardisation et de l&rsquo;assurance-qualit\u00e9 de la m\u00e9thode EMDR en Suisse (statuts) conform\u00e9ment aux exigences des organisations internationales EMDR Europe (association europ\u00e9enne) et EMDRIA (association am\u00e9ricaine). L&rsquo;association EMDR Suisse a \u00e9t\u00e9 fond\u00e9e le 29 septembre 1998 \u00e0 Zurich<\/p>\n","protected":false},"author":1,"featured_media":0,"parent":0,"menu_order":0,"comment_status":"closed","ping_status":"closed","template":"","meta":{"footnotes":""},"class_list":["post-662","page","type-page","status-publish","hentry"],"_links":{"self":[{"href":"https:\/\/emdr-ch.org\/fr\/wp-json\/wp\/v2\/pages\/662","targetHints":{"allow":["GET"]}}],"collection":[{"href":"https:\/\/emdr-ch.org\/fr\/wp-json\/wp\/v2\/pages"}],"about":[{"href":"https:\/\/emdr-ch.org\/fr\/wp-json\/wp\/v2\/types\/page"}],"author":[{"embeddable":true,"href":"https:\/\/emdr-ch.org\/fr\/wp-json\/wp\/v2\/users\/1"}],"replies":[{"embeddable":true,"href":"https:\/\/emdr-ch.org\/fr\/wp-json\/wp\/v2\/comments?post=662"}],"version-history":[{"count":10,"href":"https:\/\/emdr-ch.org\/fr\/wp-json\/wp\/v2\/pages\/662\/revisions"}],"predecessor-version":[{"id":5326,"href":"https:\/\/emdr-ch.org\/fr\/wp-json\/wp\/v2\/pages\/662\/revisions\/5326"}],"wp:attachment":[{"href":"https:\/\/emdr-ch.org\/fr\/wp-json\/wp\/v2\/media?parent=662"}],"curies":[{"name":"wp","href":"https:\/\/api.w.org\/{rel}","templated":true}]}}