{"id":675,"date":"2019-05-27T10:10:43","date_gmt":"2019-05-27T08:10:43","guid":{"rendered":"http:\/\/emdr-ch.org\/formazione-emdr\/"},"modified":"2024-11-29T11:09:10","modified_gmt":"2024-11-29T10:09:10","slug":"formation-emdr","status":"publish","type":"page","link":"https:\/\/emdr-ch.org\/fr\/formation-emdr\/","title":{"rendered":"formation"},"content":{"rendered":"<div class=\"wpb-content-wrapper\"><p>[vc_row][vc_column width=\u00a0\u00bb1\/4&Prime; css=\u00a0\u00bb.vc_custom_1560436694170{margin-top: 50px !important;}\u00a0\u00bb][vc_wp_custommenu nav_menu=\u00a0\u00bb20&Prime;][\/vc_column][vc_column width=\u00a0\u00bb3\/4&Prime;][vc_column_text]<\/p>\n<h3>Formation EMDR<\/h3>\n<div>Fiche d&rsquo;information :\u00a0<a href=\"https:\/\/emdr-ch.org\/wp-content\/uploads\/2022\/02\/EMDR-Europe-Accredited-Training-FR.pdf\">Informations utiles sur les formations accr\u00e9dit\u00e9es par EMDR Europe<\/a><\/div>\n<div><strong>Conditions d&rsquo;admission<\/strong><\/div>\n<div>\n<p>Formation termin\u00e9e et reconnue en tant que \u00ab\u00a0psychoth\u00e9rapeute reconnue au niveau f\u00e9d\u00e9ral\u00a0\u00bb ou \u00ab\u00a0m\u00e9decin sp\u00e9cialiste en psychiatrie et psychoth\u00e9rapie FMH\u00a0\u00bb ou \u00ab\u00a0m\u00e9decin sp\u00e9cialiste en psychiatrie et psychoth\u00e9rapie d&rsquo;enfants et d&rsquo;adolescents FMH\u00a0\u00bb.<\/p>\n<p><strong>Formation de base (niveau I)<br \/>\n<\/strong>avec pour but : les bases th\u00e9oriques d&rsquo;EMDR, les mesures de pr\u00e9caution pour la protection du patient ainsi que les bases d&rsquo;application de la m\u00e9thode dans le d\u00e9tail. Degr\u00e9 de difficult\u00e9 de traitement : troubles de l&rsquo;adaptation, traumatismes de type I ainsi que phobies simples.<\/p>\n<\/div>\n<p><strong>Formation de base (niveau II)<br \/>\n<\/strong>avec pour but : une forme plus active d&rsquo;EMDR qui est particuli\u00e8rement n\u00e9cessaire pour des groupes sp\u00e9cifiques de patients relevant de la psychotraumatologie. Degr\u00e9 de difficult\u00e9 de traitement : traumatisations complexes\/polytraumatismes (traumatismes de type II), reconnaissance et r\u00e9gulation de la dissociation, troubles de la personnalit\u00e9.<\/p>\n<p><strong>S\u00e9minaires avanc\u00e9s<\/strong><br \/>\nApprofondissement des comp\u00e9tences, application pour diff\u00e9rentes pathologies, possibilit\u00e9s de supervision.<\/p>\n<p><strong>Formateurs\/Formatrices reconnu(e)s en Suisse et accr\u00e9dit\u00e9s par EMDR Europe<br \/>\n<\/strong><\/p>\n<p>EMDR Europe, en tant qu&rsquo;association fa\u00eeti\u00e8re, reconna\u00eet les formateurs\/formatrices individuel(le)s et la formation initiale EMDR qu&rsquo;ils\/elles proposent. Sur la page web d&rsquo;EMDR Europe, vous trouverez les <a href=\"https:\/\/emdr-europe.org\/training\/standard-training-courses\/\">formateurs EMDR actuellement accr\u00e9dit\u00e9s<\/a> (voir &lsquo;Switzerland&rsquo; en bas de la page pour les formateurs actifs en Suisse).<\/p>\n<p><strong>Dates des s\u00e9minaires\u00a0<\/strong><\/p>\n<ul>\n<li>Suisse: <a href=\"https:\/\/www.irpt.ch\/fr\/agenda\">IRPT<\/a> \/ <a href=\"https:\/\/www.irpt.ch\/de\/agenda\">EMDR Training Schweiz<\/a>, <a href=\"https:\/\/emdr-institut.ch\/fortbildungen-emdr.html\">EMDR Institut Schweiz<\/a>, <a href=\"https:\/\/www.ikp-therapien.com\/fortbildung\/ausbildung-in-emdr-therapie\">IKP<\/a><\/li>\n<li><a href=\"http:\/\/emdr-europe.org\/training\/standard-training-courses\/\" target=\"_blank\" rel=\"noopener noreferrer\">Europe<\/a> (tous les pays europ\u00e9ens)<\/li>\n<\/ul>\n<p>[\/vc_column_text][\/vc_column][\/vc_row]<\/p>\n<\/div>","protected":false},"excerpt":{"rendered":"<p>[vc_row][vc_column width=\u00a0\u00bb1\/4&Prime; css=\u00a0\u00bb.vc_custom_1560436694170{margin-top: 50px !important;}\u00a0\u00bb][vc_wp_custommenu nav_menu=\u00a0\u00bb20&Prime;][\/vc_column][vc_column width=\u00a0\u00bb3\/4&Prime;][vc_column_text] Formation EMDR Fiche d&rsquo;information :\u00a0Informations utiles sur les formations accr\u00e9dit\u00e9es par EMDR Europe Conditions d&rsquo;admission Formation termin\u00e9e et reconnue en tant que \u00ab\u00a0psychoth\u00e9rapeute reconnue au niveau f\u00e9d\u00e9ral\u00a0\u00bb ou \u00ab\u00a0m\u00e9decin sp\u00e9cialiste en psychiatrie et psychoth\u00e9rapie FMH\u00a0\u00bb ou \u00ab\u00a0m\u00e9decin sp\u00e9cialiste en psychiatrie et psychoth\u00e9rapie d&rsquo;enfants et d&rsquo;adolescents FMH\u00a0\u00bb. Formation de<\/p>\n","protected":false},"author":1,"featured_media":0,"parent":0,"menu_order":0,"comment_status":"closed","ping_status":"closed","template":"","meta":{"footnotes":""},"class_list":["post-675","page","type-page","status-publish","hentry"],"_links":{"self":[{"href":"https:\/\/emdr-ch.org\/fr\/wp-json\/wp\/v2\/pages\/675","targetHints":{"allow":["GET"]}}],"collection":[{"href":"https:\/\/emdr-ch.org\/fr\/wp-json\/wp\/v2\/pages"}],"about":[{"href":"https:\/\/emdr-ch.org\/fr\/wp-json\/wp\/v2\/types\/page"}],"author":[{"embeddable":true,"href":"https:\/\/emdr-ch.org\/fr\/wp-json\/wp\/v2\/users\/1"}],"replies":[{"embeddable":true,"href":"https:\/\/emdr-ch.org\/fr\/wp-json\/wp\/v2\/comments?post=675"}],"version-history":[{"count":15,"href":"https:\/\/emdr-ch.org\/fr\/wp-json\/wp\/v2\/pages\/675\/revisions"}],"predecessor-version":[{"id":4612,"href":"https:\/\/emdr-ch.org\/fr\/wp-json\/wp\/v2\/pages\/675\/revisions\/4612"}],"wp:attachment":[{"href":"https:\/\/emdr-ch.org\/fr\/wp-json\/wp\/v2\/media?parent=675"}],"curies":[{"name":"wp","href":"https:\/\/api.w.org\/{rel}","templated":true}]}}