{"id":680,"date":"2019-05-27T08:44:12","date_gmt":"2019-05-27T06:44:12","guid":{"rendered":"http:\/\/emdr-ch.org\/letteratura\/"},"modified":"2026-01-25T20:55:51","modified_gmt":"2026-01-25T19:55:51","slug":"bibliographie","status":"publish","type":"page","link":"https:\/\/emdr-ch.org\/fr\/bibliographie\/","title":{"rendered":"bibliographie"},"content":{"rendered":"<div class=\"wpb-content-wrapper\"><p>[vc_row][vc_column width=\u00a0\u00bb1\/4&Prime; css=\u00a0\u00bb.vc_custom_1578412273397{margin-top: 50px !important;}\u00a0\u00bb][vc_wp_custommenu nav_menu=\u00a0\u00bb32&Prime;][\/vc_column][vc_column width=\u00a0\u00bb3\/4&Prime;][vc_column_text]<\/p>\n<h3>Litt\u00e9rature EMDR<\/h3>\n<p>[\/vc_column_text][vc_empty_space][vc_row_inner][vc_column_inner width=\u00a0\u00bb2\/3&Prime;][vc_column_text css=\u00a0\u00bb\u00a0\u00bb]<\/p>\n<h5>Lucille Mauny<\/h5>\n<h5>Mon cahier EMDR: Un support cr\u00e9atif pour accompagner les enfants en th\u00e9rapie<\/h5>\n<p>2025[\/vc_column_text][vc_empty_space][\/vc_column_inner][vc_column_inner width=\u00a0\u00bb1\/3&Prime;][vc_single_image image=\u00a0\u00bb5423&Prime; img_size=\u00a0\u00bb80&#215;123&Prime; onclick=\u00a0\u00bblink_image\u00a0\u00bb css=\u00a0\u00bb\u00a0\u00bb][vc_empty_space][\/vc_column_inner][\/vc_row_inner][vc_row_inner][vc_column_inner width=\u00a0\u00bb2\/3&Prime;][vc_column_text css=\u00a0\u00bb\u00a0\u00bb]<\/p>\n<h5>Directeur de publication : Pascale Tarquinio, Michel Silvestre, Joanne Morris-Smith et Marie-France Gizard<\/h5>\n<h5>Pratique de l&rsquo;EMDR avec les enfants, les adolescents et leur famille<\/h5>\n<p>2025 Dunod[\/vc_column_text][vc_empty_space][\/vc_column_inner][vc_column_inner width=\u00a0\u00bb1\/3&Prime;][vc_single_image image=\u00a0\u00bb5274&Prime; img_size=\u00a0\u00bb80&#215;123&Prime; onclick=\u00a0\u00bblink_image\u00a0\u00bb css=\u00a0\u00bb\u00a0\u00bb][vc_empty_space][\/vc_column_inner][\/vc_row_inner][vc_row_inner][vc_column_inner width=\u00a0\u00bb2\/3&Prime;][vc_column_text]<\/p>\n<h5>Solomon Roger<a id=\"ContentPlaceHolder1_C001_Authors1_rptAuthorPrimary_hlnkauthor_0\" href=\"https:\/\/www.payot.ch\/Dynamics\/Result?author=Anabel%20Gonzalez&amp;cId=0\"><\/a><\/h5>\n<h5>Deuil, pertes et attachement &#8211; Manuel d&rsquo;intervention EMDR<a id=\"ContentPlaceHolder1_C001_Authors1_rptAuthorPrimary_hlnkauthor_1\" href=\"https:\/\/www.payot.ch\/Dynamics\/Result?author=Dolores%20Mosquera&amp;cId=0\"><\/a><\/h5>\n<p>2023 Dunod[\/vc_column_text][vc_empty_space][\/vc_column_inner][vc_column_inner width=\u00a0\u00bb1\/3&Prime;][vc_single_image image=\u00a0\u00bb4171&Prime; img_size=\u00a0\u00bb80&#215;123&Prime; onclick=\u00a0\u00bblink_image\u00a0\u00bb][vc_empty_space][\/vc_column_inner][\/vc_row_inner][vc_row_inner][vc_column_inner width=\u00a0\u00bb2\/3&Prime;][vc_column_text css=\u00a0\u00bb\u00a0\u00bb]<\/p>\n<h5>Contamin Emmanuel<\/h5>\n<h5>Gu\u00e9rir de son pass\u00e9 avec l&rsquo;EMDR et des outils d&rsquo;autosoin<\/h5>\n<p>2023 Odile Jacob, Paris[\/vc_column_text][vc_empty_space][\/vc_column_inner][vc_column_inner width=\u00a0\u00bb1\/3&Prime;][vc_single_image image=\u00a0\u00bb5264&Prime; img_size=\u00a0\u00bb80&#215;123&Prime; onclick=\u00a0\u00bblink_image\u00a0\u00bb css=\u00a0\u00bb\u00a0\u00bb][vc_empty_space][\/vc_column_inner][\/vc_row_inner][vc_row_inner][vc_column_inner width=\u00a0\u00bb2\/3&Prime;][vc_column_text]<\/p>\n<h5>Anabel Gonzalez, Dolores Mosquera<a id=\"ContentPlaceHolder1_C001_Authors1_rptAuthorPrimary_hlnkauthor_0\" href=\"https:\/\/www.payot.ch\/Dynamics\/Result?author=Anabel%20Gonzalez&amp;cId=0\"><\/a><\/h5>\n<h5>EMDR et dissociation :\u00a0Une approche progressive<a id=\"ContentPlaceHolder1_C001_Authors1_rptAuthorPrimary_hlnkauthor_1\" href=\"https:\/\/www.payot.ch\/Dynamics\/Result?author=Dolores%20Mosquera&amp;cId=0\"><\/a><\/h5>\n<p>2023 Satas[\/vc_column_text][vc_empty_space][\/vc_column_inner][vc_column_inner width=\u00a0\u00bb1\/3&Prime;][vc_single_image image=\u00a0\u00bb3628&Prime; img_size=\u00a0\u00bb80&#215;123&Prime; onclick=\u00a0\u00bblink_image\u00a0\u00bb][vc_empty_space][\/vc_column_inner][\/vc_row_inner][vc_row_inner][vc_column_inner width=\u00a0\u00bb2\/3&Prime;][vc_column_text]<\/p>\n<h5>Sous la direction de Cyril Tarquinio<\/h5>\n<h5>Pratique de la psychoth\u00e9rapie EMDR<\/h5>\n<p>2022 Dunod[\/vc_column_text][vc_empty_space][\/vc_column_inner][vc_column_inner width=\u00a0\u00bb1\/3&Prime;][vc_single_image image=\u00a0\u00bb3538&Prime; img_size=\u00a0\u00bb80&#215;123&Prime; onclick=\u00a0\u00bblink_image\u00a0\u00bb][vc_empty_space][\/vc_column_inner][\/vc_row_inner][vc_row_inner][vc_column_inner width=\u00a0\u00bb2\/3&Prime;][vc_column_text]<\/p>\n<h5>Francine Shapiro<\/h5>\n<h5>Manuel d&rsquo;EMDR\u00a0\u2013 3\u00e8me \u00e9dition<\/h5>\n<p>2022 Dunod[\/vc_column_text][vc_empty_space][\/vc_column_inner][vc_column_inner width=\u00a0\u00bb1\/3&Prime;][vc_single_image image=\u00a0\u00bb3541&Prime; img_size=\u00a0\u00bb80&#215;123&Prime; onclick=\u00a0\u00bblink_image\u00a0\u00bb][vc_empty_space][\/vc_column_inner][\/vc_row_inner][vc_row_inner][vc_column_inner width=\u00a0\u00bb2\/3&Prime;][vc_column_text]<\/p>\n<h5>Joanne Morris Smith &#8211; Michel Silvestre<\/h5>\n<h5>L&rsquo;EMDR avec l&rsquo;enfant et sa famille<\/h5>\n<p>2022 Dunod[\/vc_column_text][vc_empty_space][\/vc_column_inner][vc_column_inner width=\u00a0\u00bb1\/3&Prime;][vc_single_image image=\u00a0\u00bb3545&Prime; img_size=\u00a0\u00bb80&#215;123&Prime; onclick=\u00a0\u00bblink_image\u00a0\u00bb][vc_empty_space][\/vc_column_inner][\/vc_row_inner][vc_row_inner][vc_column_inner width=\u00a0\u00bb2\/3&Prime;][vc_column_text]<\/p>\n<h5>Lionel Souche<\/h5>\n<h5>La th\u00e9rapie EMDR pour l\u2019enfant et l\u2019adolescent : 11 \u00e9tudes de cas<\/h5>\n<h5>\u2013 2e \u00e9d. actualis\u00e9e<\/h5>\n<p>2021 In Press Eds[\/vc_column_text][vc_empty_space][\/vc_column_inner][vc_column_inner width=\u00a0\u00bb1\/3&Prime;][vc_single_image image=\u00a0\u00bb2796&Prime; img_size=\u00a0\u00bbfull\u00a0\u00bb onclick=\u00a0\u00bblink_image\u00a0\u00bb][vc_empty_space][\/vc_column_inner][\/vc_row_inner][vc_row_inner][vc_column_inner width=\u00a0\u00bb2\/3&Prime;][vc_column_text]<\/p>\n<h5><span id=\"productTitle\" class=\"a-size-extra-large\">Jim Knipe (traduction par Yves Le Bloc&rsquo;h)<\/span><\/h5>\n<h5>La \u00a0\u00bb trousse \u00e0 outils\u00a0\u00bb de l&rsquo;EMDR : Th\u00e9orie et traitement de l&rsquo;ESPT complexe et de la dissociation<span id=\"productTitle\" class=\"a-size-extra-large\"><\/span><\/h5>\n<p class=\"celwidget\" data-feature-name=\"titleblock\" data-csa-c-id=\"k270bj-ilx9y5-5gcn78-zug55\" data-cel-widget=\"titleblock_feature_div\">2020 Satas<\/p>\n<p>[\/vc_column_text][vc_empty_space][\/vc_column_inner][vc_column_inner width=\u00a0\u00bb1\/3&Prime;][vc_single_image image=\u00a0\u00bb2225&Prime; img_size=\u00a0\u00bbfull\u00a0\u00bb onclick=\u00a0\u00bblink_image\u00a0\u00bb][vc_empty_space][\/vc_column_inner][\/vc_row_inner][vc_row_inner][vc_column_inner width=\u00a0\u00bb2\/3&Prime;][vc_column_text]<\/p>\n<h5>Cyril Tarquinio, Marie-Jo Brennstuhl, H\u00e9l\u00e8ne Dellucci, Martine Iracane-Coste, Jeanny Ann Rydberg, Michel Silvestre, Pascale Tarquinio, Eva Zimmermann<\/h5>\n<h5>Aide-m\u00e9moire \u2013 EMDR en 46 fiches<\/h5>\n<p>2019 Dunod[\/vc_column_text][vc_empty_space][\/vc_column_inner][vc_column_inner width=\u00a0\u00bb1\/3&Prime;][vc_single_image image=\u00a0\u00bb2217&Prime; img_size=\u00a0\u00bbfull\u00a0\u00bb onclick=\u00a0\u00bblink_image\u00a0\u00bb][vc_empty_space][\/vc_column_inner][\/vc_row_inner][vc_row_inner][vc_column_inner width=\u00a0\u00bb2\/3&Prime;][vc_column_text]<\/p>\n<h5>Lionel Souche, Nicolas Baltenneck<\/h5>\n<h5>Mieux comprendre la th\u00e9raprie EMDR &#8211; 13 \u00e9tudes de cas<br \/>\n2\u00e8me \u00e9dition<\/h5>\n<p>2019 In Press Eds[\/vc_column_text][vc_empty_space][\/vc_column_inner][vc_column_inner width=\u00a0\u00bb1\/3&Prime;][vc_single_image image=\u00a0\u00bb1262&Prime; img_size=\u00a0\u00bbfull\u00a0\u00bb onclick=\u00a0\u00bblink_image\u00a0\u00bb][vc_empty_space][\/vc_column_inner][\/vc_row_inner][vc_row_inner][vc_column_inner width=\u00a0\u00bb2\/3&Prime;][vc_column_text]<\/p>\n<h5>Tarquinio Cyril, Brennsthul Marie-Jo, Dellucci H\u00e9l\u00e8ne, Iracane-Blanco Martine, Rydberg Jeanny Ann, Silvestre Michel, Zimmermann Eva<\/h5>\n<h5>Pratique de la psychoth\u00e9rapie EMDR &#8211; Introduction et approfondissements pratiques et psychopathologiques<\/h5>\n<p>2019 Dunod, Paris[\/vc_column_text][vc_empty_space][\/vc_column_inner][vc_column_inner width=\u00a0\u00bb1\/3&Prime;][vc_single_image image=\u00a0\u00bb1273&Prime; img_size=\u00a0\u00bbfull\u00a0\u00bb onclick=\u00a0\u00bblink_image\u00a0\u00bb][vc_empty_space][\/vc_column_inner][\/vc_row_inner][vc_row_inner][vc_column_inner width=\u00a0\u00bb2\/3&Prime;][vc_column_text]<\/p>\n<h5>Shapiro Francine<\/h5>\n<h5>Eye Movement Desensitization and Reprocessing &#8211; EMDR Therapy (Third Edition)<\/h5>\n<p>2017 Guilford Press[\/vc_column_text][vc_empty_space][\/vc_column_inner][vc_column_inner width=\u00a0\u00bb1\/3&Prime;][vc_single_image image=\u00a0\u00bb2208&Prime; img_size=\u00a0\u00bbfull\u00a0\u00bb onclick=\u00a0\u00bblink_image\u00a0\u00bb][vc_empty_space][\/vc_column_inner][\/vc_row_inner][vc_row_inner][vc_column_inner width=\u00a0\u00bb2\/3&Prime;][vc_column_text]<\/p>\n<h5>Forgash Carol, Copeley Margaret<\/h5>\n<h5>Gu\u00e9rir le traumatisme et la dissociation par l&rsquo;EMDR et la th\u00e9rapie des \u00e9tats du Moi<\/h5>\n<p>2017 Satas, Bruxelles[\/vc_column_text][vc_empty_space][\/vc_column_inner][vc_column_inner width=\u00a0\u00bb1\/3&Prime;][vc_single_image image=\u00a0\u00bb3631&Prime; img_size=\u00a0\u00bb80&#215;123&Prime;][vc_empty_space][\/vc_column_inner][\/vc_row_inner][vc_row_inner][vc_column_inner width=\u00a0\u00bb2\/3&Prime;][vc_column_text]<\/p>\n<h5>Roques Jacques<\/h5>\n<h5>Couples et EMDR : Une th\u00e9rapie int\u00e9grative<\/h5>\n<p>2017 Descl\u00e9e De Brouwer, Paris[\/vc_column_text][vc_empty_space][\/vc_column_inner][vc_column_inner width=\u00a0\u00bb1\/3&Prime;][vc_single_image image=\u00a0\u00bb1269&Prime; img_size=\u00a0\u00bbfull\u00a0\u00bb onclick=\u00a0\u00bblink_image\u00a0\u00bb][vc_empty_space][\/vc_column_inner][\/vc_row_inner][vc_row_inner][vc_column_inner width=\u00a0\u00bb2\/3&Prime;][vc_column_text]<\/p>\n<h5>Roques Jacques<\/h5>\n<h5>EMDR, une r\u00e9volution th\u00e9rapeutique<\/h5>\n<h5>nouvelle \u00e9dition revue et augment\u00e9e<\/h5>\n<p>2016 M\u00e9ridienne, Descl\u00e9e de Brouwer, Paris[\/vc_column_text][vc_empty_space][\/vc_column_inner][vc_column_inner width=\u00a0\u00bb1\/3&Prime;][vc_single_image image=\u00a0\u00bb1276&Prime; img_size=\u00a0\u00bb80&#215;123&Prime; onclick=\u00a0\u00bblink_image\u00a0\u00bb][vc_empty_space][\/vc_column_inner][\/vc_row_inner][vc_row_inner][vc_column_inner width=\u00a0\u00bb2\/3&Prime;][vc_column_text]<\/p>\n<h5>Morris-Smith Joanne, Silvestre Michel<\/h5>\n<h5>L&rsquo;EMDR avec l&rsquo;enfant et sa famille<\/h5>\n<p>2015 Dunod, Paris[\/vc_column_text][vc_empty_space][\/vc_column_inner][vc_column_inner width=\u00a0\u00bb1\/3&Prime;][vc_single_image image=\u00a0\u00bb1280&Prime; img_size=\u00a0\u00bbfull\u00a0\u00bb onclick=\u00a0\u00bblink_image\u00a0\u00bb][vc_empty_space][\/vc_column_inner][\/vc_row_inner][vc_row_inner][vc_column_inner width=\u00a0\u00bb2\/3&Prime;][vc_column_text]<\/p>\n<h5>Tarquinio Cyril, Tarquinio Pascale<\/h5>\n<h5>L\u2019EMDR : pr\u00e9server la sant\u00e9 et prendre en charge la maladie<\/h5>\n<p>2015 Elsevier Masson, Issy-les-Moulineaux[\/vc_column_text][vc_empty_space][\/vc_column_inner][vc_column_inner width=\u00a0\u00bb1\/3&Prime;][vc_single_image image=\u00a0\u00bb1284&Prime; img_size=\u00a0\u00bbfull\u00a0\u00bb onclick=\u00a0\u00bblink_image\u00a0\u00bb][vc_empty_space][\/vc_column_inner][\/vc_row_inner][vc_row_inner][vc_column_inner width=\u00a0\u00bb2\/3&Prime;][vc_column_text]<\/p>\n<h5>Piffaut Anne-Marie<\/h5>\n<h5>L\u2019acouph\u00e8ne dans tous ses \u00e9tats<\/h5>\n<p>2015 Bookelis, Aix-en-Provence[\/vc_column_text][vc_empty_space][\/vc_column_inner][vc_column_inner width=\u00a0\u00bb1\/3&Prime;][vc_single_image image=\u00a0\u00bb1288&Prime; img_size=\u00a0\u00bbfull\u00a0\u00bb onclick=\u00a0\u00bblink_image\u00a0\u00bb][vc_empty_space][\/vc_column_inner][\/vc_row_inner][vc_row_inner][vc_column_inner width=\u00a0\u00bb2\/3&Prime;][vc_column_text]<\/p>\n<h5>Shapiro Francine<\/h5>\n<h5>D\u00e9passer le pass\u00e9. Se lib\u00e9rer des souvenirs traumatisants avec l&rsquo;EMDR<\/h5>\n<p>2014 Seuil, Paris<br \/>\n[\/vc_column_text][vc_empty_space][\/vc_column_inner][vc_column_inner width=\u00a0\u00bb1\/3&Prime;][vc_single_image image=\u00a0\u00bb1292&Prime; img_size=\u00a0\u00bbfull\u00a0\u00bb onclick=\u00a0\u00bblink_image\u00a0\u00bb][vc_empty_space][\/vc_column_inner][\/vc_row_inner][vc_row_inner][vc_column_inner width=\u00a0\u00bb2\/3&Prime;][vc_column_text]<\/p>\n<h5>Shapiro Francine, Silk Forrest Margot<\/h5>\n<h5>Des yeux pour guerir, EMDR<\/h5>\n<h5>La th\u00e9rapie pour surmonter l&rsquo;angoisse, le stress et les traumatismes<\/h5>\n<p>2014 Points, Paris[\/vc_column_text][vc_empty_space][\/vc_column_inner][vc_column_inner width=\u00a0\u00bb1\/3&Prime;][vc_single_image image=\u00a0\u00bb1295&Prime; img_size=\u00a0\u00bbfull\u00a0\u00bb onclick=\u00a0\u00bblink_image\u00a0\u00bb][vc_empty_space][\/vc_column_inner][\/vc_row_inner][vc_row_inner][vc_column_inner width=\u00a0\u00bb2\/3&Prime;][vc_column_text]<\/p>\n<h5>Roques Jacques<\/h5>\n<h5>D\u00e9couvrir l\u2019EMDR<\/h5>\n<p>2013 InterEditions, Paris[\/vc_column_text][vc_empty_space][\/vc_column_inner][vc_column_inner width=\u00a0\u00bb1\/3&Prime;][vc_single_image image=\u00a0\u00bb1299&Prime; img_size=\u00a0\u00bbfull\u00a0\u00bb onclick=\u00a0\u00bblink_image\u00a0\u00bb][vc_empty_space][\/vc_column_inner][\/vc_row_inner][vc_row_inner][vc_column_inner width=\u00a0\u00bb2\/3&Prime;][vc_column_text]<\/p>\n<h5>Dworkin Mark<\/h5>\n<h5>EMDR and the Relational Imperative<\/h5>\n<p>2013 Routledge[\/vc_column_text][vc_empty_space][\/vc_column_inner][vc_column_inner width=\u00a0\u00bb1\/3&Prime;][vc_single_image image=\u00a0\u00bb1302&Prime; img_size=\u00a0\u00bbfull\u00a0\u00bb onclick=\u00a0\u00bblink_image\u00a0\u00bb][vc_empty_space][\/vc_column_inner][\/vc_row_inner][vc_row_inner][vc_column_inner width=\u00a0\u00bb2\/3&Prime;][vc_column_text]<\/p>\n<h5>Roques Jacques<\/h5>\n<h5>D\u00e9couvrir l&rsquo;EMDR. Bouger les yeux pour gu\u00e9rir<\/h5>\n<p>2013 Marabout[\/vc_column_text][vc_empty_space][\/vc_column_inner][vc_column_inner width=\u00a0\u00bb1\/3&Prime;][vc_single_image image=\u00a0\u00bb1305&Prime; img_size=\u00a0\u00bbfull\u00a0\u00bb onclick=\u00a0\u00bblink_image\u00a0\u00bb][vc_empty_space][\/vc_column_inner][\/vc_row_inner][vc_row_inner][vc_column_inner width=\u00a0\u00bb2\/3&Prime;][vc_column_text]<\/p>\n<h5>Shapiro Francine, Kaslow Florence, Maxfield Louise<\/h5>\n<h5>EMDR et th\u00e9rapies familiales &#8211; manuel pratique<\/h5>\n<p>2013 InterEditions, Paris[\/vc_column_text][vc_empty_space][\/vc_column_inner][vc_column_inner width=\u00a0\u00bb1\/3&Prime;][vc_single_image image=\u00a0\u00bb1308&Prime; img_size=\u00a0\u00bbfull\u00a0\u00bb onclick=\u00a0\u00bblink_image\u00a0\u00bb][vc_empty_space][\/vc_column_inner][\/vc_row_inner][vc_row_inner][vc_column_inner width=\u00a0\u00bb2\/3&Prime;][vc_column_text]<\/p>\n<h5>Roques Jacques<\/h5>\n<h5>Gu\u00e9rir avec l\u2019EMDR<\/h5>\n<p>2007 Seuil, Paris[\/vc_column_text][vc_empty_space][\/vc_column_inner][vc_column_inner width=\u00a0\u00bb1\/3&Prime;][vc_single_image image=\u00a0\u00bb1311&Prime; img_size=\u00a0\u00bbfull\u00a0\u00bb onclick=\u00a0\u00bblink_image\u00a0\u00bb][vc_empty_space][\/vc_column_inner][\/vc_row_inner][vc_row_inner][vc_column_inner width=\u00a0\u00bb2\/3&Prime;][vc_column_text]<\/p>\n<h5>Shapiro Francine<\/h5>\n<h5>Manuel d\u2019EMDR<\/h5>\n<p>2007 InterEditions, Paris[\/vc_column_text][vc_empty_space][\/vc_column_inner][vc_column_inner width=\u00a0\u00bb1\/3&Prime;][vc_single_image image=\u00a0\u00bb1315&Prime; img_size=\u00a0\u00bbfull\u00a0\u00bb onclick=\u00a0\u00bblink_image\u00a0\u00bb][vc_empty_space][\/vc_column_inner][\/vc_row_inner][vc_row_inner][vc_column_inner width=\u00a0\u00bb2\/3&Prime;][vc_column_text]<\/p>\n<h5>Lovett Joan M.D.<\/h5>\n<h5>Small Wonders. Healing Childhood Trauma with EMDR<\/h5>\n<p>2007 The Free Press[\/vc_column_text][vc_empty_space][\/vc_column_inner][vc_column_inner width=\u00a0\u00bb1\/3&Prime;][vc_single_image image=\u00a0\u00bb1318&Prime; img_size=\u00a0\u00bbfull\u00a0\u00bb onclick=\u00a0\u00bblink_image\u00a0\u00bb][vc_empty_space][\/vc_column_inner][\/vc_row_inner][vc_row_inner][vc_column_inner width=\u00a0\u00bb2\/3&Prime;][vc_column_text]<\/p>\n<h5>Madoun Sophie, Dumonteil Danielle<\/h5>\n<h5>ABC de l&rsquo;EMDR. La th\u00e9rapie des \u00e9motions.<\/h5>\n<p>2005 Grancher, Paris[\/vc_column_text][vc_empty_space][\/vc_column_inner][vc_column_inner width=\u00a0\u00bb1\/3&Prime;][vc_single_image image=\u00a0\u00bb1321&Prime; img_size=\u00a0\u00bbfull\u00a0\u00bb onclick=\u00a0\u00bblink_image\u00a0\u00bb][vc_empty_space][\/vc_column_inner][\/vc_row_inner][\/vc_column][\/vc_row]<\/p>\n<\/div>","protected":false},"excerpt":{"rendered":"<p>[vc_row][vc_column width=\u00a0\u00bb1\/4&Prime; css=\u00a0\u00bb.vc_custom_1578412273397{margin-top: 50px !important;}\u00a0\u00bb][vc_wp_custommenu nav_menu=\u00a0\u00bb32&Prime;][\/vc_column][vc_column width=\u00a0\u00bb3\/4&Prime;][vc_column_text] Litt\u00e9rature EMDR [\/vc_column_text][vc_empty_space][vc_row_inner][vc_column_inner width=\u00a0\u00bb2\/3&Prime;][vc_column_text css=\u00a0\u00bb\u00a0\u00bb] Lucille Mauny Mon cahier EMDR: Un support cr\u00e9atif pour accompagner les enfants en th\u00e9rapie 2025[\/vc_column_text][vc_empty_space][\/vc_column_inner][vc_column_inner width=\u00a0\u00bb1\/3&Prime;][vc_single_image image=\u00a0\u00bb5423&Prime; img_size=\u00a0\u00bb80&#215;123&Prime; onclick=\u00a0\u00bblink_image\u00a0\u00bb css=\u00a0\u00bb\u00a0\u00bb][vc_empty_space][\/vc_column_inner][\/vc_row_inner][vc_row_inner][vc_column_inner width=\u00a0\u00bb2\/3&Prime;][vc_column_text css=\u00a0\u00bb\u00a0\u00bb] Directeur de publication : Pascale Tarquinio, Michel Silvestre, Joanne Morris-Smith et Marie-France Gizard Pratique de l&rsquo;EMDR avec les enfants, les adolescents<\/p>\n","protected":false},"author":1,"featured_media":0,"parent":0,"menu_order":0,"comment_status":"closed","ping_status":"closed","template":"","meta":{"footnotes":""},"class_list":["post-680","page","type-page","status-publish","hentry"],"_links":{"self":[{"href":"https:\/\/emdr-ch.org\/fr\/wp-json\/wp\/v2\/pages\/680","targetHints":{"allow":["GET"]}}],"collection":[{"href":"https:\/\/emdr-ch.org\/fr\/wp-json\/wp\/v2\/pages"}],"about":[{"href":"https:\/\/emdr-ch.org\/fr\/wp-json\/wp\/v2\/types\/page"}],"author":[{"embeddable":true,"href":"https:\/\/emdr-ch.org\/fr\/wp-json\/wp\/v2\/users\/1"}],"replies":[{"embeddable":true,"href":"https:\/\/emdr-ch.org\/fr\/wp-json\/wp\/v2\/comments?post=680"}],"version-history":[{"count":52,"href":"https:\/\/emdr-ch.org\/fr\/wp-json\/wp\/v2\/pages\/680\/revisions"}],"predecessor-version":[{"id":5426,"href":"https:\/\/emdr-ch.org\/fr\/wp-json\/wp\/v2\/pages\/680\/revisions\/5426"}],"wp:attachment":[{"href":"https:\/\/emdr-ch.org\/fr\/wp-json\/wp\/v2\/media?parent=680"}],"curies":[{"name":"wp","href":"https:\/\/api.w.org\/{rel}","templated":true}]}}