{"id":741,"date":"2019-05-27T12:19:49","date_gmt":"2019-05-27T10:19:49","guid":{"rendered":"http:\/\/emdr-ch.org\/membri\/"},"modified":"2025-02-28T21:28:24","modified_gmt":"2025-02-28T20:28:24","slug":"membri","status":"publish","type":"page","link":"https:\/\/emdr-ch.org\/fr\/membri\/","title":{"rendered":"Membres"},"content":{"rendered":"<div class=\"wpb-content-wrapper\"><p>[vc_row][vc_column width=\u00a0\u00bb1\/4&Prime; css=\u00a0\u00bb.vc_custom_1560438898558{margin-top: 50px !important;}\u00a0\u00bb][vc_wp_custommenu nav_menu=\u00a0\u00bb21&Prime;][\/vc_column][vc_column width=\u00a0\u00bb3\/4&Prime;][vc_column_text]<\/p>\n<h3>Membres<\/h3>\n<p><strong>Crit\u00e8res pour l&rsquo;adh\u00e9sion \u00e0 EMDR Suisse<\/strong><br \/>\nLe titre de \u00ab psychoth\u00e9rapeute reconnue au niveau f\u00e9d\u00e9ral \u00bb ou \u00ab m\u00e9decin sp\u00e9cialiste en psychiatrie et psychoth\u00e9rapie FMH \u00bb ou \u00ab m\u00e9decin sp\u00e9cialiste en psychiatrie et psychoth\u00e9rapie d\u2019enfants et d\u2019adolescents FMH \u00bb et avoir particip\u00e9 au moins au niveau 1 de la formation EMDR sont n\u00e9cessaires pour devenir membre.<\/p>\n<p><strong>En tant que membre, vous b\u00e9n\u00e9ficiez des prestations suivantes<\/strong><\/p>\n<ul>\n<li>figurer sur la liste des th\u00e9rapeutes de notre site internet, \u00e0 laquelle notre secr\u00e9tariat fait r\u00e9f\u00e9rence aux personnes et institutions int\u00e9ress\u00e9es ; ceci apr\u00e8s l&rsquo;obtention du niveau 2. Afin de garantir la qualit\u00e9 des th\u00e9rapeutes EMDR figurant sur la liste des th\u00e9rapeutes, le nom est supprim\u00e9 de la liste apr\u00e8s 4 ans si la certification en tant que praticien\/ne EMDR (EMDR Practitioner) n&rsquo;a pas \u00e9t\u00e9 obtenue.<\/li>\n<li>avoir acc\u00e8s aux adresses des superviseurs EMDR, des groupes de supervision et d&rsquo;\u00e9ventuels groupes d&rsquo;intervision<\/li>\n<li>collaborer activement dans un groupe professionnel avec pour but l&rsquo;\u00e9change d&rsquo;exp\u00e9riences, la recherche et l&rsquo;\u00e9valuation ainsi que le perfectionnement, comme par exemple l&rsquo;EMDR chez les enfants et adolescents, l&rsquo;EMDR en cas d&rsquo;urgence, l&rsquo;EMDR dans le traitement des troubles dissociatifs, l&rsquo;EMDR dans le traitement des troubles pr\u00e9coces etc.<\/li>\n<li>recevoir le \u00ab\u00a0EMDR Journal of Practice and Research\u00a0\u00bb<\/li>\n<li>\u00eatre inform\u00e9 des formations et des cours de perfectionnement au niveau national et international.<\/li>\n<\/ul>\n<p>[\/vc_column_text][\/vc_column][\/vc_row]<\/p>\n<\/div>","protected":false},"excerpt":{"rendered":"<p>[vc_row][vc_column width=\u00a0\u00bb1\/4&Prime; css=\u00a0\u00bb.vc_custom_1560438898558{margin-top: 50px !important;}\u00a0\u00bb][vc_wp_custommenu nav_menu=\u00a0\u00bb21&Prime;][\/vc_column][vc_column width=\u00a0\u00bb3\/4&Prime;][vc_column_text] Membres Crit\u00e8res pour l&rsquo;adh\u00e9sion \u00e0 EMDR Suisse Le titre de \u00ab psychoth\u00e9rapeute reconnue au niveau f\u00e9d\u00e9ral \u00bb ou \u00ab m\u00e9decin sp\u00e9cialiste en psychiatrie et psychoth\u00e9rapie FMH \u00bb ou \u00ab m\u00e9decin sp\u00e9cialiste en psychiatrie et psychoth\u00e9rapie d\u2019enfants et d\u2019adolescents FMH \u00bb et avoir particip\u00e9 au moins au niveau 1<\/p>\n","protected":false},"author":1,"featured_media":0,"parent":0,"menu_order":0,"comment_status":"closed","ping_status":"closed","template":"","meta":{"footnotes":""},"class_list":["post-741","page","type-page","status-publish","hentry"],"_links":{"self":[{"href":"https:\/\/emdr-ch.org\/fr\/wp-json\/wp\/v2\/pages\/741","targetHints":{"allow":["GET"]}}],"collection":[{"href":"https:\/\/emdr-ch.org\/fr\/wp-json\/wp\/v2\/pages"}],"about":[{"href":"https:\/\/emdr-ch.org\/fr\/wp-json\/wp\/v2\/types\/page"}],"author":[{"embeddable":true,"href":"https:\/\/emdr-ch.org\/fr\/wp-json\/wp\/v2\/users\/1"}],"replies":[{"embeddable":true,"href":"https:\/\/emdr-ch.org\/fr\/wp-json\/wp\/v2\/comments?post=741"}],"version-history":[{"count":11,"href":"https:\/\/emdr-ch.org\/fr\/wp-json\/wp\/v2\/pages\/741\/revisions"}],"predecessor-version":[{"id":4717,"href":"https:\/\/emdr-ch.org\/fr\/wp-json\/wp\/v2\/pages\/741\/revisions\/4717"}],"wp:attachment":[{"href":"https:\/\/emdr-ch.org\/fr\/wp-json\/wp\/v2\/media?parent=741"}],"curies":[{"name":"wp","href":"https:\/\/api.w.org\/{rel}","templated":true}]}}