{"id":776,"date":"2019-05-27T15:00:32","date_gmt":"2019-05-27T13:00:32","guid":{"rendered":"http:\/\/emdr-ch.org\/registrazione\/"},"modified":"2019-12-31T09:31:19","modified_gmt":"2019-12-31T08:31:19","slug":"registrazione","status":"publish","type":"page","link":"https:\/\/emdr-ch.org\/fr\/registrazione\/","title":{"rendered":"Inscription"},"content":{"rendered":"<div class=\"wpb-content-wrapper\"><p>[vc_row][vc_column width=\u00a0\u00bb1\/4&Prime; css=\u00a0\u00bb.vc_custom_1560438953287{margin-top: 50px !important;}\u00a0\u00bb][vc_wp_custommenu nav_menu=\u00a0\u00bb21&Prime;][\/vc_column][vc_column width=\u00a0\u00bb3\/4&Prime;][vc_column_text]<\/p>\n<h3>Inscription<\/h3>\n<p>[\/vc_column_text][vc_empty_space][vc_column_text]<\/p>\n<div class=\"caldera-grid\" id=\"caldera_form_1\" data-cf-ver=\"1.9.2\" data-cf-form-id=\"CF5e0b016710c86\"><div id=\"caldera_notices_1\" data-spinner=\"https:\/\/emdr-ch.org\/wp-admin\/images\/spinner.gif\"><\/div><form data-instance=\"1\" class=\"CF5e0b016710c86 caldera_forms_form cfajax-trigger\" method=\"POST\" enctype=\"multipart\/form-data\" id=\"CF5e0b016710c86_1\" data-form-id=\"CF5e0b016710c86\" aria-label=\"iscrizione_FR\" data-target=\"#caldera_notices_1\" data-template=\"#cfajax_CF5e0b016710c86-tmpl\" data-cfajax=\"CF5e0b016710c86\" data-load-element=\"_parent\" data-load-class=\"cf_processing\" data-post-disable=\"0\" data-action=\"cf_process_ajax_submit\" data-request=\"https:\/\/emdr-ch.org\/fr\/\/cf-api\/CF5e0b016710c86\" data-hiderows=\"true\">\r\n<input type=\"hidden\" id=\"_cf_verify_CF5e0b016710c86\" name=\"_cf_verify\" value=\"18fde4c00d\"  data-nonce-time=\"1775832704\" \/><input type=\"hidden\" name=\"_wp_http_referer\" value=\"\/fr\/wp-json\/wp\/v2\/pages\/776\" \/><div id=\"cf2-CF5e0b016710c86_1\"><\/div><input type=\"hidden\" name=\"_cf_frm_id\" value=\"CF5e0b016710c86\">\r\n<input type=\"hidden\" name=\"_cf_frm_ct\" value=\"1\">\r\n<input type=\"hidden\" name=\"cfajax\" value=\"CF5e0b016710c86\">\r\n<input type=\"hidden\" name=\"_cf_cr_pst\" value=\"776\">\r\n<div class=\"hide\" style=\"display:none; overflow:hidden;height:0;width:0;\">\r\n<label>Nom<\/label><input type=\"text\" name=\"name\" value=\"\" autocomplete=\"off\">\r\n<\/div><div id=\"CF5e0b016710c86_1-row-1\"  class=\"row  first_row\"><div  class=\"col-sm-12  single\"><div class=\"\"><h3>Formulaire d'adh\u00e9sion \u00e0 EMDR Suisse<\/h3>\n<\/div><div data-field-wrapper=\"fld_3526524\" class=\"form-group\" id=\"fld_3526524_1-wrap\">\r\n\t<label id=\"fld_3526524Label\" for=\"fld_3526524_1\" class=\"control-label\">Titre<\/label>\r\n\t<div class=\"\">\r\n\t\t<input    type=\"text\" data-field=\"fld_3526524\" class=\" form-control\" id=\"fld_3526524_1\" name=\"fld_3526524\" value=\"\" data-type=\"text\"   aria-labelledby=\"fld_3526524Label\" >\t\t\t<\/div>\r\n<\/div>\r\n<div data-field-wrapper=\"fld_9628652\" class=\"form-group\" id=\"fld_9628652_1-wrap\">\r\n\t<label id=\"fld_9628652Label\" for=\"fld_9628652_1\" class=\"control-label\">Nom <span aria-hidden=\"true\" role=\"presentation\" class=\"field_required\" style=\"color:#ee0000;\">*<\/span><\/label>\r\n\t<div class=\"\">\r\n\t\t<input   required type=\"text\" data-field=\"fld_9628652\" class=\" form-control\" id=\"fld_9628652_1\" name=\"fld_9628652\" value=\"\" data-type=\"text\" aria-required=\"true\"   aria-labelledby=\"fld_9628652Label\" >\t\t\t<\/div>\r\n<\/div>\r\n<div data-field-wrapper=\"fld_2703683\" class=\"form-group\" id=\"fld_2703683_1-wrap\">\r\n\t<label id=\"fld_2703683Label\" for=\"fld_2703683_1\" class=\"control-label\">Pr\u00e9nom <span aria-hidden=\"true\" role=\"presentation\" class=\"field_required\" style=\"color:#ee0000;\">*<\/span><\/label>\r\n\t<div class=\"\">\r\n\t\t<input   required type=\"text\" data-field=\"fld_2703683\" class=\" form-control\" id=\"fld_2703683_1\" name=\"fld_2703683\" value=\"\" data-type=\"text\" aria-required=\"true\"   aria-labelledby=\"fld_2703683Label\" >\t\t\t<\/div>\r\n<\/div>\r\n<div data-field-wrapper=\"fld_1747703\" class=\"form-group\" id=\"fld_1747703_1-wrap\">\r\n\t<label id=\"fld_1747703Label\" for=\"fld_1747703_1\" class=\"control-label\">Profession <span aria-hidden=\"true\" role=\"presentation\" class=\"field_required\" style=\"color:#ee0000;\">*<\/span><\/label>\r\n\t<div class=\"\">\r\n\t\t<input   required type=\"text\" data-field=\"fld_1747703\" class=\" form-control\" id=\"fld_1747703_1\" name=\"fld_1747703\" value=\"\" data-type=\"text\" aria-required=\"true\"   aria-labelledby=\"fld_1747703Label\" >\t\t\t<\/div>\r\n<\/div>\r\n<div data-field-wrapper=\"fld_5636719\" class=\"form-group\" id=\"fld_5636719_1-wrap\">\r\n\t<label id=\"fld_5636719Label\" for=\"fld_5636719_1\" class=\"control-label\">e-mail <span aria-hidden=\"true\" role=\"presentation\" class=\"field_required\" style=\"color:#ee0000;\">*<\/span><\/label>\r\n\t<div class=\"\">\r\n\t\t<input   required type=\"email\" data-field=\"fld_5636719\" class=\" form-control\" id=\"fld_5636719_1\" name=\"fld_5636719\" value=\"\" data-type=\"email\" aria-required=\"true\"   aria-labelledby=\"fld_5636719Label\" >\t\t\t<\/div>\r\n<\/div>\r\n<\/div><\/div><div id=\"CF5e0b016710c86_1-row-2\"  class=\"row \"><div  class=\"col-sm-12  single\"><div class=\"\"><h3>Adresse professionnelle<\/h3>\n<\/div><div data-field-wrapper=\"fld_6119660\" class=\"form-group\" id=\"fld_6119660_1-wrap\">\r\n\t<label id=\"fld_6119660Label\" for=\"fld_6119660_1\" class=\"control-label\">Nom cabinet<\/label>\r\n\t<div class=\"\">\r\n\t\t<input    type=\"text\" data-field=\"fld_6119660\" class=\" form-control\" id=\"fld_6119660_1\" name=\"fld_6119660\" value=\"\" data-type=\"text\"   aria-labelledby=\"fld_6119660Label\" >\t\t\t<\/div>\r\n<\/div>\r\n<div data-field-wrapper=\"fld_3244004\" class=\"form-group\" id=\"fld_3244004_1-wrap\">\r\n\t<label id=\"fld_3244004Label\" for=\"fld_3244004_1\" class=\"control-label\">Rue<\/label>\r\n\t<div class=\"\">\r\n\t\t<input    type=\"text\" data-field=\"fld_3244004\" class=\" form-control\" id=\"fld_3244004_1\" name=\"fld_3244004\" value=\"\" data-type=\"text\"   aria-labelledby=\"fld_3244004Label\" >\t\t\t<\/div>\r\n<\/div>\r\n<div data-field-wrapper=\"fld_8399341\" class=\"form-group\" id=\"fld_8399341_1-wrap\">\r\n\t<label id=\"fld_8399341Label\" for=\"fld_8399341_1\" class=\"control-label\">NPA \/ Lieu<\/label>\r\n\t<div class=\"\">\r\n\t\t<input    type=\"text\" data-field=\"fld_8399341\" class=\" form-control\" id=\"fld_8399341_1\" name=\"fld_8399341\" value=\"\" data-type=\"text\"   aria-labelledby=\"fld_8399341Label\" >\t\t\t<\/div>\r\n<\/div>\r\n<div data-field-wrapper=\"fld_103635\" class=\"form-group\" id=\"fld_103635_1-wrap\">\r\n\t<label id=\"fld_103635Label\" for=\"fld_103635_1\" class=\"control-label\">T\u00e9l\u00e9phone<\/label>\r\n\t<div class=\"\">\r\n\t\t<input    type=\"text\" data-field=\"fld_103635\" class=\" form-control\" id=\"fld_103635_1\" name=\"fld_103635\" value=\"\" data-type=\"text\"   aria-labelledby=\"fld_103635Label\" >\t\t\t<\/div>\r\n<\/div>\r\n<div data-field-wrapper=\"fld_9614350\" class=\"form-group\" id=\"fld_9614350_1-wrap\">\r\n\t<label id=\"fld_9614350Label\" for=\"fld_9614350_1\" class=\"control-label\">Site web<\/label>\r\n\t<div class=\"\">\r\n\t\t<input    type=\"text\" data-field=\"fld_9614350\" class=\" form-control\" id=\"fld_9614350_1\" name=\"fld_9614350\" value=\"\" data-type=\"text\"   aria-labelledby=\"fld_9614350Label\" >\t\t\t<\/div>\r\n<\/div>\r\n<\/div><\/div><div id=\"CF5e0b016710c86_1-row-3\"  class=\"row \"><div  class=\"col-sm-12  single\"><div class=\"\"><h3>Level I et II<\/h3>\n<\/div><div data-field-wrapper=\"fld_8427263\" class=\"form-group\" id=\"fld_8427263_1-wrap\">\r\n\t<label id=\"fld_8427263Label\" for=\"fld_8427263_1\" class=\"control-label\">Lieu du cours de niveau I<\/label>\r\n\t<div class=\"\">\r\n\t\t<input    type=\"text\" data-field=\"fld_8427263\" class=\" form-control\" id=\"fld_8427263_1\" name=\"fld_8427263\" value=\"\" data-type=\"text\"   aria-labelledby=\"fld_8427263Label\" >\t\t\t<\/div>\r\n<\/div>\r\n\n<div data-field-wrapper=\"fld_2594314\" class=\"form-group\" id=\"fld_2594314_1-wrap\">\r\n\t<label id=\"fld_2594314Label\" for=\"fld_2594314_1\" class=\"control-label\">Date du cours de niveau I<\/label>\r\n\t<div class=\"\">\r\n\t\t<input  type=\"text\" data-provide=\"cfdatepicker\" name=\"fld_2594314\" value=\"\" id=\"fld_2594314_1\" data-field=\"fld_2594314\" class=\"form-control cfdatepicker is-cfdatepicker\" data-date-format=\"yyyy-mm-dd\" data-date-start-view=\"month\"   aria-labelledby=\"fld_2594314Label\"   \/>\n\t\t\t<\/div>\r\n<\/div>\r\n<div data-field-wrapper=\"fld_1603042\" class=\"form-group\" id=\"fld_1603042_1-wrap\">\r\n\t<label id=\"fld_1603042Label\" for=\"fld_1603042_1\" class=\"control-label\">Lieu du cours de niveau II<\/label>\r\n\t<div class=\"\">\r\n\t\t<input    type=\"text\" data-field=\"fld_1603042\" class=\" form-control\" id=\"fld_1603042_1\" name=\"fld_1603042\" value=\"\" data-type=\"text\"   aria-labelledby=\"fld_1603042Label\" >\t\t\t<\/div>\r\n<\/div>\r\n\n<div data-field-wrapper=\"fld_3753999\" class=\"form-group\" id=\"fld_3753999_1-wrap\">\r\n\t<label id=\"fld_3753999Label\" for=\"fld_3753999_1\" class=\"control-label\">Date du cours de niveau II<\/label>\r\n\t<div class=\"\">\r\n\t\t<input  type=\"text\" data-provide=\"cfdatepicker\" name=\"fld_3753999\" value=\"\" id=\"fld_3753999_1\" data-field=\"fld_3753999\" class=\"form-control cfdatepicker is-cfdatepicker\" data-date-format=\"yyyy-mm-dd\" data-date-start-view=\"month\"   aria-labelledby=\"fld_3753999Label\"   \/>\n\t\t\t<\/div>\r\n<\/div>\r\n<div class=\"\"><p><em>Merci de joindre l\u2019attestation\/les attestations de participation au niveau I et \u00e9ventuellement au niveau II (facultatif) ainsi que la justification valide de votre titre de psychoth\u00e9rapeute reconnu-e au niveau f\u00e9d\u00e9ral \/ ou psychiatre FMH \/ ou p\u00e9dopsychiatre FMH.<\/em><\/p>\n<\/div><div data-field-wrapper=\"fld_6278549\" class=\"form-group\" id=\"fld_6278549_1-wrap\">\r\n\t<label id=\"fld_6278549Label\" for=\"fld_6278549_1\" class=\"control-label\">Domaines particuliers et\/ou int\u00e9r\u00eats sp\u00e9cifiques:<\/label>\r\n\t<div class=\"\">\r\n\t\t<textarea name=\"fld_6278549\" value=\"\" data-field=\"fld_6278549\" class=\"form-control\" id=\"fld_6278549_1\" rows=\"3\"    aria-labelledby=\"fld_6278549Label\" ><\/textarea>\n\t\t\t<\/div>\r\n<\/div>\r\n<div class=\"\"><p><em>Les membres ne sont admis qu\u2019\u00e0 r\u00e9ception de la cotisation de 150 francs pour l\u2019ann\u00e9e en cours.<\/em><\/p>\n<\/div><\/div><\/div><div id=\"CF5e0b016710c86_1-row-4\"  class=\"row \"><div  class=\"col-sm-12  single\"><div class=\"\"><p>&nbsp;<\/p>\n<\/div><div class=\"\"><h3>Vous pouvez joindre des fichiers<\/h3>\n<p>(Formats autoris\u00e9s : jpg, png, pdf, txt, doc)<\/p>\n<\/div><div id=\"cf2-fld_5982300_1\" class=\"cf2-field-wrapper\" data-field-id=\"fld_5982300_1\"><\/div><div class=\"\"><p>&nbsp;<\/p>\n<\/div><\/div><\/div><div id=\"CF5e0b016710c86_1-row-5\"  class=\"row  last_row\"><div  class=\"col-sm-12  single\"><div data-field-wrapper=\"fld_1120464\" class=\"form-group\" id=\"fld_1120464_1-wrap\">\r\n<div class=\"\">\r\n\n<div class=\"checkbox-inline caldera-forms-consent-field\">\n    <input data-parsley-required=\"true\" data-parsley-group=\"fld_1120464_1\" data-parsley-multiple=\"fld_1120464_1\"        type=\"checkbox\" data-label=\"J\u2019acceptes les conditions s\u2019appliquant aux membres et je m\u2019inscris de mani\u00e8re d\u00e9finitive.\"\n        data-field=\"fld_1120464\"\n        id=\"fld_1120464_1\"\n        class=\"fld_1120464_1 option-required\"\n        name=\"fld_1120464\"\n        value=\"1\"\n        data-type=\"checkbox\"\n        data-checkbox-field=\"fld_1120464_1\"\n    >\n    <label for=\"fld_1120464_1\"\n           class=\"caldera-forms-gdpr-field-label\"\n           style=\"display:inline; margin-left: 0.5rem;\"\n    >\n                <p\n            class=\"caldera-forms-consent-field-agreement\"\n        >\n            J\u2019acceptes les conditions s\u2019appliquant aux membres et je m\u2019inscris de mani\u00e8re d\u00e9finitive.        <\/p>\n        <a href=\"\"\n           target=\"_blank\"\n                title=\"Page de politique de confidentialit\u00e9\"\n            class=\"caldera-forms-consent-field-linked_text\"\n            >\n            Disclaimer        <\/a>\n    <\/label>\n    <span style=\"color:#ff0000;\">*<\/span>\n<\/div>\n\n<\/div>\r\n<\/div>\r\n<div data-field-wrapper=\"fld_3318499\" class=\"form-group\" id=\"fld_3318499_1-wrap\">\r\n<div class=\"\">\r\n\n<div class=\"checkbox-inline caldera-forms-consent-field\">\n    <input data-parsley-required=\"true\" data-parsley-group=\"fld_3318499_1\" data-parsley-multiple=\"fld_3318499_1\"        type=\"checkbox\" data-label=\"Privacy\"\n        data-field=\"fld_3318499\"\n        id=\"fld_3318499_1\"\n        class=\"fld_3318499_1 option-required\"\n        name=\"fld_3318499\"\n        value=\"1\"\n        data-type=\"checkbox\"\n        data-checkbox-field=\"fld_3318499_1\"\n    >\n    <label for=\"fld_3318499_1\"\n           class=\"caldera-forms-gdpr-field-label\"\n           style=\"display:inline; margin-left: 0.5rem;\"\n    >\n                <p\n            class=\"caldera-forms-consent-field-agreement\"\n        >\n             J&#039;accepte que mon nom et mon adresse professionnelle soient inscrits au registre des th\u00e9rapeutes sur le site internet d&#039;EMDR Suisse au plus t\u00f4t apr\u00e8s l&#039;ach\u00e8vement du niveau 2, ainsi que mon nom soit mentionn\u00e9 dans la newsletter \/ le journal apr\u00e8s la certification.        <\/p>\n        <a href=\"\"\n           target=\"_blank\"\n                title=\"Page de politique de confidentialit\u00e9\"\n            class=\"caldera-forms-consent-field-linked_text\"\n            >\n            Disclaimer        <\/a>\n    <\/label>\n    <span style=\"color:#ff0000;\">*<\/span>\n<\/div>\n\n<\/div>\r\n<\/div>\r\n<span class=\"caldera-forms-conditional-field\" role=\"region\" aria-live=\"polite\" id=\"conditional_fld_4787999_1\" data-field-id=\"fld_4787999_1\"><div data-field-wrapper=\"fld_4787999\" class=\"form-group\" id=\"fld_4787999_1-wrap\">\r\n<div class=\"\">\r\n\t<input  class=\"btn btn-default\" type=\"submit\" name=\"fld_4787999\" id=\"fld_4787999_1\" value=\"Envoyer\" data-field=\"fld_4787999\"  >\n<\/div>\r\n<\/div>\r\n\t<input class=\"button_trigger_1\" type=\"hidden\" name=\"fld_4787999\" id=\"fld_4787999_1_btn\" value=\"\" data-field=\"fld_4787999\"  \/>\n<\/span><\/div><\/div><\/form>\r\n<\/div>\r\n<script type=\"text\/javascript\">\r\nif( typeof caldera_conditionals === \"undefined\" ){ var caldera_conditionals = {}; }caldera_conditionals.CF5e0b016710c86_1 = {\"fld_4787999_1\":{\"type\":\"disable\",\"group\":{\"rw_fgkpzaxxp\":{\"cl_ypnlbue\":{\"id\":\"cl_ypnlbue\",\"field\":\"fld_3318499\",\"value\":\"fld_3318499\",\"compare\":\"isnot\",\"parent\":\"rw_fgkpzaxxp\",\"selectors\":{\"fld_3318499\":\"[data-field=\\\"fld_3318499\\\"]\"}}}}}};\r\n<\/script>\r\n\n<p>[\/vc_column_text][\/vc_column][\/vc_row]<\/p>\n<\/div>","protected":false},"excerpt":{"rendered":"<p>[vc_row][vc_column width=\u00a0\u00bb1\/4&Prime; css=\u00a0\u00bb.vc_custom_1560438953287{margin-top: 50px !important;}\u00a0\u00bb][vc_wp_custommenu nav_menu=\u00a0\u00bb21&Prime;][\/vc_column][vc_column width=\u00a0\u00bb3\/4&Prime;][vc_column_text] Inscription [\/vc_column_text][vc_empty_space][vc_column_text] [\/vc_column_text][\/vc_column][\/vc_row]<\/p>\n","protected":false},"author":1,"featured_media":0,"parent":0,"menu_order":0,"comment_status":"closed","ping_status":"closed","template":"","meta":{"footnotes":""},"class_list":["post-776","page","type-page","status-publish","hentry"],"_links":{"self":[{"href":"https:\/\/emdr-ch.org\/fr\/wp-json\/wp\/v2\/pages\/776","targetHints":{"allow":["GET"]}}],"collection":[{"href":"https:\/\/emdr-ch.org\/fr\/wp-json\/wp\/v2\/pages"}],"about":[{"href":"https:\/\/emdr-ch.org\/fr\/wp-json\/wp\/v2\/types\/page"}],"author":[{"embeddable":true,"href":"https:\/\/emdr-ch.org\/fr\/wp-json\/wp\/v2\/users\/1"}],"replies":[{"embeddable":true,"href":"https:\/\/emdr-ch.org\/fr\/wp-json\/wp\/v2\/comments?post=776"}],"version-history":[{"count":6,"href":"https:\/\/emdr-ch.org\/fr\/wp-json\/wp\/v2\/pages\/776\/revisions"}],"predecessor-version":[{"id":895,"href":"https:\/\/emdr-ch.org\/fr\/wp-json\/wp\/v2\/pages\/776\/revisions\/895"}],"wp:attachment":[{"href":"https:\/\/emdr-ch.org\/fr\/wp-json\/wp\/v2\/media?parent=776"}],"curies":[{"name":"wp","href":"https:\/\/api.w.org\/{rel}","templated":true}]}}