{"id":790,"date":"2019-05-27T15:57:47","date_gmt":"2019-05-27T13:57:47","guid":{"rendered":"http:\/\/emdr-ch.org\/terapeuta-emdr\/"},"modified":"2025-03-20T21:12:50","modified_gmt":"2025-03-20T20:12:50","slug":"terapeuta-emdr","status":"publish","type":"page","link":"https:\/\/emdr-ch.org\/fr\/terapeuta-emdr\/","title":{"rendered":"praticien\/ne EMDR"},"content":{"rendered":"<div class=\"wpb-content-wrapper\"><p>[vc_row][vc_column width=\u00a0\u00bb1\/4&Prime; css=\u00a0\u00bb.vc_custom_1560436863964{margin-top: 50px !important;}\u00a0\u00bb][vc_wp_custommenu nav_menu=\u00a0\u00bb20&Prime;][\/vc_column][vc_column width=\u00a0\u00bb3\/4&Prime;][vc_column_text]<\/p>\n<h3>Certificat praticien\/ne EMDR (EMDR Practitioner)<\/h3>\n<p><strong>Veuillez v\u00e9rifier que le formateur\/la formatrice est reconnu par EMDR Europe au moment de la formation.<\/strong><\/p>\n<p><strong>Conditions pour l\u2019obtention du certificat de\u00a0<\/strong><strong>praticien\/ne EMDR (EMDR Practitioner)<\/strong><\/p>\n<ul>\n<li>\n<div><span lang=\"FR-CH\">La personne candidate fournit une preuve de sa capacit\u00e9 \u00e0 exercer la psychoth\u00e9rapie conform\u00e9ment aux dispositions l\u00e9gales en vigueur.<\/span><\/div>\n<\/li>\n<li>\n<div><span lang=\"FR-CH\">La personne candidate a suivi au moins deux niveaux de formation (niveau I et II) aupr\u00e8s d&rsquo;instituts de formation reconnus par EMDR Europe.<\/span><\/div>\n<\/li>\n<li>\n<div><span lang=\"FR-CH\">La personne candidate a une exp\u00e9rience d&rsquo;au moins deux ans dans le domaine de la psychoth\u00e9rapie<\/span>.<\/div>\n<\/li>\n<li>\n<div><span lang=\"FR-CH\">La personne candidate a effectu\u00e9 au moins 50 heures (\u00e0 60 minutes) de s\u00e9ances EMDR avec au moins 25 clients (conform\u00e9ment au formulaire d&rsquo;auto-d\u00e9claration).<\/span><\/div>\n<\/li>\n<li>\n<div><span lang=\"FR-CH\">La personne candidate atteste d&rsquo;au moins 20 heures (\u00e0 60 min.) de supervision individuelle ou en groupe aupr\u00e8s d&rsquo;un superviseur\/une superviseuse reconnu\/e par EMDR Europe.<\/span><\/div>\n<\/li>\n<li>\n<div><span lang=\"FR-CH\">Deux r\u00e9f\u00e9rences sont \u00e0 fournir, l\u2019une d\u2019un superviseur\/une superviseuse reconnu\/e par EMDR Europe (par exemple sur le formulaire d\u2019\u00e9valuation des comp\u00e9tences), la deuxi\u00e8me d\u2019une personne apte \u00e0 \u00e9valuer la pratique professionnelle et la r\u00e9putation du\/de la candidate.<\/span><\/div>\n<\/li>\n<li>\n<div><span lang=\"FR-CH\">Les superviseurs\/superviseuses qui examinent la demande doivent avoir pu observer directement le travail EMDR du\/de la candidat\/e par l\u2019utilisation de vid\u00e9os et le confirment par \u00e9crit sur le formulaire d\u2019\u00e9valuation des comp\u00e9tences.<\/span><\/div>\n<\/li>\n<li>\n<div><span lang=\"FR-CH\">La personne candidate est membre de l&rsquo;association nationale EMDR Suisse.<\/span><\/div>\n<\/li>\n<li>\n<div><span lang=\"FR-CH\">La personne candidate soumet un formulaire d\u2019\u00e9valuation des comp\u00e9tences d\u00fbment rempli et sign\u00e9 par un\/une superviseur\/superviseuse reconnu\/e par EMDR Europe.<\/span><\/div>\n<\/li>\n<\/ul>\n<p>Le certificat est valable pour une dur\u00e9e de 5 ans et peut \u00eatre renouvel\u00e9 (<a href=\"https:\/\/emdr-ch.org\/fr\/ri-accreditamento-emdr-practitioner\/\">conditions de r\u00e9-accr\u00e9ditation).<\/a><\/p>\n<p>Les frais pour le certificat sont de CHF 90.-.\u00a0Les frais pour la r\u00e9-accr\u00e9ditation sont de CHF 70.-.<\/p>\n<p><a href=\"https:\/\/emdr-ch.org\/wp-content\/uploads\/2023\/11\/2023-11_Mindestanforderungen_EMDR-Europe-Practitioner_FR.pdf\" target=\"_blank\" rel=\"noopener noreferrer\">formulaire de demande d&rsquo;obtention du certificat praticien\/ne EMDR<\/a><br \/>\n<a href=\"https:\/\/emdr-ch.org\/wp-content\/uploads\/2023\/11\/2023-11_Selbstdeklaration_EMDR-Europe-Practitioner_FR.docx\" target=\"_blank\" rel=\"noopener noreferrer\">formulaire \u00e9lectronique d&rsquo;autod\u00e9claration<\/a><br \/>\n<a href=\"https:\/\/emdr-ch.org\/wp-content\/uploads\/2024\/04\/2024-04_EMDR-Kompetenzrahmen_FR.pdf\" target=\"_blank\" rel=\"noopener noreferrer\">formulaire d&rsquo;evaluation des comp\u00e9tences (pour superviseurs\/superviseuses)<\/a><\/p>\n<p>valable \u00e0 partir du 01.11.2023[\/vc_column_text][\/vc_column][\/vc_row]<\/p>\n<\/div>","protected":false},"excerpt":{"rendered":"<p>[vc_row][vc_column width=\u00a0\u00bb1\/4&Prime; css=\u00a0\u00bb.vc_custom_1560436863964{margin-top: 50px !important;}\u00a0\u00bb][vc_wp_custommenu nav_menu=\u00a0\u00bb20&Prime;][\/vc_column][vc_column width=\u00a0\u00bb3\/4&Prime;][vc_column_text] Certificat praticien\/ne EMDR (EMDR Practitioner) Veuillez v\u00e9rifier que le formateur\/la formatrice est reconnu par EMDR Europe au moment de la formation. Conditions pour l\u2019obtention du certificat de\u00a0praticien\/ne EMDR (EMDR Practitioner) La personne candidate fournit une preuve de sa capacit\u00e9 \u00e0 exercer la psychoth\u00e9rapie conform\u00e9ment aux dispositions l\u00e9gales en<\/p>\n","protected":false},"author":1,"featured_media":0,"parent":0,"menu_order":0,"comment_status":"closed","ping_status":"closed","template":"","meta":{"footnotes":""},"class_list":["post-790","page","type-page","status-publish","hentry"],"_links":{"self":[{"href":"https:\/\/emdr-ch.org\/fr\/wp-json\/wp\/v2\/pages\/790","targetHints":{"allow":["GET"]}}],"collection":[{"href":"https:\/\/emdr-ch.org\/fr\/wp-json\/wp\/v2\/pages"}],"about":[{"href":"https:\/\/emdr-ch.org\/fr\/wp-json\/wp\/v2\/types\/page"}],"author":[{"embeddable":true,"href":"https:\/\/emdr-ch.org\/fr\/wp-json\/wp\/v2\/users\/1"}],"replies":[{"embeddable":true,"href":"https:\/\/emdr-ch.org\/fr\/wp-json\/wp\/v2\/comments?post=790"}],"version-history":[{"count":26,"href":"https:\/\/emdr-ch.org\/fr\/wp-json\/wp\/v2\/pages\/790\/revisions"}],"predecessor-version":[{"id":4877,"href":"https:\/\/emdr-ch.org\/fr\/wp-json\/wp\/v2\/pages\/790\/revisions\/4877"}],"wp:attachment":[{"href":"https:\/\/emdr-ch.org\/fr\/wp-json\/wp\/v2\/media?parent=790"}],"curies":[{"name":"wp","href":"https:\/\/api.w.org\/{rel}","templated":true}]}}