{"id":809,"date":"2019-05-27T16:32:22","date_gmt":"2019-05-27T14:32:22","guid":{"rendered":"http:\/\/emdr-ch.org\/terapeuta-emdr-per-bambini-e-adolescenti\/"},"modified":"2025-03-20T21:14:36","modified_gmt":"2025-03-20T20:14:36","slug":"terapeuta-emdr-per-bambini-e-adolescenti","status":"publish","type":"page","link":"https:\/\/emdr-ch.org\/fr\/terapeuta-emdr-per-bambini-e-adolescenti\/","title":{"rendered":"praticien\/ne EMDR enfants &#038; adolescents"},"content":{"rendered":"<div class=\"wpb-content-wrapper\"><p>[vc_row][vc_column width=\u00a0\u00bb1\/4&Prime; css=\u00a0\u00bb.vc_custom_1560436933528{margin-top: 50px !important;}\u00a0\u00bb][vc_wp_custommenu nav_menu=\u00a0\u00bb20&Prime;][\/vc_column][vc_column width=\u00a0\u00bb3\/4&Prime;][vc_column_text]<\/p>\n<h3>Certificat praticien\/ne EMDR enfants &amp; adolescents (EMDR Child &amp; Adolescent Practitioner)<\/h3>\n<div><strong>Veuillez v\u00e9rifier que le formateur\/la formatrice est reconnu par EMDR Europe au moment de la formation.<\/strong><\/div>\n<p><strong>Conditions pour l&rsquo;obtention du certificat praticien\/ne EMDR enfants &amp; adolescents (EMDR Europe Child &amp; Adolescent Practitioner)<\/strong><\/p>\n<ul>\n<li>\n<div><span lang=\"FR-CH\">La personne candidate fournit une preuve de sa capacit\u00e9 \u00e0 exercer la psychoth\u00e9rapie conform\u00e9ment aux dispositions l\u00e9gales en vigueur.<\/span><\/div>\n<\/li>\n<li>\n<div><span lang=\"FR-CH\">La personne candidate a suivi au moins deux niveaux de formation pour adultes (niveau I et II) aupr\u00e8s d&rsquo;instituts de formation reconnus par EMDR Europe.<\/span><\/div>\n<\/li>\n<li>\n<div><span lang=\"FR-CH\">La personne candidate fournit un certificat de formation compl\u00e9mentaire \u00ab\u00a0EMDR enfants et adolescents\u00a0\u00bb qu&rsquo;il\/elle a enti\u00e8rement accompli<\/span>.<\/div>\n<\/li>\n<li>La personne candidate a une exp\u00e9rience d&rsquo;au moins deux ans dans le domaine de la psychoth\u00e9rapie.<\/li>\n<li>\n<div><span lang=\"FR-CH\">La personne candidate a effectu\u00e9 au moins 50 heures (\u00e0 60 min.) de s\u00e9ances EMDR avec au moins 25 enfants &amp; adolescents (conform\u00e9ment au formulaire d&rsquo;auto-d\u00e9claration).<\/span><\/div>\n<\/li>\n<li>\n<div><span lang=\"FR-CH\">La personne candidate atteste d&rsquo;au moins 20 heures (\u00e0 60 min.) de supervision EMDR individuelle ou en groupe aupr\u00e8s d&rsquo;un\/une superviseur\/superviseuse reconnu\/e par EMDR Europe, dont au moins 8 heures de supervision aupr\u00e8s d&rsquo;un\/une superviseur\/superviseuse EMDR pour enfants et adolescents reconnu\/e par EMDR Europe<\/span>.<\/div>\n<\/li>\n<li>\n<div><span lang=\"FR-CH\">Deux r\u00e9f\u00e9rences sont \u00e0 fournir, l\u2019une d\u2019un superviseur\/une superviseuse pour enfants &amp; adolescents reconnu\/e par EMDR Europe (par exemple sur le formulaire d\u2019\u00e9valuation des comp\u00e9tences), la deuxi\u00e8me d\u2019une personne apte \u00e0 \u00e9valuer la pratique professionnelle et la r\u00e9putation du\/de la candidate.<\/span><\/div>\n<\/li>\n<li>\n<div><span lang=\"FR-CH\">Les superviseurs\/superviseuses EMDR pour enfants et adolescents qui examinent la demande doivent avoir pu observer directement le travail EMDR de la personne candidate par l\u2019utilisation de 2 vid\u00e9os (1 vid\u00e9o avec un enfant jusqu&rsquo;\u00e0 8 ans inclus et 1 vid\u00e9o avec un enfant de plus de 8 ans) et le confirment par \u00e9crit sur le formulaire d\u2019\u00e9valuation des comp\u00e9tences.<\/span><\/div>\n<\/li>\n<li>\n<div><span lang=\"FR-CH\">La personne candidate est membre de l&rsquo;association nationale EMDR Suisse.<\/span><\/div>\n<\/li>\n<li>\n<div><span lang=\"FR-CH\">La personne candidate soumet un formulaire d\u2019\u00e9valuation des comp\u00e9tences d\u00fbment rempli et sign\u00e9 par un\/une superviseur\/superviseuse pour enfants et adolescents reconnu\/e par EMDR Europe.<\/span><\/div>\n<\/li>\n<\/ul>\n<p>Le certificat est valable pour une dur\u00e9e de 5 ans et peut \u00eatre renouvel\u00e9 (<a href=\"https:\/\/emdr-ch.org\/fr\/ri-accreditamento-emdr-practitioner\/\">conditions de r\u00e9-accr\u00e9ditation).<\/a><\/p>\n<p>Les frais pour le certificat sont de CHF 90.-. Les frais pour la r\u00e9-accr\u00e9ditation sont de CHF 70.-.<\/p>\n<p><a href=\"https:\/\/emdr-ch.org\/wp-content\/uploads\/2025\/03\/2025-03_Mindestanforderungen_EMDR-Europe-Practitioner-CA_FR.pdf\">formulaire de demande d\u2019obtention du certificat praticien\/ne EMDR enfants &amp; adolescents<\/a><br \/>\n<a href=\"https:\/\/emdr-ch.org\/wp-content\/uploads\/2024\/04\/2024-04_Selbstdeklaration_EMDR-Europe-Practitioner-CA_FR.docx\">formulaire \u00e9lectronique d&rsquo;autod\u00e9claration<\/a><br \/>\n<a href=\"http:\/\/emdr-ch.org\/wp-content\/uploads\/2019\/12\/Cadre_daccreditation_praticien_EMDR_Europe_Enfant_Adolescents.pdf\">formulaire d\u2019evaluation des comp\u00e9tences du praticien\/de la praticienne EMDR enfants &amp; adolescents (pour superviseurs\/superviseuses)<\/a><\/p>\n<p>Valable d\u00e8s le 20.03.2025<\/p>\n<p>[\/vc_column_text][\/vc_column][\/vc_row]<\/p>\n<\/div>","protected":false},"excerpt":{"rendered":"<p>[vc_row][vc_column width=\u00a0\u00bb1\/4&Prime; css=\u00a0\u00bb.vc_custom_1560436933528{margin-top: 50px !important;}\u00a0\u00bb][vc_wp_custommenu nav_menu=\u00a0\u00bb20&Prime;][\/vc_column][vc_column width=\u00a0\u00bb3\/4&Prime;][vc_column_text] Certificat praticien\/ne EMDR enfants &amp; adolescents (EMDR Child &amp; Adolescent Practitioner) Veuillez v\u00e9rifier que le formateur\/la formatrice est reconnu par EMDR Europe au moment de la formation. Conditions pour l&rsquo;obtention du certificat praticien\/ne EMDR enfants &amp; adolescents (EMDR Europe Child &amp; Adolescent Practitioner) La personne candidate fournit une<\/p>\n","protected":false},"author":1,"featured_media":0,"parent":0,"menu_order":0,"comment_status":"closed","ping_status":"closed","template":"","meta":{"footnotes":""},"class_list":["post-809","page","type-page","status-publish","hentry"],"_links":{"self":[{"href":"https:\/\/emdr-ch.org\/fr\/wp-json\/wp\/v2\/pages\/809","targetHints":{"allow":["GET"]}}],"collection":[{"href":"https:\/\/emdr-ch.org\/fr\/wp-json\/wp\/v2\/pages"}],"about":[{"href":"https:\/\/emdr-ch.org\/fr\/wp-json\/wp\/v2\/types\/page"}],"author":[{"embeddable":true,"href":"https:\/\/emdr-ch.org\/fr\/wp-json\/wp\/v2\/users\/1"}],"replies":[{"embeddable":true,"href":"https:\/\/emdr-ch.org\/fr\/wp-json\/wp\/v2\/comments?post=809"}],"version-history":[{"count":30,"href":"https:\/\/emdr-ch.org\/fr\/wp-json\/wp\/v2\/pages\/809\/revisions"}],"predecessor-version":[{"id":4878,"href":"https:\/\/emdr-ch.org\/fr\/wp-json\/wp\/v2\/pages\/809\/revisions\/4878"}],"wp:attachment":[{"href":"https:\/\/emdr-ch.org\/fr\/wp-json\/wp\/v2\/media?parent=809"}],"curies":[{"name":"wp","href":"https:\/\/api.w.org\/{rel}","templated":true}]}}