{"id":830,"date":"2019-05-27T16:34:53","date_gmt":"2019-05-27T14:34:53","guid":{"rendered":"http:\/\/emdr-ch.org\/supervisore-emdr\/"},"modified":"2022-10-16T20:02:34","modified_gmt":"2022-10-16T18:02:34","slug":"supervisore-emdr","status":"publish","type":"page","link":"https:\/\/emdr-ch.org\/fr\/supervisore-emdr\/","title":{"rendered":"superviseur EMDR"},"content":{"rendered":"<div class=\"wpb-content-wrapper\"><p>[vc_row][vc_column width=\u00a0\u00bb1\/4&Prime; css=\u00a0\u00bb.vc_custom_1560436987162{margin-top: 50px !important;}\u00a0\u00bb][vc_wp_custommenu nav_menu=\u00a0\u00bb20&Prime;][\/vc_column][vc_column width=\u00a0\u00bb3\/4&Prime;][vc_column_text]<\/p>\n<h3>Certificat Superviseurs EMDR (EMDR Consultant)<\/h3>\n<p><strong>Pr\u00e9requis pour la formation :<\/strong><\/p>\n<ul>\n<li>Les candidats \u00e0 la formation de superviseur\/superviseuse EMDR Europe doivent avoir \u00e9t\u00e9 accr\u00e9dit\u00e9(e)s en tant que praticien\/ne EMDR Europe (Practitioner) depuis au moins un an avant le d\u00e9but de la formation de superviseur\/superviseuse.<\/li>\n<li>Si la formation est pr\u00e9vue \u00e0 l&rsquo;\u00e9tranger, l&rsquo;association nationale doit \u00eatre contact\u00e9e \u00e0 l&rsquo;avance en vue d&rsquo;obtenir une lettre de recommandation. Cela permettra de d\u00e9terminer si les crit\u00e8res pr\u00e9alables \u00e0 la formation sont remplis.<\/li>\n<\/ul>\n<p><strong>Crit\u00e8res de certification en tant que superviseur\/superviseuse EMDR (Consultant) par EMDR Suisse :<\/strong><\/p>\n<ol>\n<li>La personne candidate est membre de son association EMDR nationale.<\/li>\n<li>La personne candidate atteste respecter les standards professionnels et \u00e9thiques de son association professionnelle et de l\u2019association EMDR Suisse, en particulier le code \u00e9thique d\u2019EMDR Europe.<\/li>\n<li>La personne candidate atteste exercer au moins 16 heures par semaine en tant que psychoth\u00e9rapeute (incluant les heures de pratique de la supervision).<\/li>\n<li>La personne candidate doit fournir une preuve de son aptitude \u00e0 exercer la psychoth\u00e9rapie selon les r\u00e9glementations l\u00e9gales en vigueur et une preuve d&rsquo;avoir une assurance responsabilit\u00e9 professionnelle.<\/li>\n<li>La personne candidate poss\u00e8de au moins 3 ans d&rsquo;exp\u00e9rience en th\u00e9rapie EMDR apr\u00e8s l\u2019obtention du certificat de praticien\/ne EMDR Europe accr\u00e9dit\u00e9 (Practitioner).<\/li>\n<li>La personne candidate pr\u00e9sente une attestation \u00e9tablie par un superviseur\/une superviseuse (Consultant) d\u2019avoir trait\u00e9 une large gamme de patients pr\u00e9sentant des diagnostics vari\u00e9s et d\u2019une complexit\u00e9 variable.<\/li>\n<li>La personne candidate a effectu\u00e9 au moins 400 s\u00e9ances d&rsquo;EMDR de 60 minutes depuis l\u2019obtention du certificat de praticien\/ne EMDR Europe accr\u00e9dit\u00e9 (Practitioner).<\/li>\n<li>La personne candidate a trait\u00e9 un minimum de 75 clients en EMDR depuis qu&rsquo;elle a \u00e9t\u00e9 accr\u00e9dit\u00e9e practitien\/ne EMDR Europe (Practitioner). Les cas de clients utilis\u00e9s pour le certificat de praticien\/ne EMDR Europe accr\u00e9dit\u00e9 (Practitioner) ne peuvent pas \u00eatre r\u00e9utilis\u00e9s \u00e0 cette fin.<\/li>\n<li>La personne candidate atteste d\u2019au moins 20 heures (\u00e0 60 minutes) de supervision EMDR de son travail clinique EMDR et de supervision de sa propre supervision EMDR (supervision individuelle ou de groupe) avec un superviseur\/une superviseuse accr\u00e9dit\u00e9\/e EMDR Europe (Consultant). L\u2019attestation doit pr\u00e9ciser que la personne candidate a d\u00e9montr\u00e9 sa comp\u00e9tence autant dans la supervision de la th\u00e9rapie EMDR que dans sa pratique clinique.<\/li>\n<li>La personne candidate doit apporter une deuxi\u00e8me lettre de recommandation \u00e0 l&rsquo;appui de la candidature d&rsquo;une personne qui peut \u00e9valuer la pratique professionnelle et la r\u00e9putation de la personne candidate (pas forc\u00e9ment un\/e th\u00e9rapeute EMDR).<\/li>\n<li>La personne candidate pr\u00e9sente une attestation de participation r\u00e9ussie \u00e0 la formation de superviseur\/ superviseuse (Consultant) ainsi qu\u2019une recommandation d&rsquo;un formateur\/ d\u2019une formatrice EMDR des superviseurs (Trainer).<\/li>\n<li>Depuis son accr\u00e9ditation en tant que praticien\/ne EMDR (Practitioner), la personne candidate a suivi au moins 30 heures de formation professionnelle continue en EMDR selon les crit\u00e8res de l\u2019association EMDR Suisse et elle est au courant de la recherche actuelle en EMDR.<\/li>\n<li>Attestation d\u2019avoir pr\u00e9sent\u00e9 au moins 3 vid\u00e9os (ou s\u00e9ances in vivo) de la pratique professionnelle de la personne candidate qui r\u00e9pondent aux normes requises pour les superviseurs (Consultant)\u00a0:\n<ul>\n<li>une s\u00e9ance clinique de th\u00e9rapie EMDR (vid\u00e9o)<\/li>\n<li>une supervision individuelle EMDR d&rsquo;un traitement en EMDR (vid\u00e9o ou s\u00e9ance in vivo)<\/li>\n<li>une supervision de groupe EMDR d&rsquo;un traitement en EMDR (vid\u00e9o ou s\u00e9ance in vivo)<\/li>\n<\/ul>\n<\/li>\n<\/ol>\n<p style=\"padding-left: 40px;\">Les vid\u00e9os utilis\u00e9es pour le certificat de praticien EMDR (Practitioner) ne peuvent pas \u00eatre r\u00e9utilis\u00e9es \u00e0 cette fin.<\/p>\n<p>14. Cadre de comp\u00e9tences enti\u00e8rement compl\u00e9t\u00e9 et sign\u00e9 par un formateur\/une formatrice (Trainer) et un superviseur\/une superviseuse (Consultant) accr\u00e9dit\u00e9 par EMDR Europe.<\/p>\n<p>Le certificat est valide pour cinq ans et est renouvel\u00e9 sur preuve de 50 heures (\u00e0 60 minutes) de formation et\/ou de supervision EMDR. Vous trouverez les exigences exactes sur notre site internet sous <a href=\"https:\/\/emdr-ch.org\/fr\/ri-accreditamento-emdr-practitioner\/\">Formation\/R\u00e9-Accr\u00e9ditation<\/a>.<\/p>\n<p>Tous les crit\u00e8res ci-dessus sont certifi\u00e9s soit par le superviseur\/la superviseuse accr\u00e9dit\u00e9\/e EMDR Europe (Consultant) soit par le formateur\/la formatrice accr\u00e9dit\u00e9\/e EMDR Europe et ensuite soumis \u00e0 l\u2019association EMDR Suisse. L&rsquo;association professionnelle EMDR Suisse souligne express\u00e9ment que le certificat de superviseur\/superviseuse EMDR ne peut \u00eatre d\u00e9livr\u00e9 que si tous les crit\u00e8res ci-dessus sont remplis.<\/p>\n<p>EMDR Suisse accr\u00e9dite les superviseurs qui satisfont aux standards ci-dessus, mais ne peut assumer la responsabilit\u00e9 de la comp\u00e9tence effective de ces superviseurs. Les superviseurs sont seuls responsables de leurs interventions psychoth\u00e9rapeutiques et de supervision.<\/p>\n<p>Il n\u2019est pas possible de donner des supervisions EMDR autonomes avant d&rsquo;\u00eatre certifi\u00e9 Superviseur EMDR Europe par EMDR Suisse.<\/p>\n<p>Les frais pour le certificat sont de CHF 90.- et les frais pour la r\u00e9-accr\u00e9ditation sont de CHF 70.-.<\/p>\n<p>La demande se compose de trois documents :<\/p>\n<ul>\n<li><a href=\"https:\/\/emdr-ch.org\/wp-content\/uploads\/2022\/03\/2022-03_NOUVEAU_Mindestanforderungen_EMDR-Europe-Consultant-FR-1.pdf\">Formulaire<\/a> de candidature superviseur\/superviseuse accr\u00e9dit\u00e9\/e EMDR Europe (Consultant)<\/li>\n<li><a href=\"https:\/\/emdr-ch.org\/wp-content\/uploads\/2022\/10\/2022-10_NOUVEAU_Selbstdeklaration_EMDR-Europe-Consultant-FR.docx\">Auto-d\u00e9claration<\/a> des 75 patients trait\u00e9s par l&rsquo;EMDR<\/li>\n<li><a href=\"https:\/\/emdr-ch.org\/wp-content\/uploads\/2022\/03\/2022-03_NOUVEAU_Kompetenzrahmen_EMDR-Europe-Consultant-FR-1.pdf\">Cadre de comp\u00e9tences<\/a> superviseur\/superviseuse accr\u00e9dit\u00e9\/e EMDR Europe (Consultant)<\/li>\n<\/ul>\n<div><span lang=\"FR-CH\">valable \u00e0 partir du 17 mars 2022<\/span>[\/vc_column_text][\/vc_column][\/vc_row]<\/div>\n<\/div>","protected":false},"excerpt":{"rendered":"<p>[vc_row][vc_column width=\u00a0\u00bb1\/4&Prime; css=\u00a0\u00bb.vc_custom_1560436987162{margin-top: 50px !important;}\u00a0\u00bb][vc_wp_custommenu nav_menu=\u00a0\u00bb20&Prime;][\/vc_column][vc_column width=\u00a0\u00bb3\/4&Prime;][vc_column_text] Certificat Superviseurs EMDR (EMDR Consultant) Pr\u00e9requis pour la formation : Les candidats \u00e0 la formation de superviseur\/superviseuse EMDR Europe doivent avoir \u00e9t\u00e9 accr\u00e9dit\u00e9(e)s en tant que praticien\/ne EMDR Europe (Practitioner) depuis au moins un an avant le d\u00e9but de la formation de superviseur\/superviseuse. Si la formation est pr\u00e9vue<\/p>\n","protected":false},"author":1,"featured_media":0,"parent":0,"menu_order":0,"comment_status":"closed","ping_status":"closed","template":"","meta":{"footnotes":""},"class_list":["post-830","page","type-page","status-publish","hentry"],"_links":{"self":[{"href":"https:\/\/emdr-ch.org\/fr\/wp-json\/wp\/v2\/pages\/830","targetHints":{"allow":["GET"]}}],"collection":[{"href":"https:\/\/emdr-ch.org\/fr\/wp-json\/wp\/v2\/pages"}],"about":[{"href":"https:\/\/emdr-ch.org\/fr\/wp-json\/wp\/v2\/types\/page"}],"author":[{"embeddable":true,"href":"https:\/\/emdr-ch.org\/fr\/wp-json\/wp\/v2\/users\/1"}],"replies":[{"embeddable":true,"href":"https:\/\/emdr-ch.org\/fr\/wp-json\/wp\/v2\/comments?post=830"}],"version-history":[{"count":22,"href":"https:\/\/emdr-ch.org\/fr\/wp-json\/wp\/v2\/pages\/830\/revisions"}],"predecessor-version":[{"id":3574,"href":"https:\/\/emdr-ch.org\/fr\/wp-json\/wp\/v2\/pages\/830\/revisions\/3574"}],"wp:attachment":[{"href":"https:\/\/emdr-ch.org\/fr\/wp-json\/wp\/v2\/media?parent=830"}],"curies":[{"name":"wp","href":"https:\/\/api.w.org\/{rel}","templated":true}]}}