{"id":842,"date":"2019-05-27T16:37:03","date_gmt":"2019-05-27T14:37:03","guid":{"rendered":"http:\/\/emdr-ch.org\/supervisore-emdr-per-bambini-e-adolescenti\/"},"modified":"2022-11-21T09:46:36","modified_gmt":"2022-11-21T08:46:36","slug":"supervisore-emdr-per-bambini-e-adolescenti","status":"publish","type":"page","link":"https:\/\/emdr-ch.org\/fr\/supervisore-emdr-per-bambini-e-adolescenti\/","title":{"rendered":"superviseur EMDR enfants &#038; adolescents"},"content":{"rendered":"<div class=\"wpb-content-wrapper\"><p>[vc_row][vc_column width=\u00a0\u00bb1\/4&Prime; css=\u00a0\u00bb.vc_custom_1560437040915{margin-top: 50px !important;}\u00a0\u00bb][vc_wp_custommenu nav_menu=\u00a0\u00bb20&Prime;][\/vc_column][vc_column width=\u00a0\u00bb3\/4&Prime;][vc_column_text]<\/p>\n<h3>Certificat Superviseurs EMDR enfants &amp; adolescents (EMDR Europe Child &amp; Adolescent Consultant)<\/h3>\n<p><strong>Pr\u00e9requis pour la formation:<\/strong><\/p>\n<ul>\n<li>Les candidats \u00e0 la formation de superviseur\/superviseuse EMDR Europe pour enfants &amp; adolescents doivent avoir \u00e9t\u00e9 accr\u00e9dit\u00e9(e)s en tant que praticien\/ne EMDR Europe pour enfants &amp; adolescents (Practitioner C&amp;A) depuis au moins un an avant le d\u00e9but de la formation de superviseur\/superviseuse pour enfants &amp; adolescents EMDR Europe.<\/li>\n<li>Avant de commencer la formation de superviseur pour enfants et adolescents (Consultant C&amp;A), les candidats doivent avoir suivi au moins le niveau I de la formation de superviseur\/superviseuse pour adultes (Consultant).<\/li>\n<li>Si la formation est pr\u00e9vue \u00e0 l&rsquo;\u00e9tranger, l&rsquo;association nationale doit \u00eatre contact\u00e9e au pr\u00e9alable pour obtenir une lettre de recommandation. Celle-ci d\u00e9termine si les crit\u00e8res pr\u00e9alables \u00e0 la formation sont remplis.<\/li>\n<\/ul>\n<p><strong>Crit\u00e8res de certification en tant que superviseur\/superviseuse EMDR pour enfants &amp; adolescents (EMDR Consultant C&amp;A) par EMDR Suisse :<\/strong><\/p>\n<ol>\n<li>La personne candidate est membre de son association nationale EMDR.<\/li>\n<li>La personne candidate atteste respecter les standards professionnels et \u00e9thiques de son association professionnelle et de l\u2019association EMDR Suisse, en particulier le code d\u2019\u00e9thique approuv\u00e9 par EMDR Europe.<\/li>\n<li>La personne candidate atteste exercer au moins 16 heures par semaine en tant que psychoth\u00e9rapeute (incluant les heures de pratique de la supervision).<\/li>\n<li>La personne candidate doit fournir une preuve de son aptitude \u00e0 exercer la psychoth\u00e9rapie selon les r\u00e9glementations l\u00e9gales en vigueur et une preuve d&rsquo;assurance responsabilit\u00e9 professionnelle.<\/li>\n<li>La personne candidate poss\u00e8de au moins 3 ans d&rsquo;exp\u00e9rience en th\u00e9rapie EMDR apr\u00e8s l\u2019obtention du certificat de praticien\/ne EMDR Europe pour enfants &amp; adolescents (Practitioner C&amp;A). Le travail th\u00e9rapeutique principal consiste en l&rsquo;application de la th\u00e9rapie EMDR aux enfants et adolescents.<\/li>\n<li>La personne candidate pr\u00e9sente une attestation \u00e9tablie par un superviseur\/une superviseuse (Consultant) d\u2019avoir trait\u00e9 une large gamme de patients pr\u00e9sentant des diagnostics divers et une complexit\u00e9 variable.<\/li>\n<li>La personne candidate a effectu\u00e9 au moins 400 s\u00e9ances d&rsquo;EMDR de 60 minutes depuis l\u2019obtention du certificat de praticien\/ne EMDR Europe pour enfants &amp; adolescents (Practitioner C&amp;A).<\/li>\n<li>La personne candidate a trait\u00e9 un minimum de 75 enfants et adolescents en EMDR depuis qu&rsquo;elle a \u00e9t\u00e9 accr\u00e9dit\u00e9e praticien\/ne pour enfants &amp; adolescents EMDR Europe (Practitioner C&amp;A). En cas de double certification pour superviseur adulte (consultant) et superviseur enfants et adolescents (consultant C&amp;A), au moins 25 des 75 patients trait\u00e9s par EMDR doivent \u00eatre des enfants et adolescents. Les cas de clients utilis\u00e9s pour le certificat de th\u00e9rapeute EMDR (Practitioner) et le certificat de th\u00e9rapeute EMDR pour enfants et adolescents (Practitioner C&amp;A) ne peuvent pas \u00eatre r\u00e9utilis\u00e9s \u00e0 cet effet.<\/li>\n<li>La personne candidate atteste d\u2019au moins 20 heures (\u00e0 60 minutes) de supervision EMDR de son travail clinique EMDR et de supervision de sa propre supervision EMDR (supervision individuelle ou de groupe) avec un superviseur\/une superviseuse pour enfants &amp; adolescents accr\u00e9dit\u00e9\/e EMDR Europe (Consultant C&amp;A). L\u2019attestation doit pr\u00e9ciser que la personne candidate a d\u00e9montr\u00e9 sa comp\u00e9tence \u00e0 la fois dans la supervision de la th\u00e9rapie EMDR et dans sa pratique clinique.<\/li>\n<li>Deuxi\u00e8me lettre de recommandation \u00e0 l&rsquo;appui de la candidature d&rsquo;une personne qui peut \u00e9valuer la pratique professionnelle et la r\u00e9putation de la personne candidate (pas forc\u00e9ment un\/e th\u00e9rapeute EMDR).<\/li>\n<li>La personne candidate pr\u00e9sente une attestation de participation r\u00e9ussie \u00e0 la formation de superviseur \/ superviseuse EMDR Europe pour enfants &amp; adolescents (Consultant C&amp;A) ainsi qu\u2019une recommandation d&rsquo;un formateur \/ d\u2019une formatrice pour enfants et adolescents (Trainer C&amp;A) des superviseurs.<\/li>\n<li>Depuis son accr\u00e9ditation en tant que praticien\/ne EMDR Europe pour enfants &amp; adolescents (Practitioner C&amp;A), la personne candidate a suivi au moins 30 heures de formation professionnelle continue en EMDR selon les crit\u00e8res de l\u2019association EMDR Suisse et elle est au courant de la recherche actuelle en EMDR.<\/li>\n<li>Attestation d\u2019avoir pr\u00e9sent\u00e9 au moins 4 vid\u00e9os (ou s\u00e9ances in vivo) de la pratique professionnelle de la personne candidate qui r\u00e9pondent aux normes requises pour les superviseurs pour enfants &amp; adolescents (Consultant C&amp;A)\u00a0:<br \/>\n&#8211; une s\u00e9ance clinique de th\u00e9rapie EMDR d\u2019un enfant de moins de 8 ans (vid\u00e9o)<br \/>\n&#8211; une s\u00e9ance clinique de th\u00e9rapie EMDR d\u2019un enfant de plus de 8 ans (vid\u00e9o)<br \/>\n&#8211; une supervision individuelle EMDR d&rsquo;un traitement en EMDR d\u2019un enfant ou adolescent (vid\u00e9o ou in vivo)<br \/>\n&#8211; une supervision de groupe EMDR d&rsquo;un traitement en EMDR d\u2019un enfant ou adolescent (vid\u00e9o ou in vivo).<br \/>\nLes vid\u00e9os utilis\u00e9es pour le certificat de praticien\/ne EMDR Europe pour enfants &amp; adolescents (Practitioner C&amp;A) ne peuvent pas \u00eatre r\u00e9utilis\u00e9es \u00e0 cette fin.<\/li>\n<li>Cadre de comp\u00e9tences enti\u00e8rement compl\u00e9t\u00e9 et sign\u00e9 par un superviseur\/une superviseuse pour enfants &amp; adolescents (Consultant) ou un formateur\/une formatrice pour enfants &amp; adolescents (Trainer C&amp;A) accr\u00e9dit\u00e9 EMDR Europe.<\/li>\n<\/ol>\n<p>Le certificat est valide pour cinq ans et est renouvel\u00e9 sur preuve de 50 heures (\u00e0 60 minutes) de formation et\/ou de supervision EMDR. Vous trouverez les exigences exactes sur notre site internet sous <a href=\"https:\/\/emdr-ch.org\/fr\/ri-accreditamento-emdr-practitioner\/\">Formation\/R\u00e9-Accr\u00e9ditation<\/a>.<\/p>\n<p>Tous les crit\u00e8res ci-dessus sont certifi\u00e9s soit par le superviseur\/la superviseuse pour enfants &amp; adolescents accr\u00e9dit\u00e9\/e EMDR Europe (Consultant C&amp;A) soit par le formateur\/la formatrice accr\u00e9dit\u00e9\/e EMDR Europe et ensuite soumis \u00e0 l\u2019association EMDR Suisse. L&rsquo;association professionnelle EMDR Suisse souligne express\u00e9ment que le certificat de superviseur\/superviseuse EMDR ne peut \u00eatre d\u00e9livr\u00e9 que si tous les crit\u00e8res ci-dessus sont remplis.<\/p>\n<p>EMDR Suisse accr\u00e9dite les superviseurs qui satisfont aux standards ci-dessus, mais ne peut assumer la responsabilit\u00e9 de la comp\u00e9tence effective de ces superviseurs. Les superviseurs sont seuls responsables de leurs interventions psychoth\u00e9rapeutiques et de supervision.<\/p>\n<p>Il n\u2019est pas possible de donner des supervisions EMDR autonomes avant d&rsquo;\u00eatre certifi\u00e9 superviseur EMDR pour enfants &amp; adolescents par EMDR Suisse.<\/p>\n<p>Les frais pour le certificat sont de CHF 90.- et les frais pour la r\u00e9-accr\u00e9ditation sont de CHF 70.-.<\/p>\n<p>La demande se compose de trois documents :<\/p>\n<ul>\n<li><a href=\"https:\/\/emdr-ch.org\/wp-content\/uploads\/2022\/03\/2022-03_MindestanforderungenCA_EMDR-Europe-ConsultantCA-FR.pdf\">Formulaire de candidature<\/a> superviseur\/superviseuse enfants &amp; adolescents accr\u00e9dit\u00e9\/e EMDR Europe (Consultant C&amp;A)<\/li>\n<li><a href=\"https:\/\/emdr-ch.org\/wp-content\/uploads\/2022\/11\/2022-11_SelbstdeklarationCA_EMDR-Europe-ConsultantCA-FR.docx\">Autod\u00e9claration<\/a> des 75 patients trait\u00e9s par l&rsquo;EMDR<\/li>\n<li><a href=\"https:\/\/emdr-ch.org\/wp-content\/uploads\/2022\/03\/2022-03_KompetenzrahmenCA_EMDR-Europe-ConsultantCA-FR.pdf\">Cadre de comp\u00e9tences<\/a> superviseur\/superviseuse enfants &amp; adolescents accr\u00e9dit\u00e9\/e EMDR Europe (Consultant C&amp;A)<\/li>\n<\/ul>\n<p>valable \u00e0 partir du 17 mars 2022[\/vc_column_text][\/vc_column][\/vc_row]<\/p>\n<\/div>","protected":false},"excerpt":{"rendered":"<p>[vc_row][vc_column width=\u00a0\u00bb1\/4&Prime; css=\u00a0\u00bb.vc_custom_1560437040915{margin-top: 50px !important;}\u00a0\u00bb][vc_wp_custommenu nav_menu=\u00a0\u00bb20&Prime;][\/vc_column][vc_column width=\u00a0\u00bb3\/4&Prime;][vc_column_text] Certificat Superviseurs EMDR enfants &amp; adolescents (EMDR Europe Child &amp; Adolescent Consultant) Pr\u00e9requis pour la formation: Les candidats \u00e0 la formation de superviseur\/superviseuse EMDR Europe pour enfants &amp; adolescents doivent avoir \u00e9t\u00e9 accr\u00e9dit\u00e9(e)s en tant que praticien\/ne EMDR Europe pour enfants &amp; adolescents (Practitioner C&amp;A) depuis au moins<\/p>\n","protected":false},"author":1,"featured_media":0,"parent":0,"menu_order":0,"comment_status":"closed","ping_status":"closed","template":"","meta":{"footnotes":""},"class_list":["post-842","page","type-page","status-publish","hentry"],"_links":{"self":[{"href":"https:\/\/emdr-ch.org\/fr\/wp-json\/wp\/v2\/pages\/842","targetHints":{"allow":["GET"]}}],"collection":[{"href":"https:\/\/emdr-ch.org\/fr\/wp-json\/wp\/v2\/pages"}],"about":[{"href":"https:\/\/emdr-ch.org\/fr\/wp-json\/wp\/v2\/types\/page"}],"author":[{"embeddable":true,"href":"https:\/\/emdr-ch.org\/fr\/wp-json\/wp\/v2\/users\/1"}],"replies":[{"embeddable":true,"href":"https:\/\/emdr-ch.org\/fr\/wp-json\/wp\/v2\/comments?post=842"}],"version-history":[{"count":11,"href":"https:\/\/emdr-ch.org\/fr\/wp-json\/wp\/v2\/pages\/842\/revisions"}],"predecessor-version":[{"id":3592,"href":"https:\/\/emdr-ch.org\/fr\/wp-json\/wp\/v2\/pages\/842\/revisions\/3592"}],"wp:attachment":[{"href":"https:\/\/emdr-ch.org\/fr\/wp-json\/wp\/v2\/media?parent=842"}],"curies":[{"name":"wp","href":"https:\/\/api.w.org\/{rel}","templated":true}]}}