{"id":848,"date":"2019-05-27T16:41:51","date_gmt":"2019-05-27T14:41:51","guid":{"rendered":"http:\/\/emdr-ch.org\/ri-accreditamento-emdr-practitioner\/"},"modified":"2025-02-28T17:56:52","modified_gmt":"2025-02-28T16:56:52","slug":"ri-accreditamento-emdr-practitioner","status":"publish","type":"page","link":"https:\/\/emdr-ch.org\/fr\/ri-accreditamento-emdr-practitioner\/","title":{"rendered":"r\u00e9-accr\u00e9ditation"},"content":{"rendered":"<div class=\"wpb-content-wrapper\"><p>[vc_row][vc_column width=\u00a0\u00bb1\/4&Prime; css=\u00a0\u00bb.vc_custom_1560437100230{margin-top: 50px !important;}\u00a0\u00bb][vc_wp_custommenu nav_menu=\u00a0\u00bb20&Prime;][\/vc_column][vc_column width=\u00a0\u00bb3\/4&Prime;][vc_column_text]<\/p>\n<h3><strong>R\u00e9-Accr\u00e9ditation des certificats EMDR Europe Th\u00e9rapeutes praticiens EMDR &amp; Superviseurs EMDR<\/strong><\/h3>\n<div>\n<p>Les certificats EMDR Europe sont valables pour une dur\u00e9e de <strong>5 ans\u00a0<\/strong>et sont renouvel\u00e9s apr\u00e8s justification de\u00a0<strong>50 heures<\/strong>\u00a0(\u00e0 60 minutes) de formation continue EMDR et\/ou supervision EMDR. La r\u00e9-accr\u00e9ditation permet au th\u00e9rapeute praticien-ne EMDR (Practitioner) ou au superviseur\/superviseuse EMDR (Consultant) de continuer \u00e0 figurer sur la homepage de l&rsquo;association nationale.<\/p>\n<\/div>\n<p>S\u2019il n\u2019est pas renouvel\u00e9, le certificat n\u2019est pas prolong\u00e9 et perd sa validit\u00e9. En cas de r\u00e9siliation de l&rsquo;adh\u00e9sion, le certificat perd sa validit\u00e9 pr\u00e9matur\u00e9ment et doit \u00eatre restitu\u00e9 \u00e0 l&rsquo;association. La perte de validit\u00e9 du certificat entra\u00eene la perte du droit de porter les titres de th\u00e9rapeute praticien-ne EMDR (Practitioner), de th\u00e9rapeute praticien-ne EMDR pour enfants et adolescents (Practitioner C&amp;A), de superviseuse\/superviseur EMDR (Consultant) ou superviseuse\/superviseur EMDR pour enfants et adolescents (Consultant C&amp;A) certifi\u00e9 EMDR Europe. Le droit d&rsquo;\u00eatre inscrit sur la hompage de l&rsquo;association nationale prend \u00e9galement fin.<\/p>\n<p>Uniquement le titre EMDR le plus \u00e9lev\u00e9 doit \u00eatre renouvel\u00e9. Les superviseuses\/superviseurs EMDR (Consultant) sont automatiquement des th\u00e9rapeutes praticien-nes EMDR (Practitioner); cela est valable aussi bien pour le domaine \u00ab<span lang=\"FR-CH\">\u00a0<\/span>adultes \u00bb que pour le domaine \u00ab enfants et adolescents \u00bb.<\/p>\n<p>Sont reconnus comme formation continue:<\/p>\n<ol>\n<li>Formations continues sp\u00e9cifiques EMDR (max. 50 heures)<\/li>\n<li>Congr\u00e8s EMDR et ateliers pr\u00e9-conf\u00e9rences donn\u00e9s par des organisations EMDR agr\u00e9\u00e9es (max. 50 heures)<\/li>\n<li>Supervisions aupr\u00e8s de superviseuses\/superviseurs EMDR agr\u00e9\u00e9s. Les supervisions de groupe et individuelles sont consid\u00e9r\u00e9es comme \u00e9quivalentes (max. 50 heures)<\/li>\n<li>D\u00e9veloppement personnel EMDR (max. 30 heures)<\/li>\n<li>Participation \u00e0 l\u2019assembl\u00e9e des membres d&rsquo;EMDR Suisse, \u00e0 des conf\u00e9rences EMDR, travail d&rsquo;enseignant EMDR, ainsi que propres expos\u00e9s\/articles sur l&rsquo;EMDR (max. 10 heures)<\/li>\n<li>Activit\u00e9 de recherche EMDR\u00a0: recherche clinique et contributions au d\u00e9veloppement de l\u2019EMDR aux niveaux r\u00e9gional, national ou international (max. 10 heures)<\/li>\n<li>Lecture d\u2019ouvrages sp\u00e9cialis\u00e9s sur l\u2019EMDR (selon propre d\u00e9claration) (max. 10 heures)<\/li>\n<li>Groupe d\u2019intervision avec au minimum un\/une autre th\u00e9rapeute praticien-ne EMDR dipl\u00f4m\u00e9-e (nom, lieu, signature) (max. 10 heures)<\/li>\n<li>Formation continue en psycho-traumatologie non sp\u00e9cifiquement EMDR (max. 10 heures)<\/li>\n<\/ol>\n<p>Veuillez noter que parmi les 50 heures obligatoires \u00e0 fournir pour le renouvellement du certificat, au moins 20 heures doivent \u00eatre r\u00e9parties entre les points 1 \u00e0 3. Les 30 heures restantes peuvent \u00eatre librement r\u00e9parties entre les autres domaines.<\/p>\n<p>Lors de la\u00a0<strong>r\u00e9-accr\u00e9ditation<\/strong>\u00a0d&rsquo;un\u00a0<strong>certificat pour<\/strong>\u00a0<strong>enfants et adolescents<\/strong>\u00a0(E&amp;A), sur les 25 heures obligatoires \u00e0 fournir dans le domaine E&amp;A, 10 heures au moins doivent l\u2019\u00eatre dans les points 1 \u00e0 3 (formations continues EMDR E&amp;A, congr\u00e8s avec ateliers sp\u00e9ciales E&amp;A, ateliers pr\u00e9-conf\u00e9rences E&amp;A, supervisions EMDR E&amp;A).<\/p>\n<p><strong>R\u00e9-accr\u00e9ditation de doubles certifications (simultan\u00e9ment pour adultes et E&amp;A) :\u00a0<\/strong>La re-accr\u00e9ditation des deux titres se fait simultan\u00e9ment selon les directives en vigueur ci-dessus. Sur les 50 heures exig\u00e9es, au moins 10 heures doivent \u00eatre attest\u00e9es dans le domaine des enfants et des adolescents aux points 1 &#8211; 3 (formations continues EMDR E&amp;A, congr\u00e8s avec ateliers sp\u00e9ciales E&amp;A,\u00a0ateliers pr\u00e9-conf\u00e9rences E&amp;A, supervisions EMDR E&amp;A).<\/p>\n<p>Pour pr\u00e9senter votre dossier de r\u00e9-accr\u00e9ditation, veuillez utiliser le <a href=\"https:\/\/emdr-ch.org\/wp-content\/uploads\/2025\/02\/2025-02-Antragsformular-Re-Zertifizierung-FR.pdf\">formulaire de demande de r\u00e9-accr\u00e9ditation<\/a>.<\/p>\n<p>L\u2019\u00e9molument pour le renouvellement du certificat EMDR Europe de th\u00e9rapeute praticien-ne EMDR (Practitioner) ou de superviseuse\/superviseur EMDR (Consultant) s\u2019\u00e9l\u00e8ve \u00e0 CHF 70.-. Veuillez verser ce montant sur le compte suivant :<\/p>\n<p>CCP : 60-490873-5<br \/>\nIBAN : CH43 0900 0000 6049 0873 5<br \/>\nAu nom de : EMDR Suisse, 8400 Winterthur<\/p>\n<p>valable d\u00e8s le 28.02.2025[\/vc_column_text][\/vc_column][\/vc_row]<\/p>\n<\/div>","protected":false},"excerpt":{"rendered":"<p>[vc_row][vc_column width=\u00a0\u00bb1\/4&Prime; css=\u00a0\u00bb.vc_custom_1560437100230{margin-top: 50px !important;}\u00a0\u00bb][vc_wp_custommenu nav_menu=\u00a0\u00bb20&Prime;][\/vc_column][vc_column width=\u00a0\u00bb3\/4&Prime;][vc_column_text] R\u00e9-Accr\u00e9ditation des certificats EMDR Europe Th\u00e9rapeutes praticiens EMDR &amp; Superviseurs EMDR Les certificats EMDR Europe sont valables pour une dur\u00e9e de 5 ans\u00a0et sont renouvel\u00e9s apr\u00e8s justification de\u00a050 heures\u00a0(\u00e0 60 minutes) de formation continue EMDR et\/ou supervision EMDR. La r\u00e9-accr\u00e9ditation permet au th\u00e9rapeute praticien-ne EMDR (Practitioner) ou au<\/p>\n","protected":false},"author":1,"featured_media":0,"parent":0,"menu_order":0,"comment_status":"closed","ping_status":"closed","template":"","meta":{"footnotes":""},"class_list":["post-848","page","type-page","status-publish","hentry"],"_links":{"self":[{"href":"https:\/\/emdr-ch.org\/fr\/wp-json\/wp\/v2\/pages\/848","targetHints":{"allow":["GET"]}}],"collection":[{"href":"https:\/\/emdr-ch.org\/fr\/wp-json\/wp\/v2\/pages"}],"about":[{"href":"https:\/\/emdr-ch.org\/fr\/wp-json\/wp\/v2\/types\/page"}],"author":[{"embeddable":true,"href":"https:\/\/emdr-ch.org\/fr\/wp-json\/wp\/v2\/users\/1"}],"replies":[{"embeddable":true,"href":"https:\/\/emdr-ch.org\/fr\/wp-json\/wp\/v2\/comments?post=848"}],"version-history":[{"count":22,"href":"https:\/\/emdr-ch.org\/fr\/wp-json\/wp\/v2\/pages\/848\/revisions"}],"predecessor-version":[{"id":4695,"href":"https:\/\/emdr-ch.org\/fr\/wp-json\/wp\/v2\/pages\/848\/revisions\/4695"}],"wp:attachment":[{"href":"https:\/\/emdr-ch.org\/fr\/wp-json\/wp\/v2\/media?parent=848"}],"curies":[{"name":"wp","href":"https:\/\/api.w.org\/{rel}","templated":true}]}}