{"id":1234,"date":"2020-01-07T16:28:11","date_gmt":"2020-01-07T15:28:11","guid":{"rendered":"http:\/\/emdr-ch.org\/?page_id=1234"},"modified":"2020-01-07T17:01:06","modified_gmt":"2020-01-07T16:01:06","slug":"emdr-contributi-multimediali","status":"publish","type":"page","link":"https:\/\/emdr-ch.org\/it\/emdr-contributi-multimediali\/","title":{"rendered":"EMDR contributi multimediali"},"content":{"rendered":"<div class=\"wpb-content-wrapper\"><p>[vc_row][vc_column width=&#8221;1\/4&#8243;][vc_wp_custommenu nav_menu=&#8221;31&#8243;][\/vc_column][vc_column width=&#8221;3\/4&#8243;][vc_column_text]<\/p>\n<h3>EMDR \u00e0 la t\u00e9l\u00e9vision<\/h3>\n<p><a href=\"http:\/\/www.rts.ch\/pages-speciales\/moments-forts\/4305986-emdr-la-therapie-qui-chasse-les-demons.html\" target=\"_blank\" rel=\"noopener noreferrer\">http:\/\/www.rts.ch\/pages-speciales\/moments-forts\/4305986-emdr-la-therapie-qui-chasse-les-demons.html<\/a><\/p>\n<p><a href=\"http:\/\/www.rts.ch\/tv\/une\/4306684-soigner-les-traumatismes-grace-a-l-emdr.html\" target=\"_blank\" rel=\"noopener noreferrer\">http:\/\/www.rts.ch\/tv\/une\/4306684-soigner-les-traumatismes-grace-a-l-emdr.html<\/a><\/p>\n<p><a href=\"http:\/\/www.rts.ch\/video\/emissions\/36-9\/4304857-emdr-la-therapie-qui-chasse-les-demons.html\" target=\"_blank\" rel=\"noopener noreferrer\">http:\/\/www.rts.ch\/video\/emissions\/36-9\/4304857-emdr-la-therapie-qui-chasse-les-demons.html<\/a><\/p>\n<p><a href=\"http:\/\/www.rts.ch\/emissions\/36-9\/4230512-emdr-la-therapie-qui-chasse-les-demons.html\" target=\"_blank\" rel=\"noopener noreferrer\">http:\/\/www.rts.ch\/emissions\/36-9\/4230512-emdr-la-therapie-qui-chasse-les-demons.html<\/a>[\/vc_column_text][vc_empty_space][vc_column_text]<\/p>\n<h3>l&#8217;EMDR quand la psychologie rencontre les neurosciences<\/h3>\n<p>C&#8217;est un documentaire qui peut aider ceux qui sont concern\u00e9s par le stress post traumatisme \u00e0 prendre conscience de leur probl\u00e8me.<br \/>\nDVD d&#8217;un documentaire de 52&#8242; &#8220;l&#8217;EMDR quand la psychologie rencontre les neurosciences&#8221;<\/p>\n<p><a href=\"http:\/\/apetitpas.simplesite.com\/422703669\" target=\"_blank\" rel=\"noopener noreferrer\">http:\/\/apetitpas.simplesite.com\/422703669<\/a>[\/vc_column_text][\/vc_column][\/vc_row]<\/p>\n<\/div>","protected":false},"excerpt":{"rendered":"<p>[vc_row][vc_column width=&#8221;1\/4&#8243;][vc_wp_custommenu nav_menu=&#8221;31&#8243;][\/vc_column][vc_column width=&#8221;3\/4&#8243;][vc_column_text] EMDR \u00e0 la t\u00e9l\u00e9vision http:\/\/www.rts.ch\/pages-speciales\/moments-forts\/4305986-emdr-la-therapie-qui-chasse-les-demons.html http:\/\/www.rts.ch\/tv\/une\/4306684-soigner-les-traumatismes-grace-a-l-emdr.html http:\/\/www.rts.ch\/video\/emissions\/36-9\/4304857-emdr-la-therapie-qui-chasse-les-demons.html http:\/\/www.rts.ch\/emissions\/36-9\/4230512-emdr-la-therapie-qui-chasse-les-demons.html[\/vc_column_text][vc_empty_space][vc_column_text] l&#8217;EMDR quand la psychologie rencontre les neurosciences C&#8217;est un documentaire qui peut aider ceux qui sont concern\u00e9s par le stress post traumatisme \u00e0 prendre conscience de leur probl\u00e8me. DVD d&#8217;un documentaire de 52&#8242; &#8220;l&#8217;EMDR quand la psychologie rencontre les neurosciences&#8221; http:\/\/apetitpas.simplesite.com\/422703669[\/vc_column_text][\/vc_column][\/vc_row]<\/p>\n","protected":false},"author":1,"featured_media":0,"parent":0,"menu_order":0,"comment_status":"closed","ping_status":"closed","template":"","meta":{"footnotes":""},"class_list":["post-1234","page","type-page","status-publish","hentry"],"_links":{"self":[{"href":"https:\/\/emdr-ch.org\/it\/wp-json\/wp\/v2\/pages\/1234","targetHints":{"allow":["GET"]}}],"collection":[{"href":"https:\/\/emdr-ch.org\/it\/wp-json\/wp\/v2\/pages"}],"about":[{"href":"https:\/\/emdr-ch.org\/it\/wp-json\/wp\/v2\/types\/page"}],"author":[{"embeddable":true,"href":"https:\/\/emdr-ch.org\/it\/wp-json\/wp\/v2\/users\/1"}],"replies":[{"embeddable":true,"href":"https:\/\/emdr-ch.org\/it\/wp-json\/wp\/v2\/comments?post=1234"}],"version-history":[{"count":4,"href":"https:\/\/emdr-ch.org\/it\/wp-json\/wp\/v2\/pages\/1234\/revisions"}],"predecessor-version":[{"id":1257,"href":"https:\/\/emdr-ch.org\/it\/wp-json\/wp\/v2\/pages\/1234\/revisions\/1257"}],"wp:attachment":[{"href":"https:\/\/emdr-ch.org\/it\/wp-json\/wp\/v2\/media?parent=1234"}],"curies":[{"name":"wp","href":"https:\/\/api.w.org\/{rel}","templated":true}]}}