{"id":124,"date":"2019-05-27T08:32:48","date_gmt":"2019-05-27T06:32:48","guid":{"rendered":"http:\/\/emdr-ch.org\/?page_id=124"},"modified":"2025-12-14T20:17:45","modified_gmt":"2025-12-14T19:17:45","slug":"associazione-professionale-emdr-svizzera","status":"publish","type":"page","link":"https:\/\/emdr-ch.org\/it\/associazione-professionale-emdr-svizzera\/","title":{"rendered":"Associazione Professionale EMDR Svizzera"},"content":{"rendered":"<div class=\"wpb-content-wrapper\"><p>[vc_row][vc_column width=&#8221;1\/4&#8243; css=&#8221;.vc_custom_1560437378735{margin-top: 50px !important;}&#8221;][vc_wp_custommenu nav_menu=&#8221;21&#8243;][\/vc_column][vc_column width=&#8221;3\/4&#8243;][vc_column_text]<\/p>\n<h3>Associazione Professionale EMDR Svizzera<\/h3>\n<p>L\u2019EMDR Svizzera punta specialmente alla standardizzazione e alla garanzia di qualit\u00e0 del metodo EMDR in Svizzera (statuti) secondo le esigenze delle organizzazioni internazionali EMDR come l\u2019EMDR Europa (associazione europea) e l\u2019EMDRIA (associazione americana). L\u2019associazione EMDR Svizzera \u00e8 stata fondata il 29 settembre 1998 a Zurigo dai membri svizzeri dell\u2019EMDRIA.<\/p>\n<p>L\u2019EMDR Svizzera intende promuovere lo sviluppo, la ricerca e l\u2019applicazione del metodo EMDR, come anche il contatto, a livello nazionale e internazionale, di diverse discipline e istituzioni.<\/p>\n<p><strong>Soltanto il suo impegno ci permetter\u00e0 di realizzare questo progetto.<\/strong><\/p>\n<p>Per questo motivo la invitiamo a sostenere l\u2019EMDR Svizzera:<\/p>\n<ul>\n<li>come membro<\/li>\n<li>con la partecipazione alla sua espansione grazie alla collaborazione attiva da parte sua<\/li>\n<li>con il contributo al suo riconoscimento attraverso le sue competenze professionali.<\/li>\n<\/ul>\n<p>Possono diventare membri dell\u2019associazione le persone fisiche che abbiano superato con successo almeno un corso di formazione di livello I riconosciuto dall\u2019EMDR Europa. Per informazioni sull\u2019adesione all\u2019EMDR Svizzera, si prega di prendere contatto con il segretariato. Pu\u00f2 anche <a href=\"https:\/\/emdr-ch.org\/it\/registrazione\/\">iscriversi direttamente on-line<\/a>.<\/p>\n<p>A partire dal 2026, la quota associativa sar\u00e0 pari a 150 CHF per anno civile. Per i membri che sono associati ad entrambe le associazioni EMDR Svizzera e EMDR Italia e residenti in Ticino, la quota associativa per EMDR Svizzera ammonter\u00e0 a partire dal 2026 a CHF 70.- (bonifico bancario direttamente a EMDR Svizzera) e a \u20ac 80 per EMDR Italia (bonifico bancario direttamente a EMDR Italia). Con la vostra adesione all&#8217;EMDR Svizzera diventate automaticamente membri anche dell&#8217;EMDR Europe (Associazione Europea).<\/p>\n<h3>Standardizzazione e garanzia di qualit\u00e0<\/h3>\n<p><strong>Osservazioni sulla standardizzazione e la garanzia di qualit\u00e0 dell\u2019EMDR (dall\u2019inglese Eye movement Desensitization and Reprocessing) come metodo psicoterapeutico.<\/strong><\/p>\n<p>I membri dell\u2019EMDR Svizzera sono dei terapeuti che hanno seguito una formazione in EMDR approvata dall\u2019EMDR Europa, in conformit\u00e0 con le esigenze di qualit\u00e0 dell\u2019EMDR Europa (l\u2019organizzazione europea e internazionale indipendente che stabilisce le norme della formazione continua EMDR).<\/p>\n<p>Gli elementi di base relativi sono:<\/p>\n<ol>\n<li>Seminario introduttivo (livello I) con i seguenti obiettivi: le basi teoriche dell\u2019EMDR, le misure di precauzione per la protezione del paziente, cos\u00ec come le basi dell\u2019applicazione del metodo in dettaglio. Livello di difficolt\u00e0 di trattamento: disturbi dell\u2019adattamento, traumi di tipo I, cos\u00ec come fobie semplici.<\/li>\n<li>Seminario avanzato (livello II) con lo scopo di promuovere una forma pi\u00f9 specifica dell\u2019EMDR necessaria soprattutto per i gruppi di pazienti con psicotraumatologia pi\u00f9 severa. Livello di difficolt\u00e0 di trattamento: traumatizzazioni complesse, politraumatismi (traumatismi di tipo II), disturbi dissociativi, disturbi della personalit\u00e0, come anche altre aree specifiche.<\/li>\n<li>Aree specifiche (formazioni specifiche).<\/li>\n<\/ol>\n<h3>Sviluppo internazionale<\/h3>\n<p>EMDRIA \u00e8 il nome dell\u2019organizzazione internazionale dell\u2019EMDR fondata nel 1995 negli Stati Uniti. Il suo obiettivo \u00e8 preservare e promuovere gli standard di formazione e la ricerca al di fuori dell\u2019Istituto EMDR della Dott. Francine Shapiro (Pacific Grove, California).<\/p>\n<p>L\u2019EMDRIA e l\u2019EMDR Europa hanno creato degli standard internazionali per il metodo EMDR e la sua formazione. Inoltre, hanno contribuito all\u2019insegnamento del metodo da parte di formatori e formatrici qualificati presso istituti di formazione riconosciuti. In quanto ai paesi europei, l\u2019EMDR Europa, che \u00e8 la sede europea dell\u2019EMDRIA, sta elaborando un programma di formazione armonizzato per l\u2019EMDR.<\/p>\n<p>La garanzia di qualit\u00e0 per quanto riguarda il metodo EMDR \u00e8 considerata a livello internazionale tanto pi\u00f9 importante poich\u00e9 un numero crescente di metodi di \u201cmovimenti oculari\u201d \u00e8 insegnato in ambienti in gran parte non riconosciuti con l\u2019obiettivo di essere proposti in seguito alle persone che chiedono aiuto.[\/vc_column_text][\/vc_column][\/vc_row]<\/p>\n<\/div>","protected":false},"excerpt":{"rendered":"<p>[vc_row][vc_column width=&#8221;1\/4&#8243; css=&#8221;.vc_custom_1560437378735{margin-top: 50px !important;}&#8221;][vc_wp_custommenu nav_menu=&#8221;21&#8243;][\/vc_column][vc_column width=&#8221;3\/4&#8243;][vc_column_text] Associazione Professionale EMDR Svizzera L\u2019EMDR Svizzera punta specialmente alla standardizzazione e alla garanzia di qualit\u00e0 del metodo EMDR in Svizzera (statuti) secondo le esigenze delle organizzazioni internazionali EMDR come l\u2019EMDR Europa (associazione europea) e l\u2019EMDRIA (associazione americana). L\u2019associazione EMDR Svizzera \u00e8 stata fondata il 29 settembre 1998 a<\/p>\n","protected":false},"author":1,"featured_media":0,"parent":0,"menu_order":0,"comment_status":"closed","ping_status":"closed","template":"","meta":{"footnotes":""},"class_list":["post-124","page","type-page","status-publish","hentry"],"_links":{"self":[{"href":"https:\/\/emdr-ch.org\/it\/wp-json\/wp\/v2\/pages\/124","targetHints":{"allow":["GET"]}}],"collection":[{"href":"https:\/\/emdr-ch.org\/it\/wp-json\/wp\/v2\/pages"}],"about":[{"href":"https:\/\/emdr-ch.org\/it\/wp-json\/wp\/v2\/types\/page"}],"author":[{"embeddable":true,"href":"https:\/\/emdr-ch.org\/it\/wp-json\/wp\/v2\/users\/1"}],"replies":[{"embeddable":true,"href":"https:\/\/emdr-ch.org\/it\/wp-json\/wp\/v2\/comments?post=124"}],"version-history":[{"count":14,"href":"https:\/\/emdr-ch.org\/it\/wp-json\/wp\/v2\/pages\/124\/revisions"}],"predecessor-version":[{"id":5328,"href":"https:\/\/emdr-ch.org\/it\/wp-json\/wp\/v2\/pages\/124\/revisions\/5328"}],"wp:attachment":[{"href":"https:\/\/emdr-ch.org\/it\/wp-json\/wp\/v2\/media?parent=124"}],"curies":[{"name":"wp","href":"https:\/\/api.w.org\/{rel}","templated":true}]}}