{"id":1385,"date":"2020-03-12T09:47:15","date_gmt":"2020-03-12T08:47:15","guid":{"rendered":"http:\/\/emdr-ch.org\/?page_id=1385"},"modified":"2021-11-19T17:20:42","modified_gmt":"2021-11-19T16:20:42","slug":"supervisori","status":"publish","type":"page","link":"https:\/\/emdr-ch.org\/it\/supervisori\/","title":{"rendered":"supervisori"},"content":{"rendered":"<div class=\"wpb-content-wrapper\"><p>[vc_row][vc_column][vc_column_text]<\/p>\n<div id=\"storelocatorwidget\" style=\"width: 100%;\">\n<p>Loading <a href=\"https:\/\/www.storelocatorwidgets.com\">Locator Software<\/a>&#8230;<\/p>\n<\/div>\n<p><script type=\"text\/javascript\" src=\"\/\/cdn.storelocatorwidgets.com\/widget\/mapbox-gl.js\"><\/script><br \/>\n<script type=\"text\/javascript\" id=\"storelocatorscript\" data-uid=\"33da29b47f35d5a3881ae64933687ac0\" data-categories=\"Supervisore EMDR\" data-hiddencategories=\"Terapeuta EMDR\" data-filters=\"Supervisore EMDR adulti\" data-platform=\"MapTiler\" src=\"\/\/cdn.storelocatorwidgets.com\/widget\/widget.js\"><\/script>[\/vc_column_text][\/vc_column][\/vc_row][vc_row disable_element=&#8221;yes&#8221;][vc_column][vc_column_text]<\/p>\n<div id=\"storelocatorwidget\" style=\"width: 100%;\">\n<p>Loading <a href=\"https:\/\/www.storelocatorwidgets.com\">Locator Software<\/a>&#8230;<\/p>\n<\/div>\n<p><script type=\"text\/javascript\" src=\"\/\/cdn.storelocatorwidgets.com\/widget\/mapbox-gl.js\"><\/script><br \/>\n<script type=\"text\/javascript\" id=\"storelocatorscript\" data-uid=\"33da29b47f35d5a3881ae64933687ac0\" data-lat=\"47.373878\" data-lng=\"8.545094\" data-zoom=\"8\" data-categories=\"Supervisore EMDR\" data-hiddencategories=\"Supervisore EMDR,EMDR TherapeutIn,EMDR SupervisorIn,Geschlecht,Sprachen,Klientel,Schwierigkeiten,Kanton,Th\u00e9rapeute EMDR,Superviseur\/Superviseuse EMDR,Genre,Langues,Client\u00e8le,Difficult\u00e9s,Canton,Terapeuta EMDR,Clientela,Difficolt\u00e0\" data-hiddenfilters=\"Facilitatore EMDR,Formatore EMDR\" data-store=\"Perth Australia\" data-settings=\"store_list_layout=BelowGrid\" data-platform=\"MapTiler\" src=\"\/\/cdn.storelocatorwidgets.com\/widget\/widget.js\"><\/script>[\/vc_column_text][\/vc_column][\/vc_row]<\/p>\n<\/div>","protected":false},"excerpt":{"rendered":"<p>[vc_row][vc_column][vc_column_text] Loading Locator Software&#8230; [\/vc_column_text][\/vc_column][\/vc_row][vc_row disable_element=&#8221;yes&#8221;][vc_column][vc_column_text] Loading Locator Software&#8230; [\/vc_column_text][\/vc_column][\/vc_row]<\/p>\n","protected":false},"author":1,"featured_media":0,"parent":0,"menu_order":0,"comment_status":"closed","ping_status":"closed","template":"","meta":{"footnotes":""},"class_list":["post-1385","page","type-page","status-publish","hentry"],"_links":{"self":[{"href":"https:\/\/emdr-ch.org\/it\/wp-json\/wp\/v2\/pages\/1385","targetHints":{"allow":["GET"]}}],"collection":[{"href":"https:\/\/emdr-ch.org\/it\/wp-json\/wp\/v2\/pages"}],"about":[{"href":"https:\/\/emdr-ch.org\/it\/wp-json\/wp\/v2\/types\/page"}],"author":[{"embeddable":true,"href":"https:\/\/emdr-ch.org\/it\/wp-json\/wp\/v2\/users\/1"}],"replies":[{"embeddable":true,"href":"https:\/\/emdr-ch.org\/it\/wp-json\/wp\/v2\/comments?post=1385"}],"version-history":[{"count":12,"href":"https:\/\/emdr-ch.org\/it\/wp-json\/wp\/v2\/pages\/1385\/revisions"}],"predecessor-version":[{"id":2886,"href":"https:\/\/emdr-ch.org\/it\/wp-json\/wp\/v2\/pages\/1385\/revisions\/2886"}],"wp:attachment":[{"href":"https:\/\/emdr-ch.org\/it\/wp-json\/wp\/v2\/media?parent=1385"}],"curies":[{"name":"wp","href":"https:\/\/api.w.org\/{rel}","templated":true}]}}