{"id":233,"date":"2019-05-27T12:19:49","date_gmt":"2019-05-27T10:19:49","guid":{"rendered":"http:\/\/emdr-ch.org\/?page_id=233"},"modified":"2023-11-23T11:16:58","modified_gmt":"2023-11-23T10:16:58","slug":"membri","status":"publish","type":"page","link":"https:\/\/emdr-ch.org\/it\/membri\/","title":{"rendered":"Membri"},"content":{"rendered":"<div class=\"wpb-content-wrapper\"><p>[vc_row][vc_column width=&#8221;1\/4&#8243; css=&#8221;.vc_custom_1560438898558{margin-top: 50px !important;}&#8221;][vc_wp_custommenu nav_menu=&#8221;21&#8243;][\/vc_column][vc_column width=&#8221;3\/4&#8243;][vc_column_text]<\/p>\n<h3>Membri<\/h3>\n<p><strong>Criteri di adesione all&#8217;EMDR Svizzera<\/strong><br \/>\nUna formazione completata e riconosciuta in psicoterapia con l\u2019autorizzazione cantonale per praticare la psicoterapia. Inoltre, aver partecipato almeno al livello I della formazione EMDR.<\/p>\n<p><strong>Come membro, beneficia delle seguenti prestazioni:<\/strong><\/p>\n<ul>\n<li class=\"first\">figurare nella lista dei terapeuti della nostra homepage, alla quale le persone e le istituzioni interessate sono indirizzate dal nostro ufficio; questo dopo il completamento del livello 2. Al fine di garantire la qualit\u00e0 dei terapeuti EMDR elencati nella lista dei terapeuti, il nome sar\u00e0 cancellato dalla lista dopo 4 anni se la certificazione come terapeuta EMDR (EMDR Practitioner) non \u00e8 stato completato.<\/li>\n<li>avere accesso agli indirizzi dei supervisori EMDR, dei gruppi di consulenza e di altri gruppo d\u2019intervento.<\/li>\n<li>collaborare attivamente in un gruppo professionale con l\u2019obiettivo di portare avanti lo scambio di esperienze, la ricerca e la valutazione, cos\u00ec come il perfezionamento. Per esempio, l\u2019EMDR per i bambini e gli adolescenti, l\u2019EMDR nei casi di emergenza, l\u2019EMDR per trattare i disturbi dissociativi o i disturbi precoci, ecc.<\/li>\n<li>ricevere la rivista EMDR Journal of Practice and Research.<\/li>\n<li class=\"last\">essere informato sulle formazioni e sui corsi di perfezionamento a livello nazionale e internazionale.<\/li>\n<\/ul>\n<p>[\/vc_column_text][\/vc_column][\/vc_row]<\/p>\n<\/div>","protected":false},"excerpt":{"rendered":"<p>[vc_row][vc_column width=&#8221;1\/4&#8243; css=&#8221;.vc_custom_1560438898558{margin-top: 50px !important;}&#8221;][vc_wp_custommenu nav_menu=&#8221;21&#8243;][\/vc_column][vc_column width=&#8221;3\/4&#8243;][vc_column_text] Membri Criteri di adesione all&#8217;EMDR Svizzera Una formazione completata e riconosciuta in psicoterapia con l\u2019autorizzazione cantonale per praticare la psicoterapia. Inoltre, aver partecipato almeno al livello I della formazione EMDR. Come membro, beneficia delle seguenti prestazioni: figurare nella lista dei terapeuti della nostra homepage, alla quale le persone<\/p>\n","protected":false},"author":1,"featured_media":0,"parent":0,"menu_order":0,"comment_status":"closed","ping_status":"closed","template":"","meta":{"footnotes":""},"class_list":["post-233","page","type-page","status-publish","hentry"],"_links":{"self":[{"href":"https:\/\/emdr-ch.org\/it\/wp-json\/wp\/v2\/pages\/233","targetHints":{"allow":["GET"]}}],"collection":[{"href":"https:\/\/emdr-ch.org\/it\/wp-json\/wp\/v2\/pages"}],"about":[{"href":"https:\/\/emdr-ch.org\/it\/wp-json\/wp\/v2\/types\/page"}],"author":[{"embeddable":true,"href":"https:\/\/emdr-ch.org\/it\/wp-json\/wp\/v2\/users\/1"}],"replies":[{"embeddable":true,"href":"https:\/\/emdr-ch.org\/it\/wp-json\/wp\/v2\/comments?post=233"}],"version-history":[{"count":5,"href":"https:\/\/emdr-ch.org\/it\/wp-json\/wp\/v2\/pages\/233\/revisions"}],"predecessor-version":[{"id":4122,"href":"https:\/\/emdr-ch.org\/it\/wp-json\/wp\/v2\/pages\/233\/revisions\/4122"}],"wp:attachment":[{"href":"https:\/\/emdr-ch.org\/it\/wp-json\/wp\/v2\/media?parent=233"}],"curies":[{"name":"wp","href":"https:\/\/api.w.org\/{rel}","templated":true}]}}