{"id":2338,"date":"2020-12-24T08:33:50","date_gmt":"2020-12-24T07:33:50","guid":{"rendered":"https:\/\/emdr-ch.org\/?page_id=2338"},"modified":"2020-12-24T08:33:51","modified_gmt":"2020-12-24T07:33:51","slug":"adressen","status":"publish","type":"page","link":"https:\/\/emdr-ch.org\/it\/adressen\/","title":{"rendered":"adressen"},"content":{"rendered":"<div class=\"wpb-content-wrapper\"><p>[vc_row][vc_column width=&#8221;1\/4&#8243; css=&#8221;.vc_custom_1578411583577{margin-top: 50px !important;}&#8221;][vc_wp_custommenu nav_menu=&#8221;70&#8243;][\/vc_column][vc_column width=&#8221;3\/4&#8243;][vc_column_text]<\/p>\n<h3>Adressen<\/h3>\n<p>[\/vc_column_text][vc_empty_space][vc_column_text]<\/p>\n<div class=\"inside\">\n<div id=\"adressen\" class=\"mod_article block\">\n<div class=\"ce_text block\">\n<p><a href=\"http:\/\/www.psychotraumatherapie.info\/\" target=\"_blank\" rel=\"noopener noreferrer\">Netzwerk: Psychotraumatherapie<\/a><br \/>\nAdressen von PsychotherapeutInnen aus der Schweiz, aus Deutschland und \u00d6sterreich, sowie aus einigen anderen L\u00e4ndern, die sich im Bereich der Psychotherapie von traumatisch bedingten Belastungen und St\u00f6rungen qualifiziert fortgebildet haben.<\/p>\n<p><a href=\"http:\/\/www.emdr-schweiz.ch\/\" target=\"_blank\" rel=\"noopener noreferrer\">EMDR Schweiz<\/a><br \/>\nAdressen von PsychotherapeutInnen mit einer Ausbildung in EMDR<\/p>\n<p><a href=\"http:\/\/www.emdr-institut.de\/\" target=\"_blank\" rel=\"noopener noreferrer\">EMDRIA (Deutschland)<\/a><br \/>\nAdressen von PsychotherapeutInnen mit einer Ausbildung in EMDR<\/p>\n<\/div>\n<\/div>\n<\/div>\n<p>[\/vc_column_text][\/vc_column][\/vc_row]<\/p>\n<\/div>","protected":false},"excerpt":{"rendered":"<p>[vc_row][vc_column width=&#8221;1\/4&#8243; css=&#8221;.vc_custom_1578411583577{margin-top: 50px !important;}&#8221;][vc_wp_custommenu nav_menu=&#8221;70&#8243;][\/vc_column][vc_column width=&#8221;3\/4&#8243;][vc_column_text] Adressen [\/vc_column_text][vc_empty_space][vc_column_text] Netzwerk: Psychotraumatherapie Adressen von PsychotherapeutInnen aus der Schweiz, aus Deutschland und \u00d6sterreich, sowie aus einigen anderen L\u00e4ndern, die sich im Bereich der Psychotherapie von traumatisch bedingten Belastungen und St\u00f6rungen qualifiziert fortgebildet haben. EMDR Schweiz Adressen von PsychotherapeutInnen mit einer Ausbildung in EMDR EMDRIA (Deutschland) Adressen von<\/p>\n","protected":false},"author":1,"featured_media":0,"parent":0,"menu_order":0,"comment_status":"closed","ping_status":"closed","template":"","meta":{"footnotes":""},"class_list":["post-2338","page","type-page","status-publish","hentry"],"_links":{"self":[{"href":"https:\/\/emdr-ch.org\/it\/wp-json\/wp\/v2\/pages\/2338","targetHints":{"allow":["GET"]}}],"collection":[{"href":"https:\/\/emdr-ch.org\/it\/wp-json\/wp\/v2\/pages"}],"about":[{"href":"https:\/\/emdr-ch.org\/it\/wp-json\/wp\/v2\/types\/page"}],"author":[{"embeddable":true,"href":"https:\/\/emdr-ch.org\/it\/wp-json\/wp\/v2\/users\/1"}],"replies":[{"embeddable":true,"href":"https:\/\/emdr-ch.org\/it\/wp-json\/wp\/v2\/comments?post=2338"}],"version-history":[{"count":3,"href":"https:\/\/emdr-ch.org\/it\/wp-json\/wp\/v2\/pages\/2338\/revisions"}],"predecessor-version":[{"id":2356,"href":"https:\/\/emdr-ch.org\/it\/wp-json\/wp\/v2\/pages\/2338\/revisions\/2356"}],"wp:attachment":[{"href":"https:\/\/emdr-ch.org\/it\/wp-json\/wp\/v2\/media?parent=2338"}],"curies":[{"name":"wp","href":"https:\/\/api.w.org\/{rel}","templated":true}]}}