{"id":2351,"date":"2020-12-24T07:44:41","date_gmt":"2020-12-24T06:44:41","guid":{"rendered":"https:\/\/emdr-ch.org\/links\/"},"modified":"2024-06-13T12:46:06","modified_gmt":"2024-06-13T10:46:06","slug":"links","status":"publish","type":"page","link":"https:\/\/emdr-ch.org\/it\/links\/","title":{"rendered":"Links"},"content":{"rendered":"<div class=\"wpb-content-wrapper\"><p>[vc_row][vc_column width=&#8221;1\/4&#8243; css=&#8221;.vc_custom_1560439457644{margin-top: 50px !important;}&#8221;][vc_wp_custommenu nav_menu=&#8221;70&#8243;][\/vc_column][vc_column width=&#8221;3\/4&#8243;][vc_column_text]<\/p>\n<h3>Link all&#8217;EMDR<\/h3>\n<p><a href=\"http:\/\/www.emdr-institut.ch\/\" target=\"_blank\" rel=\"noopener noreferrer\">EMDR-Institut Schweiz<\/a><br \/>\nL&#8217;Istituto EMDR Svizzera \u00e8 l&#8217;unico istituto partner autorizzato in Svizzera della dottoressa Francine Shapiro, dell&#8217;Istituto EMDR, USA.<\/p>\n<p><a href=\"http:\/\/www.irpt.ch\/\" target=\"_blank\" rel=\"noopener noreferrer\">Institut Romand de Psychotraumatologie IRPT <\/a><a href=\"https:\/\/www.irpt.ch\/fr\">(IRPT<\/a>) \/ <a href=\"https:\/\/www.irpt.ch\/de\">EMDR Training Schweiz<\/a><br \/>\nL&#8217;Institut Romand de Psychotraumatologie (IRPT) organizza corsi di formazione EMDR accreditati in tedesco e francese nella Svizzera francese.<\/p>\n<p><a href=\"https:\/\/emdr-europe.org\">EMDR Europe<\/a><br \/>\nEMDR Europe \u00e8 l&#8217;organizzazione professionale ufficiale delle associazioni EMDR nazionali che stabilisce, mantiene e promuove i pi\u00f9 alti standard di qualit\u00e0 e integrit\u00e0 nella pratica della terapia EMDR, nella ricerca e nella formazione in tutta Europa.<\/p>\n<p><a href=\"https:\/\/emdr.it\">EMDR Italia<\/a><\/p>\n<p><a href=\"https:\/\/www.globalchildemdralliance.com\/#\">Global Child EMDR Alliance<\/a><br \/>\nLa Global Child EMDR Alliance fornisce risorse per bambini, adolescenti, genitori\/accompagnatori e medici per aiutare a gestire l&#8217;aumento dello stress, dell&#8217;ansia e dell&#8217;angoscia associati a questi problemi.<\/p>\n<p>[\/vc_column_text][\/vc_column][\/vc_row]<\/p>\n<\/div>","protected":false},"excerpt":{"rendered":"<p>[vc_row][vc_column width=&#8221;1\/4&#8243; css=&#8221;.vc_custom_1560439457644{margin-top: 50px !important;}&#8221;][vc_wp_custommenu nav_menu=&#8221;70&#8243;][\/vc_column][vc_column width=&#8221;3\/4&#8243;][vc_column_text] Link all&#8217;EMDR EMDR-Institut Schweiz L&#8217;Istituto EMDR Svizzera \u00e8 l&#8217;unico istituto partner autorizzato in Svizzera della dottoressa Francine Shapiro, dell&#8217;Istituto EMDR, USA. Institut Romand de Psychotraumatologie IRPT (IRPT) \/ EMDR Training Schweiz L&#8217;Institut Romand de Psychotraumatologie (IRPT) organizza corsi di formazione EMDR accreditati in tedesco e francese nella Svizzera<\/p>\n","protected":false},"author":1,"featured_media":0,"parent":0,"menu_order":0,"comment_status":"closed","ping_status":"closed","template":"","meta":{"footnotes":""},"class_list":["post-2351","page","type-page","status-publish","hentry"],"_links":{"self":[{"href":"https:\/\/emdr-ch.org\/it\/wp-json\/wp\/v2\/pages\/2351","targetHints":{"allow":["GET"]}}],"collection":[{"href":"https:\/\/emdr-ch.org\/it\/wp-json\/wp\/v2\/pages"}],"about":[{"href":"https:\/\/emdr-ch.org\/it\/wp-json\/wp\/v2\/types\/page"}],"author":[{"embeddable":true,"href":"https:\/\/emdr-ch.org\/it\/wp-json\/wp\/v2\/users\/1"}],"replies":[{"embeddable":true,"href":"https:\/\/emdr-ch.org\/it\/wp-json\/wp\/v2\/comments?post=2351"}],"version-history":[{"count":4,"href":"https:\/\/emdr-ch.org\/it\/wp-json\/wp\/v2\/pages\/2351\/revisions"}],"predecessor-version":[{"id":4485,"href":"https:\/\/emdr-ch.org\/it\/wp-json\/wp\/v2\/pages\/2351\/revisions\/4485"}],"wp:attachment":[{"href":"https:\/\/emdr-ch.org\/it\/wp-json\/wp\/v2\/media?parent=2351"}],"curies":[{"name":"wp","href":"https:\/\/api.w.org\/{rel}","templated":true}]}}