{"id":236,"date":"2019-05-27T12:32:26","date_gmt":"2019-05-27T10:32:26","guid":{"rendered":"http:\/\/emdr-ch.org\/?page_id=236"},"modified":"2025-02-28T21:29:19","modified_gmt":"2025-02-28T20:29:19","slug":"statuti","status":"publish","type":"page","link":"https:\/\/emdr-ch.org\/it\/statuti\/","title":{"rendered":"statuti"},"content":{"rendered":"<div class=\"wpb-content-wrapper\"><p>[vc_row][vc_column width=&#8221;1\/4&#8243; css=&#8221;.vc_custom_1560439055181{margin-top: 50px !important;}&#8221;][vc_wp_custommenu nav_menu=&#8221;21&#8243;][\/vc_column][vc_column width=&#8221;3\/4&#8243;][vc_column_text]<\/p>\n<h3><span lang=\"IT\">Statuti dell\u2019associazione EMDR Svizzera<\/span><\/h3>\n<p>[\/vc_column_text][vc_column_text]<strong>I. Basi<\/strong><\/p>\n<p><strong>1. Nome, forma giuridica e sede<\/strong><\/p>\n<ol>\n<li>Il nome \u00ab<em>EMDR Schweiz Suisse Svizzera Svizra Switzerland<\/em>\u00bb (Eye Movement Desensitization and Reprocessing Svizzera) \u00e8 il nome di un\u2019associazione ai sensi dell\u2019art. 60 e segg. del Codice civile svizzero.<\/li>\n<li>\n<div><span lang=\"IT\">L\u2019associazione ha la sua sede nel luogo in cui si trova la sua segreteria<\/span>.<\/div>\n<\/li>\n<li>\n<div><span lang=\"IT\">L\u2019associazione non ha legami politici n\u00e9 religiosi e non persegue scopi di lucro.<\/span><\/div>\n<\/li>\n<\/ol>\n<p>[\/vc_column_text][vc_column_text css=&#8221;.vc_custom_1665432292756{margin-top: 20px !important;}&#8221;]<\/p>\n<p><strong>2. Scopo dell\u2019associazione<\/strong><\/p>\n<ol>\n<li>\n<div><span lang=\"IT\">L\u2019associazione sostiene lo sviluppo di EMDR (Eye Movement Desensitization and Reprocessing), stabilisce e promuove gli standard di qualit\u00e0 del metodo terapeutico EMDR e promuove la diffusione del metodo terapeutico in Svizzera allo scopo di ridurre le sofferenze delle persone.<\/span><\/div>\n<\/li>\n<li>Ulteriori scopi dell\u2019associazione sono:<br \/>\na. Stabilire, mantenere e garantire gli standard di qualit\u00e0 di EMDR Europe per la ricerca, la formazione e la prassi nell\u2019ambito EMDR.<br \/>\nb. Garantire e implementare gli standard di qualit\u00e0 di EMDR Europe nell\u2019ambito della formazione di base, del perfezionamento professionale e dell\u2019aggiornamento continuo delle docenti e dei docenti della formazione EMDR. Il riconoscimento della formazione di base, del perfezionamento professionale e dell\u2019aggiornamento continuo attraverso formatori certificati EMDR Europe dipende dai requisiti specifici dei singoli paesi e viene valutato individualmente dal comitato direttivo, caso per caso.<br \/>\nc. Il supporto dell\u2019attivit\u00e0 di coordinamento di EMDR in Svizzera e nel Principato del Liechtenstein.<br \/>\nd. L\u2019affiliazione in qualit\u00e0 di socio a EMDR Europe.<\/li>\n<\/ol>\n<p>[\/vc_column_text][vc_column_text css=&#8221;.vc_custom_1665432301438{margin-top: 20px !important;}&#8221;]<\/p>\n<p><strong>3. Mezzi finanziari<\/strong><\/p>\n<ol>\n<li>I mezzi finanziari impiegati per il raggiungimento degli scopi dell\u2019associazione consistono in:<br \/>\na. Quote associative fissate dall\u2019assemblea generale su richiesta del comitato direttivo;<br \/>\nb. Ricavi provenienti da manifestazioni e dal patrimonio sociale;<br \/>\nc. Donazioni e liberalit\u00e0 di ogni genere.<\/li>\n<li>Le quote associative vengono riscosse per ogni anno civile. Esse sono dovute entro e non oltre il 30 giugno del rispettivo anno civile per il quale sono state riscosse.<\/li>\n<li>I soci del Comitato non sono tenuti a pagare le quote associative.<\/li>\n<li>Gli obblighi finanziari dei soci dimissionari o esclusi perdurano in ogni caso fino alla fine dell&#8217;anno civile.<\/li>\n<li>In caso di dimissioni o di esclusione dei soci o in caso di scioglimento dell&#8217;associazione non sussister\u00e0 il diritto al rimborso delle quote, delle donazioni o di altre liberalit\u00e0 versate.<\/li>\n<\/ol>\n<p>[\/vc_column_text][vc_column_text css=&#8221;.vc_custom_1665431606474{margin-top: 20px !important;}&#8221;]<strong>II. Adesione in qualit\u00e0 di socio<\/strong><\/p>\n<p><strong>4. Requisiti<\/strong><\/p>\n<p style=\"font-weight: 400;\">Possono diventare soci solo le persone fisiche che soddisfano cumulativamente i seguenti requisiti:<br \/>\na. Completamento con successo di almeno un seminario introduttivo di livello 1 riconosciuto da EMDR Europe; e<br \/>\nb. b. Autorizzazione ad utilizzare il titolo di <em>\u00abpsicoterapeuta riconosciuto a livello federale\u00bb<\/em>, il titolo di <em>\u00abmedico specialista in psichiatria e psicoterapia\u00bb<\/em> o il titolo di <em>\u00abmedico specialista in psichiatria e psicoterapia infantile e adolescenziale FMH\u00bb<\/em>.[\/vc_column_text][vc_column_text css=&#8221;.vc_custom_1665429547228{margin-top: 20px !important;}&#8221;]<\/p>\n<p style=\"font-weight: 400;\"><strong>5. Presentazione della domanda di adesione<\/strong><\/p>\n<ol>\n<li>Le domande di adesione per i soci devono essere presentate per iscritto alla segreteria dell&#8217;associazione all&#8217;attenzione del comitato direttivo, utilizzando il modulo ufficiale dell&#8217;associazione.<\/li>\n<li>La domanda deve essere accompagnata dalla prova del possesso dei requisiti ai sensi dell\u2019art. 4 di cui sopra. In particolare, \u00e8 necessario allegare alla domanda una copia del certificato \/ di una conferma di avere superato con successo un seminario introduttivo di livello 1 riconosciuto da EMDR Europe, nonch\u00e9 una copia dell&#8217;autorizzazione all&#8217;uso del titolo di specialista ai sensi dell&#8217;art. 4, lett. b, di cui sopra.<\/li>\n<\/ol>\n<p>[\/vc_column_text][vc_column_text css=&#8221;.vc_custom_1665429593775{margin-top: 20px !important;}&#8221;]<strong>6. Decisione in merito alla domanda<\/strong><\/p>\n<ol>\n<li>Il socio del comitato direttivo responsabile del settore esamina la correttezza formale delle domande. In caso di carenze formali, quest\u2019ultimo potr\u00e0 rinviare la domanda al \/ alla richiedente per una rettifica.<\/li>\n<li>La decisione sull&#8217;ammissione dei soci spetta al comitato direttivo, che decide con maggioranza semplice. La decisione di ammissione del comitato direttivo \u00e8 definitiva. Non esiste la possibilit\u00e0 di presentare ricorso all&#8217;assemblea generale.<\/li>\n<\/ol>\n<p>[\/vc_column_text][vc_column_text css=&#8221;.vc_custom_1665429624877{margin-top: 20px !important;}&#8221;]<strong>7. Estinzione dell\u2019adesione in qualit\u00e0 di socio<\/strong><\/p>\n<p style=\"font-weight: 400;\">L\u2019adesione in qualit\u00e0 di socio si estingue in seguito a dimissione, esclusione o decesso.<\/p>\n<p>[\/vc_column_text][vc_column_text css=&#8221;.vc_custom_1665429672625{margin-top: 20px !important;}&#8221;]<strong>8. Dimissioni ed esclusione di soci<\/strong><\/p>\n<ol>\n<li>Le dimissioni possono essere consegnate per iscritto in anticipo per la fine di un anno civile. Le dimissioni devono essere comunicate all&#8217;associazione per iscritto. La lettera di dimissioni deve essere indirizzata alla segreteria dell&#8217;associazione all&#8217;attenzione del comitato direttivo.<\/li>\n<li>Un socio pu\u00f2 essere espulso dal comitato direttivo in qualsiasi momento senza indicazione dei motivi. Il comitato direttivo decide a maggioranza semplice.<\/li>\n<li>Il socio escluso pu\u00f2 presentare ricorso contro una decisione di esclusione del comitato direttivo entro 30 giorni dal ricevimento della notifica scritta alla successiva assemblea generale. Il ricorso deve essere indirizzato per iscritto alla segreteria dell&#8217;associazione all&#8217;attenzione del comitato direttivo. L\u2019assemblea generale decider\u00e0 in modo definitivo a maggioranza semplice dei soci presenti in merito al ricorso.<\/li>\n<\/ol>\n<p style=\"font-weight: 400;\">[\/vc_column_text][vc_column_text css=&#8221;.vc_custom_1665429726131{margin-top: 20px !important;}&#8221;]<\/p>\n<p style=\"font-weight: 400;\"><strong>9. Obblighi dei soci<\/strong><\/p>\n<ol>\n<li>I soci sono tenuti a contribuire alla realizzazione dello scopo dell&#8217;associazione. In particolare, essi devono pagare le quote associative e rispettare gli statuti e tutte le altre decisioni e tutti i regolamenti vincolanti.<\/li>\n<li>I soci sono tenuti a rispettare le direttive etiche di EMDR Europe.<\/li>\n<li>I soci sono tenuti a rispettare i criteri di <em>\u00abgood standing\u00bb<\/em> stabiliti da EMDR Europe.<\/li>\n<li>I soci sono tenuti ad informare tempestivamente e in modo proattivo il comitato direttivo in merito a qualsiasi circostanza che possa influire sui loro requisiti in quanto soci e\/o sulla loro certificazione e ricertificazione. Tale informazione deve essere indirizzata per iscritto alla segreteria dell&#8217;associazione all&#8217;attenzione del comitato direttivo.<\/li>\n<\/ol>\n<p>[\/vc_column_text][vc_column_text css=&#8221;.vc_custom_1665431851529{margin-top: 20px !important;}&#8221;]<\/p>\n<p style=\"font-weight: 400;\"><strong>III. Organizzazione<\/strong><\/p>\n<p><strong>10. Organi<\/strong><\/p>\n<p>Gli organi dell\u2019associazione sono:<br \/>\na. l\u2019assemblea generale;<br \/>\nb. il comitato direttivo;<br \/>\nc. l\u2019ufficio di revisione;<br \/>\nd. la segreteria;<br \/>\ne. l\u2019Organo di mediazione.[\/vc_column_text][vc_column_text css=&#8221;.vc_custom_1665430094869{margin-top: 20px !important;}&#8221;]<strong>11. L\u2019assemblea generale<\/strong><\/p>\n<ol>\n<li>L\u2019assemblea generale \u00e8 l\u2019organo superiore dell\u2019associazione. Fra le sue competenze rientrano in particolare:<br \/>\na. Elezione e revoca dei soci del comitato;<br \/>\nb. Elezione dei revisori dei conti;<br \/>\nc. Accettazione dei conti dell&#8217;associazione;<br \/>\nd. Discarico al comitato direttivo;<br \/>\ne. Determinazione delle quote a carico dei soci;<br \/>\nf. Delibere sull&#8217;adozione e la modifica degli Statuti;<br \/>\ng. Decisioni sui ricorsi contro le delibere di esclusione del comitato direttivo;<br \/>\nh. Elezione dell\u2019Organo di mediazione;<br \/>\ni. Delibera sullo scioglimento dell\u2019associazione;<br \/>\nj. Delibere su questioni riservate all&#8217;assemblea generale in base alla legge o agli Statuti o sottoposte ad essa dal comitato direttivo.<\/li>\n<li>L\u2019assemblea generale \u00e8 convocata dal\/la presidente del comitato direttivo su delibera del comitato direttivo stesso. Deve inoltre essere convocata se almeno un quinto dei soci lo richiede per iscritto. La richiesta deve essere presentata per iscritto alla segreteria dell&#8217;associazione all&#8217;attenzione del comitato direttivo.<\/li>\n<li>L&#8217;assemblea generale ordinaria si tiene una volta all&#8217;anno.<\/li>\n<li>L&#8217;assemblea generale straordinaria deve tenersi entro tre mesi dal ricevimento della richiesta scritta ai sensi del paragrafo 2 di cui sopra.<\/li>\n<li>La riunione \u00e8 convocata tramite posta elettronica. L&#8217;assemblea generale deve essere convocata almeno 30 giorni prima dell&#8217;assemblea generale ordinaria e almeno 10 giorni prima dell&#8217;assemblea generale straordinaria. Essa deve contenere le trattande dell\u2019ordine del giorno.<\/li>\n<li>Le domande devono essere presentate almeno 20 giorni prima dell&#8217;assemblea generale ordinaria e 5 giorni prima dell&#8217;assemblea generale straordinaria. Tali domande non devono essere annunciate (aggiunte all&#8217;ordine del giorno) in anticipo. L&#8217;obbligo di iscrivere le trattande all&#8217;ordine del giorno ai sensi del paragrafo 5 non si applica a tali domande e l&#8217;art. 67, capoverso 3, del Codice civile \u00e8 escluso a tale proposito.<\/li>\n<li>Qualsiasi assemblea generale debitamente convocata potr\u00e0 deliberare validamente indipendentemente dal numero di soci presenti.<\/li>\n<li>All\u2019assemblea generale, ogni socio dispone di un voto.<\/li>\n<li>I soci possono deliberare a maggioranza semplice dei soci presenti, salvo il caso in cui la legge o gli statuti dispongano altrimenti. Le modifiche degli statuti richiedono una maggioranza di due terzi dei soci presenti. Le modifiche degli scopi dell&#8217;associazione richiedono la maggioranza di tre quarti dei soci presenti. In caso di parit\u00e0 di voti, il voto del presidente \u00e8 decisivo.<\/li>\n<li>Le delibere dell&#8217;associazione vengono verbalizzate. Nel verbale devono essere riportati in particolare l&#8217;ora e il luogo della riunione nonch\u00e9 i nomi delle persone presenti.<\/li>\n<li>Indipendentemente dal numero di partecipanti previsto e senza rispettare il periodo di invito, il comitato direttivo \u00e8 autorizzato a disporre che i partecipanti possano esercitare i loro diritti esclusivamente in forma elettronica (la cosiddetta assemblea generale online). Il comitato direttivo decide a maggioranza semplice.<\/li>\n<\/ol>\n<p>[\/vc_column_text][vc_column_text css=&#8221;.vc_custom_1665430325854{margin-top: 20px !important;}&#8221;]<strong>12. Il comitato direttivo<\/strong><\/p>\n<ol>\n<li>Il comitato direttivo gestisce gli affari quotidiani e rappresenta l&#8217;associazione verso l&#8217;esterno. Sono di sua competenza tutti i poteri non espressamente riservati dalla legge o dagli statuti a un altro organo dell&#8217;associazione. Esso ha la facolt\u00e0 di delegare compiti ai soci. Inoltre, \u00e8 responsabile della supervisione della segreteria.<\/li>\n<li>Il comitato direttivo \u00e8 composto da almeno tre soci dell&#8217;associazione. Esso si costituisce in modo autonomo.<\/li>\n<li>La durata del mandato \u00e8 di due anni. Dopo la scadenza del mandato, i poteri del comitato direttivo decadono solamente al momento dell&#8217;elezione di un nuovo comitato direttivo. La rielezione \u00e8 possibile. In caso di dimissioni premature di un socio del comitato, l&#8217;assemblea generale proceder\u00e0 a un\u2019elezione suppletiva.<\/li>\n<li>Due soci del comitato direttivo firmeranno collettivamente per l&#8217;associazione.<\/li>\n<li>Il comitato direttivo pu\u00f2 deliberare validamente se sono presenti almeno tre soci. Le sue delibere sono approvate a maggioranza semplice. In caso di parit\u00e0 di voti, il voto del\/della presidente \u00e8 decisivo.<\/li>\n<li>Il comitato direttivo si riunisce ogni volta che gli affari lo richiedono. Ogni socio del comitato direttivo pu\u00f2 richiedere la convocazione di una riunione, indicandone i motivi.<\/li>\n<li>A condizione che nessun socio del comitato direttivo richieda una deliberazione orale, le delibere possono essere adottate mediante lettera circolare (anche via e-mail).<\/li>\n<li>Le delibere del comitato direttivo vengono verbalizzate. Nel verbale delle delibere devono essere indicati in particolare, l&#8217;ora e il luogo della riunione e i nomi delle persone presenti.<\/li>\n<li>Il comitato direttivo ha diritto a una remunerazione. L\u2019assemblea generale determina la remunerazione su proposta del comitato direttivo a maggioranza semplice.<\/li>\n<li>Il comitato direttivo emana un regolamento dell\u2019organizzazione.<\/li>\n<\/ol>\n<p>[\/vc_column_text][vc_column_text css=&#8221;.vc_custom_1665430374002{margin-top: 20px !important;}&#8221;]<strong>13. L\u2019ufficio di revisione<\/strong><\/p>\n<ol>\n<li>L\u2019ufficio di revisione \u00e8 responsabile del controllo annuale della contabilit\u00e0. Esso presenta una relazione e una domanda al comitato direttivo all&#8217;attenzione dell&#8217;assemblea generale.<\/li>\n<li>L&#8217;Assemblea generale elegge almeno un revisore dei conti. Possono essere nominati revisori sia persone fisiche che giuridiche.<\/li>\n<li>La durata del mandato \u00e8 di due anni. Alla scadenza del mandato, i poteri dei revisori decadono solamente con l&#8217;elezione di un nuovo ufficio di revisione. La rielezione \u00e8 possibile. In caso di dimissioni premature di un revisore, l&#8217;assemblea generale proceder\u00e0 ad un\u2019elezione suppletiva.<\/li>\n<\/ol>\n<p>[\/vc_column_text][vc_column_text css=&#8221;.vc_custom_1665430407269{margin-top: 20px !important;}&#8221;]<strong>14. La segreteria<\/strong><\/p>\n<ol>\n<li>La segreteria \u00e8 responsabile dell&#8217;amministrazione dell&#8217;associazione, a condizione che non vi provveda gi\u00e0 il comitato direttivo. In particolare, essa \u00e8 responsabile della stesura dei verbali, della corrispondenza dell\u2019associazione, dell&#8217;esame preliminare delle domande di adesione, della riscossione delle quote associative, della riscossione delle certificazioni e ricertificazioni, della preparazione delle certificazioni e delle ricertificazioni, della preparazione delle riunioni del comitato direttivo e della tenuta della contabilit\u00e0.<\/li>\n<li>Il comitato direttivo elegge la segreteria a maggioranza semplice.<\/li>\n<\/ol>\n<p>[\/vc_column_text][vc_column_text css=&#8221;.vc_custom_1665431400841{margin-top: 20px !important;}&#8221;]<strong>15. Organo di mediazione<\/strong><\/p>\n<ol>\n<li>L\u2019Organo di mediazione ha lo scopo di rafforzare la fiducia tra paziente e terapeuta in relazione all\u2019esercizio della forma di psicoterapia EMDR da parte dei soci dell&#8217;associazione e di mediare nei conflitti tra le parti.<\/li>\n<li>L\u2019Organo di mediazione:<br \/>\na. fornisce informazioni ai soci e ai pazienti che necessitano consigli in caso di conflitti acuti o incombenti;<br \/>\nb. funge da mediatore nei conflitti;<br \/>\nc. accetta richieste e reclami da esaminare, presenta proposte alle parti interessate e pu\u00f2 formulare raccomandazioni;<br \/>\nd. non ha alcun potere decisionale;<br \/>\ne. garantisce la riservatezza;<br \/>\nf. si attiva solo su richiesta.<\/li>\n<li>L&#8217;Organo di mediazione \u00e8 composto da almeno due persone. Se possibile, deve essere eletto un numero uguale di persone di sesso femminile e maschile. Inoltre, per quanto possibile, nell\u2019Organo di mediazione dovrebbero essere rappresentate le lingue nazionali tedesco, francese e italiano. Il comitato direttivo propone all&#8217;assemblea generale dei soci idonei.<\/li>\n<li>I soci del comitato direttivo non possono essere contemporaneamente soci dell&#8217;Organo di mediazione.<\/li>\n<li>La durata del mandato \u00e8 di quattro anni. Dopo la scadenza del mandato, i poteri decadono solamente con l&#8217;elezione di un nuovo Organo di mediazione. La rielezione \u00e8 possibile. In caso di dimissioni premature di un socio, l&#8217;assemblea generale proceder\u00e0 a un\u2019elezione suppletiva.<\/li>\n<li>L&#8217;Organo di mediazione riferisce al comitato direttivo in modo appropriato all&#8217;attenzione dell&#8217;assemblea generale.<\/li>\n<li>Il comitato direttivo emana un regolamento dell\u2019Organo di mediazione.<\/li>\n<\/ol>\n<p>[\/vc_column_text][vc_column_text css=&#8221;.vc_custom_1665430633587{margin-top: 20px !important;}&#8221;]<strong>IV. Responsabilit\u00e0<\/strong><\/p>\n<p><strong>16. Responsabilit\u00e0 dei soci<\/strong><\/p>\n<p style=\"font-weight: 400;\">Dei debiti dell&#8217;associazione risponde solamente il patrimonio dell&#8217;associazione. \u00c8 esclusa qualsiasi responsabilit\u00e0 personale dei soci.<\/p>\n<p>[\/vc_column_text][vc_column_text css=&#8221;.vc_custom_1665430658737{margin-top: 20px !important;}&#8221;]<strong>17. Responsabilit\u00e0 del comitato direttivo<\/strong><\/p>\n<p style=\"font-weight: 400;\">La responsabilit\u00e0 del comitato direttivo \u00e8 esclusa nella misura consentita dalla legge.<\/p>\n<p>[\/vc_column_text][vc_column_text css=&#8221;.vc_custom_1665431428192{margin-top: 20px !important;}&#8221;]<strong>V. Certificazione e ricertificazione<\/strong><\/p>\n<p><strong>18. Certificazione<\/strong><\/p>\n<ol>\n<li>L&#8217;associazione pu\u00f2 certificare i propri soci. Essa pu\u00f2:<br \/>\na. certificare i certificati EMDR Europe, considerando che i requisiti della certificazione EMDR Europe sono i requisiti minimi oltre i quali pu\u00f2 andare l&#8217;associazione;<br \/>\nb. certificare i propri certificati.<\/li>\n<li>Solamente i soci dell&#8217;associazione possono essere certificati. Se l&#8217;adesione cessa, anche la certificazione cessa immediatamente e automaticamente.<\/li>\n<li>Il comitato direttivo stabilisce i requisiti per la certificazione e le modalit\u00e0 di presentazione della domanda a maggioranza semplice. A tale scopo emana un regolamento.<\/li>\n<li>La decisione definitiva sulla certificazione dei soci spetta al comitato direttivo.<\/li>\n<\/ol>\n<p>[\/vc_column_text][vc_column_text css=&#8221;.vc_custom_1665430897989{margin-top: 20px !important;}&#8221;]<strong>19. Ricertificazione<\/strong><\/p>\n<ol>\n<li>L&#8217;associazione pu\u00f2 ricertificare i propri soci. Esso pu\u00f2:<br \/>\na. ricertificare i certificati di EMDR Europe, considerando che i requisiti della certificazione EMDR Europe sono i requisiti minimi oltre i quali pu\u00f2 andare l&#8217;associazione;<br \/>\nb. ricertificare i propri certificati.<\/li>\n<li>Solo i soci dell&#8217;associazione possono essere ricertificati. Se l\u2019affiliazione in qualit\u00e0 di socio cessa, anche la ricertificazione cessa immediatamente e automaticamente.<\/li>\n<li>Il comitato direttivo stabilisce i requisiti per la ricertificazione e le modalit\u00e0 di presentazione della domanda a maggioranza semplice. A tale scopo emana un regolamento.<\/li>\n<li>La decisione definitiva sulla ricertificazione dei soci spetta al comitato direttivo.<\/li>\n<\/ol>\n<p>[\/vc_column_text][vc_column_text css=&#8221;.vc_custom_1665431069157{margin-top: 20px !important;}&#8221;]<strong>VI. Disposizioni finali<\/strong><\/p>\n<p><strong>20. Scioglimento dell\u2019associazione<\/strong><\/p>\n<ol>\n<li>Lo scioglimento dell&#8217;associazione pu\u00f2 essere deciso con una delibera dell&#8217;assemblea generale e con la maggioranza dei due terzi dei soci presenti.<\/li>\n<li>La liquidazione deve essere effettuata dal comitato direttivo, a meno che l&#8217;assemblea generale non nomini dei liquidatori speciali.<\/li>\n<li>In caso di scioglimento dell&#8217;associazione, i beni dell&#8217;associazione passeranno a EMDR Europe per essere utilizzati per la promozione dell&#8217;EMDR. In assenza di EMDR Europe, il patrimonio dell&#8217;associazione passer\u00e0 a un&#8217;organizzazione esente da imposte che persegua uno scopo identico o simile a quello di EMDR Svizzera.<\/li>\n<\/ol>\n<p>[\/vc_column_text][vc_column_text css=&#8221;.vc_custom_1665431126790{margin-top: 20px !important;}&#8221;]<strong>21. Entrata in vigore<\/strong><\/p>\n<p style=\"font-weight: 400;\">I presenti statuti entreranno in vigore in data 5.09.2024. A partire da tale data gli statuti del 29.09.1998 e le successive modifiche saranno abrogati.<\/p>\n<p>[\/vc_column_text][\/vc_column][\/vc_row]<\/p>\n<\/div>","protected":false},"excerpt":{"rendered":"<p>[vc_row][vc_column width=&#8221;1\/4&#8243; css=&#8221;.vc_custom_1560439055181{margin-top: 50px !important;}&#8221;][vc_wp_custommenu nav_menu=&#8221;21&#8243;][\/vc_column][vc_column width=&#8221;3\/4&#8243;][vc_column_text] Statuti dell\u2019associazione EMDR Svizzera [\/vc_column_text][vc_column_text]I. Basi 1. Nome, forma giuridica e sede Il nome \u00abEMDR Schweiz Suisse Svizzera Svizra Switzerland\u00bb (Eye Movement Desensitization and Reprocessing Svizzera) \u00e8 il nome di un\u2019associazione ai sensi dell\u2019art. 60 e segg. del Codice civile svizzero. L\u2019associazione ha la sua sede nel luogo<\/p>\n","protected":false},"author":1,"featured_media":0,"parent":0,"menu_order":0,"comment_status":"closed","ping_status":"closed","template":"","meta":{"footnotes":""},"class_list":["post-236","page","type-page","status-publish","hentry"],"_links":{"self":[{"href":"https:\/\/emdr-ch.org\/it\/wp-json\/wp\/v2\/pages\/236","targetHints":{"allow":["GET"]}}],"collection":[{"href":"https:\/\/emdr-ch.org\/it\/wp-json\/wp\/v2\/pages"}],"about":[{"href":"https:\/\/emdr-ch.org\/it\/wp-json\/wp\/v2\/types\/page"}],"author":[{"embeddable":true,"href":"https:\/\/emdr-ch.org\/it\/wp-json\/wp\/v2\/users\/1"}],"replies":[{"embeddable":true,"href":"https:\/\/emdr-ch.org\/it\/wp-json\/wp\/v2\/comments?post=236"}],"version-history":[{"count":20,"href":"https:\/\/emdr-ch.org\/it\/wp-json\/wp\/v2\/pages\/236\/revisions"}],"predecessor-version":[{"id":4718,"href":"https:\/\/emdr-ch.org\/it\/wp-json\/wp\/v2\/pages\/236\/revisions\/4718"}],"wp:attachment":[{"href":"https:\/\/emdr-ch.org\/it\/wp-json\/wp\/v2\/media?parent=236"}],"curies":[{"name":"wp","href":"https:\/\/api.w.org\/{rel}","templated":true}]}}