{"id":2362,"date":"2020-12-24T08:34:58","date_gmt":"2020-12-24T07:34:58","guid":{"rendered":"https:\/\/emdr-ch.org\/dachverbaende\/"},"modified":"2020-12-24T08:35:33","modified_gmt":"2020-12-24T07:35:33","slug":"dachverbaende","status":"publish","type":"page","link":"https:\/\/emdr-ch.org\/it\/dachverbaende\/","title":{"rendered":"Dachverb\u00e4nde"},"content":{"rendered":"<div class=\"wpb-content-wrapper\"><p>[vc_row][vc_column width=&#8221;1\/4&#8243; css=&#8221;.vc_custom_1578411583577{margin-top: 50px !important;}&#8221;][vc_wp_custommenu nav_menu=&#8221;70&#8243;][\/vc_column][vc_column width=&#8221;3\/4&#8243;][vc_column_text]<\/p>\n<h3>Dachverb\u00e4nde<\/h3>\n<p>[\/vc_column_text][vc_empty_space][vc_column_text]<\/p>\n<div class=\"inside\">\n<div id=\"dachverbaende\" class=\"mod_article block\">\n<div class=\"ce_text block\">\n<p><a href=\"http:\/\/www.psychotherapie.ch\/\" target=\"_blank\" rel=\"noopener noreferrer\">SPV\/ASP<\/a><br \/>\nSchweizer Psychotherapeutinnen und Psychotherapeuten Verband SPV<\/p>\n<p><a href=\"http:\/\/www.psychotherapiecharta.ch\/\" target=\"_blank\" rel=\"noopener noreferrer\">Schweizer Charta f\u00fcr Psychotherapie<\/a><\/p>\n<p><a href=\"http:\/\/www.fmh.ch\/\" target=\"_blank\" rel=\"noopener noreferrer\">FMH<\/a><br \/>\nVerbindung der Schweizer \u00c4rztinnen und \u00c4rzte FMH<\/p>\n<p><a href=\"http:\/\/www.psychologie.ch\/\" target=\"_blank\" rel=\"noopener noreferrer\">FSP<\/a><br \/>\nF\u00f6deration der Schweizer Psychologinnen und Psychologen FSP<\/p>\n<p><a href=\"http:\/\/www.sbap.ch\/\" target=\"_blank\" rel=\"noopener noreferrer\">SBAP<\/a><br \/>\nSchweizerischer Berufsverband f\u00fcr Angewandte Psychologie SBAP<\/p>\n<\/div>\n<\/div>\n<\/div>\n<p>[\/vc_column_text][\/vc_column][\/vc_row]<\/p>\n<\/div>","protected":false},"excerpt":{"rendered":"<p>[vc_row][vc_column width=&#8221;1\/4&#8243; css=&#8221;.vc_custom_1578411583577{margin-top: 50px !important;}&#8221;][vc_wp_custommenu nav_menu=&#8221;70&#8243;][\/vc_column][vc_column width=&#8221;3\/4&#8243;][vc_column_text] Dachverb\u00e4nde [\/vc_column_text][vc_empty_space][vc_column_text] SPV\/ASP Schweizer Psychotherapeutinnen und Psychotherapeuten Verband SPV Schweizer Charta f\u00fcr Psychotherapie FMH Verbindung der Schweizer \u00c4rztinnen und \u00c4rzte FMH FSP F\u00f6deration der Schweizer Psychologinnen und Psychologen FSP SBAP Schweizerischer Berufsverband f\u00fcr Angewandte Psychologie SBAP [\/vc_column_text][\/vc_column][\/vc_row]<\/p>\n","protected":false},"author":1,"featured_media":0,"parent":0,"menu_order":0,"comment_status":"closed","ping_status":"closed","template":"","meta":{"footnotes":""},"class_list":["post-2362","page","type-page","status-publish","hentry"],"_links":{"self":[{"href":"https:\/\/emdr-ch.org\/it\/wp-json\/wp\/v2\/pages\/2362","targetHints":{"allow":["GET"]}}],"collection":[{"href":"https:\/\/emdr-ch.org\/it\/wp-json\/wp\/v2\/pages"}],"about":[{"href":"https:\/\/emdr-ch.org\/it\/wp-json\/wp\/v2\/types\/page"}],"author":[{"embeddable":true,"href":"https:\/\/emdr-ch.org\/it\/wp-json\/wp\/v2\/users\/1"}],"replies":[{"embeddable":true,"href":"https:\/\/emdr-ch.org\/it\/wp-json\/wp\/v2\/comments?post=2362"}],"version-history":[{"count":2,"href":"https:\/\/emdr-ch.org\/it\/wp-json\/wp\/v2\/pages\/2362\/revisions"}],"predecessor-version":[{"id":2367,"href":"https:\/\/emdr-ch.org\/it\/wp-json\/wp\/v2\/pages\/2362\/revisions\/2367"}],"wp:attachment":[{"href":"https:\/\/emdr-ch.org\/it\/wp-json\/wp\/v2\/media?parent=2362"}],"curies":[{"name":"wp","href":"https:\/\/api.w.org\/{rel}","templated":true}]}}