{"id":276,"date":"2019-05-27T14:57:52","date_gmt":"2019-05-27T12:57:52","guid":{"rendered":"http:\/\/emdr-ch.org\/?page_id=276"},"modified":"2023-08-09T15:26:15","modified_gmt":"2023-08-09T13:26:15","slug":"ufficio-di-mediazione","status":"publish","type":"page","link":"https:\/\/emdr-ch.org\/it\/ufficio-di-mediazione\/","title":{"rendered":"organo di mediazione"},"content":{"rendered":"<div class=\"wpb-content-wrapper\"><p>[vc_row][vc_column width=&#8221;1\/4&#8243; css=&#8221;.vc_custom_1560439096344{margin-top: 50px !important;}&#8221;][vc_wp_custommenu nav_menu=&#8221;21&#8243;][\/vc_column][vc_column width=&#8221;3\/4&#8243;][vc_column_text]<\/p>\n<h3>Regolamento dell\u2019Organo di mediazione<\/h3>\n<p style=\"font-weight: 400;\"><strong>Per le condizioni quadro applicabili all&#8217;Ufficio del Mediatore, si vedano gli articoli da 15.1 a 15.7 degli statuti.<\/strong><\/p>\n<p>L\u2019obiettivo dell\u2019attivit\u00e0 dell\u2019Organo di mediazione \u00e8 quello di trovare soluzioni che possano essere accettate da entrambe le parti, in modo simile ad una conciliazione o mediazione, dopo che le parti in conflitto non sono riuscite a trovare una soluzione consensuale in precedenza.<\/p>\n<p>L\u2019Organo di mediazione non pu\u00f2 essere consultato se \u00e8 gi\u00e0 pendente una controversia legale sulla stessa questione o se il problema \u00e8 gi\u00e0 stato trattato da una commissione professionale di un\u2019associazione svizzera.<\/p>\n<p>Prima di intervenire l\u2019Organo di mediazione richiede il necessario esonero dal segreto professionale. Inoltre, le parti coinvolte si impegnano a fornire all&#8217;Organo di mediazione le informazioni necessarie per svolgere la sua attivit\u00e0.<\/p>\n<p>L\u2019Organo di mediazione non pu\u00f2 decidere l&#8217;esito delle controversie. Esso pu\u00f2 unicamente offrire suggerimenti e presentare proposte. L&#8217;Organo di mediazione segnala se ha l&#8217;impressione che determinati accordi comportino svantaggi ingiustificati per una delle parti.<\/p>\n<p>Nel caso in cui la mediazione fallisca, l&#8217;Organo di mediazione formula proposte per l\u2019ulteriore procedura.<\/p>\n<p>Dopo la conclusione della mediazione, l\u2019Organo di mediazione pu\u00f2 formulare di propria iniziativa ulteriori considerazioni, conclusioni, suggerimenti in merito al conflitto, e informa il comitato direttivo in modo adeguato a tale proposito.<\/p>\n<p>Nel rapporto di gestione annuale presentato all&#8217;assemblea dei soci, in linea di principio, vengono riportati solamente il numero e l&#8217;argomento generale dei reclami.<\/p>\n<p>Tutte le informazioni vengono fornite in forma anonimizzata. A parte questi casi, l&#8217;Organo di mediazione non trasmette alcuna informazione a terzi. I documenti vengono archiviati in conformit\u00e0 all&#8217;obbligo di conservazione in vigore.<\/p>\n<p>Deciso dal comitato direttivo di EMDR Svizzera il 29 settembre 2022.[\/vc_column_text][\/vc_column][\/vc_row]<\/p>\n<\/div>","protected":false},"excerpt":{"rendered":"<p>[vc_row][vc_column width=&#8221;1\/4&#8243; css=&#8221;.vc_custom_1560439096344{margin-top: 50px !important;}&#8221;][vc_wp_custommenu nav_menu=&#8221;21&#8243;][\/vc_column][vc_column width=&#8221;3\/4&#8243;][vc_column_text] Regolamento dell\u2019Organo di mediazione Per le condizioni quadro applicabili all&#8217;Ufficio del Mediatore, si vedano gli articoli da 15.1 a 15.7 degli statuti. L\u2019obiettivo dell\u2019attivit\u00e0 dell\u2019Organo di mediazione \u00e8 quello di trovare soluzioni che possano essere accettate da entrambe le parti, in modo simile ad una conciliazione o mediazione,<\/p>\n","protected":false},"author":1,"featured_media":0,"parent":0,"menu_order":0,"comment_status":"closed","ping_status":"closed","template":"","meta":{"footnotes":""},"class_list":["post-276","page","type-page","status-publish","hentry"],"_links":{"self":[{"href":"https:\/\/emdr-ch.org\/it\/wp-json\/wp\/v2\/pages\/276","targetHints":{"allow":["GET"]}}],"collection":[{"href":"https:\/\/emdr-ch.org\/it\/wp-json\/wp\/v2\/pages"}],"about":[{"href":"https:\/\/emdr-ch.org\/it\/wp-json\/wp\/v2\/types\/page"}],"author":[{"embeddable":true,"href":"https:\/\/emdr-ch.org\/it\/wp-json\/wp\/v2\/users\/1"}],"replies":[{"embeddable":true,"href":"https:\/\/emdr-ch.org\/it\/wp-json\/wp\/v2\/comments?post=276"}],"version-history":[{"count":8,"href":"https:\/\/emdr-ch.org\/it\/wp-json\/wp\/v2\/pages\/276\/revisions"}],"predecessor-version":[{"id":3859,"href":"https:\/\/emdr-ch.org\/it\/wp-json\/wp\/v2\/pages\/276\/revisions\/3859"}],"wp:attachment":[{"href":"https:\/\/emdr-ch.org\/it\/wp-json\/wp\/v2\/media?parent=276"}],"curies":[{"name":"wp","href":"https:\/\/api.w.org\/{rel}","templated":true}]}}