{"id":304,"date":"2019-05-27T16:41:51","date_gmt":"2019-05-27T14:41:51","guid":{"rendered":"http:\/\/emdr-ch.org\/?page_id=304"},"modified":"2025-02-28T17:57:19","modified_gmt":"2025-02-28T16:57:19","slug":"ri-accreditamento","status":"publish","type":"page","link":"https:\/\/emdr-ch.org\/it\/ri-accreditamento\/","title":{"rendered":"re-accreditamento"},"content":{"rendered":"<div class=\"wpb-content-wrapper\"><p>[vc_row][vc_column width=&#8221;1\/4&#8243; css=&#8221;.vc_custom_1560437100230{margin-top: 50px !important;}&#8221;][vc_wp_custommenu nav_menu=&#8221;20&#8243;][\/vc_column][vc_column width=&#8221;3\/4&#8243;][vc_column_text]<\/p>\n<h3><strong>Re-Accreditamento dei certificati EMDR Europe Terapeuta EMDR &amp; Supervisore EMDR<\/strong><\/h3>\n<p>I certificati hanno una validit\u00e0 per una durata di 5 anni e sono rinnovabili previa giustificazione di 50 ore (da 60 minuti) di formazione continua EMDR e\/o supervisione EMDR. Il re-accreditamento permette al-la terapeuta EMDR (Practitioner) o al-la supervisore EMDR (Consultant) di continuare a figurare sulla homepage dell&#8217;associazione nazionale.<\/p>\n<p>Se non viene rinnovato, il certificato non viene prolungato e perde la sua validit\u00e0. Inoltre, perde anche la sua validit\u00e0 in caso di cessazione anticipata quale membro; quest&#8217;ultimo dovr\u00e0 restituire il suo certificato all\u2019associazione. La perdita della validit\u00e0 del certificato comporta la perdita del diritto di portare con s\u00e9 i titoli di terapeuta EMDR (Practitioner), di terapeuta EMDR per bambini e adolescenti (Practitioner B&amp;A), di supervisore EMDR (Consultant), di supervisore EMDR per bambini e adolescenti (Consultant B&amp;A) e di essere elencati sulla homepage dell&#8217;associazione nazionale.<\/p>\n<p>Si prega di notare che soltanto il titolo EMDR pi\u00f9 alto dovr\u00e0 essere rinnovato. I supervisori EMDR (Consultant) diventano automaticamente dei terapeuti EMDR (Practitioner); ci\u00f2 vale sia per il campo \u201cadulti\u201d sia per il campo \u201cbambini e adolescenti\u201d.<\/p>\n<p>Sono riconosciute come formazione continua:<\/p>\n<ol>\n<li>Formazioni continue specifiche EMDR (max. 50 ore)<\/li>\n<li>Congressi, formazioni continue e seminari EMDR tenuti da organizzatori EMDR autorizzati (max. 50 ore)<\/li>\n<li>Supervisioni da supervisori EMDR autorizzati. Le supervisioni di gruppo e le individuali sono considerate equivalenti (max. 50 ore)<\/li>\n<li>Esperienza personale EMDR (max. 30 ore)<\/li>\n<li>Partecipazione all\u2019assemblea dei membri di EMDR Svizzera, alle conferenze e\/o i corsi EMDR, cos\u00ec come le proprie presentazioni\/articoli riguardo all\u2019EMDR (max. 10 ore)<\/li>\n<li>Attivit\u00e0 di ricerca EMDR: ricerca clinica e contributi allo sviluppo dell\u2019EMDR a livelli regionali, nazionali o internazionali (max. 10 ore)<\/li>\n<li>Lettura di opere specializzate sull\u2019EMDR (secondo propria dichiarazione) (max. 10 ore)<\/li>\n<li>Intervisione di gruppo con min. un altro terapeuta EMDR certificato (nome, luogo, firma) (max. 10 ore)<\/li>\n<li>Formazione continua in psicotraumatologia non specificamente come EMDR (max. 10 ore)<\/li>\n<\/ol>\n<p>Si prega di notare che delle 50 ore obbligatorie per il re-accreditamento del titolo, almeno 20 ore devono essere ottenute tra i punti da 1 a 3. Le 30 ore rimanenti possono essere distribuite liberamente tra le altre aree.<\/p>\n<p>Per la <strong>re-accreditazione di un certificato B&amp;A<\/strong>, devono essere dimostrate 25 ore dall&#8217;area B&amp;A, di cui almeno 10 ore nei punti 1 \u2013 3 (formazioni continue EMDR-B&amp;A, supervisione EMDR-B&amp;A di gruppo o individuale).<\/p>\n<p><strong>Re-accreditazione per il doppio certificato (qui s\u2019intende per chi chiede contemporaneamente il rinnovo del certificato per adulti e B&amp;A):<\/strong>\u00a0Il re-accreditamento di entrambi i titoli viene effettuato simultaneamente in conformit\u00e0 alle linee guida di cui sopra. Delle 50 ore richieste, almeno 10 devono essere attestate nel campo dei bambini e degli adolescenti ai punti 1 &#8211; 3 (formazione EMDR in ambito B&amp;A, congressi EMDR con conferenze su B&amp;A, Pre-conferenza seminari B&amp;A, supervisione EMDR B&amp;A).<\/p>\n<p>Per sottoporre il dossier della re-accreditazione, <a href=\"https:\/\/emdr-ch.org\/wp-content\/uploads\/2025\/02\/2025-02-Antragsformular-Re-Zertifizierung-IT.pdf\" target=\"_blank\" rel=\"noopener noreferrer\">vogliate utilizzare il dossier per la richiesta di re-accreditamento<\/a>.<\/p>\n<p>La tassa per rinnovare il certificato EMDR Europe Terapeuta EMDR (Practitioner) o Supervisore EMDR (Consultant) ammonta a CHF 70.-. Si prega di versare l\u2019importo sul conto seguente:<\/p>\n<p>Conto postale: 60-490873-5<br \/>\nIBAN: CH43 0900 0000 6049 0873 5<br \/>\nIntestato a: EMDR Suisse, 8400 Winterthur<\/p>\n<p>valido dal 28.02.2025[\/vc_column_text][\/vc_column][\/vc_row]<\/p>\n<\/div>","protected":false},"excerpt":{"rendered":"<p>[vc_row][vc_column width=&#8221;1\/4&#8243; css=&#8221;.vc_custom_1560437100230{margin-top: 50px !important;}&#8221;][vc_wp_custommenu nav_menu=&#8221;20&#8243;][\/vc_column][vc_column width=&#8221;3\/4&#8243;][vc_column_text] Re-Accreditamento dei certificati EMDR Europe Terapeuta EMDR &amp; Supervisore EMDR I certificati hanno una validit\u00e0 per una durata di 5 anni e sono rinnovabili previa giustificazione di 50 ore (da 60 minuti) di formazione continua EMDR e\/o supervisione EMDR. Il re-accreditamento permette al-la terapeuta EMDR (Practitioner) o al-la<\/p>\n","protected":false},"author":1,"featured_media":0,"parent":0,"menu_order":0,"comment_status":"closed","ping_status":"closed","template":"","meta":{"footnotes":""},"class_list":["post-304","page","type-page","status-publish","hentry"],"_links":{"self":[{"href":"https:\/\/emdr-ch.org\/it\/wp-json\/wp\/v2\/pages\/304","targetHints":{"allow":["GET"]}}],"collection":[{"href":"https:\/\/emdr-ch.org\/it\/wp-json\/wp\/v2\/pages"}],"about":[{"href":"https:\/\/emdr-ch.org\/it\/wp-json\/wp\/v2\/types\/page"}],"author":[{"embeddable":true,"href":"https:\/\/emdr-ch.org\/it\/wp-json\/wp\/v2\/users\/1"}],"replies":[{"embeddable":true,"href":"https:\/\/emdr-ch.org\/it\/wp-json\/wp\/v2\/comments?post=304"}],"version-history":[{"count":15,"href":"https:\/\/emdr-ch.org\/it\/wp-json\/wp\/v2\/pages\/304\/revisions"}],"predecessor-version":[{"id":4697,"href":"https:\/\/emdr-ch.org\/it\/wp-json\/wp\/v2\/pages\/304\/revisions\/4697"}],"wp:attachment":[{"href":"https:\/\/emdr-ch.org\/it\/wp-json\/wp\/v2\/media?parent=304"}],"curies":[{"name":"wp","href":"https:\/\/api.w.org\/{rel}","templated":true}]}}