{"id":3912,"date":"2023-08-29T13:36:18","date_gmt":"2023-08-29T11:36:18","guid":{"rendered":"https:\/\/emdr-ch.org\/?page_id=3912"},"modified":"2025-03-20T21:10:49","modified_gmt":"2025-03-20T20:10:49","slug":"terapeuta-emdr-doppie-certificazioni","status":"publish","type":"page","link":"https:\/\/emdr-ch.org\/it\/terapeuta-emdr-doppie-certificazioni\/","title":{"rendered":"terapeuta EMDR doppie certificazioni"},"content":{"rendered":"<div class=\"wpb-content-wrapper\"><p>[vc_row][vc_column width=&#8221;1\/4&#8243; css=&#8221;.vc_custom_1560436863964{margin-top: 50px !important;}&#8221;][vc_wp_custommenu nav_menu=&#8221;20&#8243;][\/vc_column][vc_column width=&#8221;3\/4&#8243;][vc_column_text]<\/p>\n<h3><strong>DOPPIO ACCREDITAMENTO:<\/strong> Certificato\u00a0Terapeuta EMDR\u00a0(EMDR Practitioner) e Certificato\u00a0Terapeuta EMDR per bambini e adolescenti (EMDR Child &amp; Adolescent Practitioner)<\/h3>\n<p><strong>Si prega di verificare che il formatore\/la formatrice sia riconosciuto da EMDR Europe al momento della formazione.<\/strong><\/p>\n<p><strong>Condizioni per il rilascio del certificato di Terapeuta EMDR (EMDR Practitioner) e certificato Terapeuta EMDR per bambini e adolescenti (EMDR Child &amp; Adolescent Practitioner)<\/strong><\/p>\n<ul>\n<li>\n<div><span lang=\"IT\">Il richiedente deve dimostrare di essere in grado di praticare la psicoterapia in conformit\u00e0 alle disposizioni di legge in vigore.<\/span><\/div>\n<\/li>\n<li>\n<div><span lang=\"IT\">Il candidato ha completato almeno due livelli di formazione per adulti (livello I e II) presso istituti di formazione riconosciuti da EMDR Europe.<\/span><\/div>\n<\/li>\n<li>\n<div><span lang=\"IT\">Il candidato fornisce un certificato di formazione complementare &#8220;EMDR bambini e adolescenti&#8221; che ha integralmente completato.<\/span><\/div>\n<\/li>\n<li>\n<div><span lang=\"IT\">Il candidato ha almeno due anni di pratica psicoterapia.<\/span><\/div>\n<\/li>\n<li>\n<div><span lang=\"IT\">Il richiedente ha completato almeno 50 ore (60 min.) di sedute EMDR con minimo 25 clienti (secondo formulario di autodichiarazione). Dei 25 casi minimi da presentare, almeno 8 devono essere condotti con clienti adulti e 8 con bambini e adolescenti.<\/span><\/div>\n<\/li>\n<li>\n<div><span lang=\"IT\">Il candidato attesta di aver svolto almeno 20 ore (a 60 min.) di supervisione EMDR individuale o di gruppo con un supervisore riconosciuto da EMDR Europe (Consultant), di cui almeno 8 ore di supervisione con un supervisore per bambini e adolescenti (C&amp;A Consultant) riconosciuto da EMDR Europe.<\/span><\/div>\n<\/li>\n<li>\n<div><span lang=\"IT\">\u00c8 necessario fornire due referenze, una da parte di un supervisore per bambini e adolescenti riconosciuto da EMDR Europe (ad esempio nel formulario di valutazione delle competenze), la seconda da una persona in grado di valutare la pratica professionale e la reputazione del candidato.<\/span><\/div>\n<\/li>\n<li>\n<div><span lang=\"IT\">I supervisori EMDR per adulti e per bambini e adolescenti che esaminano la domanda devono aver potuto osservare direttamente il lavoro EMDR del richiedente attraverso l&#8217;uso di 3 video (1 video con un adulto, 1 video con un bambino fino a 8 anni compiuti e 1 video con un bambino di et\u00e0 superiore a 8 anni) e confermarlo per iscritto sul formulario di valutazione delle competenze.<\/span><\/div>\n<\/li>\n<li>\n<div><span lang=\"IT\">Il candidato \u00e8 socio dell&#8217;associazione nazionale dell\u2019EMDR.<\/span><\/div>\n<\/li>\n<li>\n<div><span lang=\"IT\">Il candidato presenta due formulari di valutazione delle competenze, uno firmato da un supervisore per adulti e uno da un supervisore per bambini e adolescenti, entrambi riconosciuti da EMDR Europe.<\/span><\/div>\n<\/li>\n<\/ul>\n<p>Dal 1.1.2017 EMDR Svizzera verifica le richieste dei membri EMDR provenienti dal Ticino. Vi prego di spedire all\u2019EMDR Svizzera la documentazione completa relativa alle vostre richieste.<\/p>\n<p>Il certificato \u00e8 valido per un periodo di 5 anni e si rinnova (<a href=\"https:\/\/emdr-ch.org\/it\/ri-accreditamento\/\">re-accreditamento EMDR Practitioner<\/a>).<\/p>\n<p>La tassa per il doppio accreditamento ammonta a CHF 90.-. Se si \u00e8 gi\u00e0 in possesso del certificato di EMDR Practitioner per adulti, la quota di accreditamento per il secondo titolo \u00e8 esente. La quota per il rinnovo del certificato dopo 5 anni \u00e8 di CHF 70.-.<\/p>\n<p><a href=\"https:\/\/emdr-ch.org\/wp-content\/uploads\/2025\/03\/2025-03_Mindestanforderungen_EMDR-Europe-Practitioner-Doppel_IT.pdf\" target=\"_blank\" rel=\"noopener noreferrer\">Domanda di rilascio del certificato \u201cTerapeuta EMDR\u201d et certificato &#8220;Terapeuta EMDR per bambini e adolescenti&#8221;<\/a><br \/>\n<a href=\"https:\/\/emdr-ch.org\/wp-content\/uploads\/2024\/04\/2024-04_Selbstdeklaration_EMDR-Europe-Practitioner-Doppel_IT.docx\" target=\"_blank\" rel=\"noopener noreferrer\">Schema elettronico per l&#8217;autodichiarazione<\/a><br \/>\n<a href=\"https:\/\/emdr-ch.org\/wp-content\/uploads\/2024\/04\/2024-04_EMDR-Kompetenzrahmen_IT.pdf\" target=\"_blank\" rel=\"noopener noreferrer\">Schema di valutazione delle competenze &#8220;EMDR terapeuta&#8221; (per supervisori)<\/a><br \/>\n<a href=\"http:\/\/emdr-ch.org\/wp-content\/uploads\/2020\/01\/EMDR_Kompetenzrahmen_deutsch_K_J.pdf\">Schema di valutazione delle competenze &#8220;Terapeuta EMDR per bambini e adolescenti&#8221; (in tedesco) (per supervisori)<\/a><br \/>\n<a href=\"http:\/\/emdr-ch.org\/wp-content\/uploads\/2019\/12\/Cadre_daccreditation_praticien_EMDR_Europe_Enfant_Adolescents.pdf\">Schema di valutazione delle competenze &#8220;Terapeuta EMDR per bambini e adolescenti&#8221; (in francese) (per supervisori)<\/a><\/p>\n<p>valido dal 20.05.2025[\/vc_column_text][\/vc_column][\/vc_row]<\/p>\n<\/div>","protected":false},"excerpt":{"rendered":"<p>[vc_row][vc_column width=&#8221;1\/4&#8243; css=&#8221;.vc_custom_1560436863964{margin-top: 50px !important;}&#8221;][vc_wp_custommenu nav_menu=&#8221;20&#8243;][\/vc_column][vc_column width=&#8221;3\/4&#8243;][vc_column_text] DOPPIO ACCREDITAMENTO: Certificato\u00a0Terapeuta EMDR\u00a0(EMDR Practitioner) e Certificato\u00a0Terapeuta EMDR per bambini e adolescenti (EMDR Child &amp; Adolescent Practitioner) Si prega di verificare che il formatore\/la formatrice sia riconosciuto da EMDR Europe al momento della formazione. Condizioni per il rilascio del certificato di Terapeuta EMDR (EMDR Practitioner) e certificato Terapeuta<\/p>\n","protected":false},"author":1,"featured_media":0,"parent":0,"menu_order":0,"comment_status":"closed","ping_status":"closed","template":"","meta":{"footnotes":""},"class_list":["post-3912","page","type-page","status-publish","hentry"],"_links":{"self":[{"href":"https:\/\/emdr-ch.org\/it\/wp-json\/wp\/v2\/pages\/3912","targetHints":{"allow":["GET"]}}],"collection":[{"href":"https:\/\/emdr-ch.org\/it\/wp-json\/wp\/v2\/pages"}],"about":[{"href":"https:\/\/emdr-ch.org\/it\/wp-json\/wp\/v2\/types\/page"}],"author":[{"embeddable":true,"href":"https:\/\/emdr-ch.org\/it\/wp-json\/wp\/v2\/users\/1"}],"replies":[{"embeddable":true,"href":"https:\/\/emdr-ch.org\/it\/wp-json\/wp\/v2\/comments?post=3912"}],"version-history":[{"count":20,"href":"https:\/\/emdr-ch.org\/it\/wp-json\/wp\/v2\/pages\/3912\/revisions"}],"predecessor-version":[{"id":4876,"href":"https:\/\/emdr-ch.org\/it\/wp-json\/wp\/v2\/pages\/3912\/revisions\/4876"}],"wp:attachment":[{"href":"https:\/\/emdr-ch.org\/it\/wp-json\/wp\/v2\/media?parent=3912"}],"curies":[{"name":"wp","href":"https:\/\/api.w.org\/{rel}","templated":true}]}}