{"id":421,"date":"2019-05-28T12:39:01","date_gmt":"2019-05-28T10:39:01","guid":{"rendered":"http:\/\/emdr-ch.org\/?page_id=421"},"modified":"2024-10-02T11:05:09","modified_gmt":"2024-10-02T09:05:09","slug":"disclaimer","status":"publish","type":"page","link":"https:\/\/emdr-ch.org\/it\/disclaimer\/","title":{"rendered":"disclaimer"},"content":{"rendered":"<div class=\"wpb-content-wrapper\"><p>[vc_row css=&#8221;.vc_custom_1559036657853{margin-top: 50px !important;}&#8221;][vc_column][vc_column_text]<\/p>\n<h3>Disclaimer<\/h3>\n<p>[\/vc_column_text][vc_column_text css=&#8221;.vc_custom_1702586617469{margin-top: 25px !important;}&#8221;]Tutti i testi e i link sono stati accuratamente controllati e vengono continuamente aggiornati. Ci sforziamo di fornire informazioni accurate e complete su questo sito web, ma non accettiamo alcuna responsabilit\u00e0, garanzia o responsabilit\u00e0 che le informazioni fornite attraverso questo sito web, comprese le voci del database, siano accurate, complete o aggiornate. Ci riserviamo il diritto di modificare le informazioni contenute in questo sito web in qualsiasi momento senza preavviso e non ci impegniamo ad aggiornare le informazioni in esso contenute.<\/p>\n<p>EMDR Svizzera non si assume alcuna responsabilit\u00e0 per le attivit\u00e0 dei suoi membri.<\/p>\n<p>Tutti i link a fornitori esterni sono stati controllati per verificarne l&#8217;esattezza al momento della loro inclusione. Tuttavia, non siamo responsabili per il contenuto e la disponibilit\u00e0 dei siti web raggiungibili tramite collegamenti ipertestuali. Per contenuti illegali, errati o incompleti e in particolare per danni, che si sviluppano dall&#8217;uso incontrollato di contenuti di lati collegati, \u00e8 responsabile solo l&#8217;offerente del lato, a cui si \u00e8 fatto riferimento. \u00c8 irrilevante se il danno \u00e8 di natura diretta, indiretta o finanziaria o qualsiasi altro danno che potrebbe derivare dalla perdita di dati, dalla perdita di utilizzo o da altri motivi di qualsiasi tipo.<\/p>\n<p><strong>Copyright<\/strong>.<br \/>\nI diritti dell&#8217;intero contenuto di questo sito web sono di propriet\u00e0 di EMDR Svizzera (salvo diversa indicazione). \u00c8 vietato l&#8217;uso commerciale o la pubblicazione di tutto o parte del contenuto di questo sito web (ad es. per siti web, libri, riviste, CD-ROM) senza l&#8217;autorizzazione scritta di EMDR Svizzera.[\/vc_column_text][\/vc_column][\/vc_row][vc_row css=&#8221;.vc_custom_1559036657853{margin-top: 50px !important;}&#8221;][vc_column][vc_column_text]<\/p>\n<h3>Dichiarazione di protezione dei dati per i gestori di siti web ai sensi della Legge federale svizzera sulla protezione dei dati (LPD)<\/h3>\n<p>[\/vc_column_text][vc_column_text css=&#8221;.vc_custom_1727859906920{margin-top: 25px !important;}&#8221;]<\/p>\n<h4>1 Identit\u00e0 e dati di contatto del responsabile del trattamento<\/h4>\n<p>Il responsabile del trattamento ai sensi della FADP \u00e8:<br \/>\nEMDR Svizzera<br \/>\n8400 Winterthur<br \/>\nSvizzera<br \/>\nE-mail: <a href=\"mailto:info@emdr-ch.org\">info@emdr-ch.org<\/a><br \/>\nSito web: <a href=\"https:\/\/emdr-ch.org\">https:\/\/emdr-ch.org<\/a><\/p>\n<h4>2 Fornitura del sito web (file di log)<\/h4>\n<p><strong>2.1 Descrizione e ambito del trattamento dei dati<\/strong><\/p>\n<p>Quando si accede al nostro sito web, cio\u00e8 anche se non ci si registra o non si trasmettono informazioni in altro modo, vengono raccolte automaticamente informazioni di carattere generale. Queste informazioni (file di log del server) comprendono, ad esempio, il tipo di browser web, il sistema operativo utilizzato, il nome del dominio del vostro provider di servizi Internet, il vostro indirizzo IP, l&#8217;URL di riferimento, la data e l&#8217;ora dell&#8217;accesso e informazioni simili.<\/p>\n<p>Sono trattati in particolare per i seguenti scopi:<\/p>\n<ol>\n<li>Garantire una connessione fluida al sito web,<\/li>\n<li>garantire un utilizzo fluido del nostro sito web, e<\/li>\n<li>garantire e analizzare la sicurezza e la stabilit\u00e0 del sistema, in particolare per individuare eventuali abusi, e<\/li>\n<li>per la presentazione tecnicamente priva di errori e l&#8217;ottimizzazione del nostro sito web.<\/li>\n<\/ol>\n<p>I dati vengono memorizzati anche nei file di log del nostro sistema. Questi dati non vengono memorizzati insieme ad altri dati personali dell&#8217;utente. Non utilizziamo i dati dell&#8217;utente per trarre conclusioni sulla sua persona. Tuttavia, ci riserviamo il diritto di controllare successivamente i file di log del server qualora vi siano indizi concreti di un utilizzo illecito.<\/p>\n<p><strong>2.2 Destinatari dei dati<\/strong><\/p>\n<p>Per il funzionamento e la manutenzione del nostro sito web ci avvaliamo di fornitori di servizi che agiscono come nostri responsabili del trattamento dei dati. Tutti i fornitori di servizi sono obbligati per contratto a trattare i vostri dati in modo confidenziale.<\/p>\n<p><strong>2.3 Trasmissione all&#8217;estero<\/strong><\/p>\n<p>Il trattamento avviene anche al di fuori della Svizzera, in particolare in Italia.<br \/>\nL&#8217;Italia \u00e8 certificata come avente un livello equivalente di protezione dei dati. Ci\u00f2 significa che i dati personali possono essere trasferiti in Italia senza ulteriori garanzie.<\/p>\n<h4>3 Contatto<\/h4>\n<p><strong>3.1 Descrizione e ambito del trattamento dei dati<\/strong><\/p>\n<p>Sul nostro sito web \u00e8 presente un modulo di contatto che pu\u00f2 essere utilizzato per contattarci elettronicamente. Se si utilizza questa possibilit\u00e0, i dati personali inseriti nella maschera di immissione vengono trasmessi a noi e memorizzati. L&#8217;elaborazione dei vostri dati personali ci serve esclusivamente per elaborare la vostra richiesta.<br \/>\nAl momento dell&#8217;invio del messaggio vengono trasmessi e memorizzati anche i seguenti dati:<\/p>\n<ul>\n<li>data e ora della richiesta<\/li>\n<li>URL da cui \u00e8 stata effettuata la richiesta<\/li>\n<li>Indirizzo IP<\/li>\n<\/ul>\n<p>In alternativa, \u00e8 possibile contattarci tramite gli indirizzi e-mail indicati. In questo caso, i dati personali dell&#8217;utente trasmessi con l&#8217;e-mail vengono memorizzati. Questi includono:<\/p>\n<ul>\n<li>data e ora della richiesta<\/li>\n<li>URL da cui \u00e8 stata effettuata la richiesta<\/li>\n<li>indirizzo IP<\/li>\n<li>e informazioni sui server coinvolti nella comunicazione via e-mail.<\/li>\n<\/ul>\n<p><strong>3.2 Destinatari dei dati<\/strong><\/p>\n<p>Il nostro sito web \u00e8 gestito da fornitori di servizi che agiscono come nostri responsabili del trattamento dei dati. Se ci inviate una richiesta di informazioni su un&#8217;offerta, i fornitori di servizi da noi utilizzati possono ricevere i dati per questi scopi se ne hanno bisogno per adempiere al loro rispettivo servizio (ad es. servizi informatici). Tutti i fornitori di servizi sono obbligati per contratto a trattare i vostri dati in modo confidenziale.<\/p>\n<p><strong>3.3 Trasmissione all&#8217;estero<\/strong><\/p>\n<p>Il trattamento avviene anche al di fuori della Svizzera, in particolare in Italia.<br \/>\nL&#8217;Italia \u00e8 certificata come paese con un livello equivalente di protezione dei dati. Ci\u00f2 significa che i dati personali possono essere trasferiti in Italia senza ulteriori garanzie.<\/p>\n<h4>4 Utilizzo dei cookie<\/h4>\n<p><strong>4.1 Descrizione e ambito del trattamento dei dati<\/strong><\/p>\n<p>Un cookie \u00e8 un piccolo record di dati che viene creato quando si visita un sito web e memorizzato temporaneamente sul sistema dell&#8217;utente. Se il server di questo sito web viene nuovamente richiamato da questo sistema, il browser invia nuovamente al server il cookie precedentemente ricevuto. Il server pu\u00f2 analizzare le informazioni ricevute attraverso questo processo. In particolare, i cookie possono facilitare la navigazione di un sito web.<br \/>\nI cookie contribuiscono a rendere utilizzabile un sito web consentendo funzioni di base come la navigazione delle pagine e l&#8217;accesso alle aree protette del sito.<\/p>\n<p><strong>Google Analytics<\/strong>.<br \/>\nQuesto sito web utilizza Google Analytics, un servizio di analisi web fornito da Google, Inc. Google Analytics utilizza dei &#8220;cookies&#8221;, che sono file di testo che vengono depositati sul vostro computer per consentire al sito web di analizzare come gli utenti utilizzano il sito. Queste informazioni sull&#8217;utilizzo di questo sito web vengono trasmesse a un server di Google negli Stati Uniti e memorizzate. Google utilizza queste informazioni per valutare il vostro utilizzo del sito web. Google pu\u00f2 trasferire queste informazioni a terzi ove ci\u00f2 sia imposto dalla legge o laddove tali terzi trattino le suddette informazioni per conto di Google. Google non assocer\u00e0 il vostro indirizzo IP (il vostro accesso individuale a Internet) a nessun altro dato posseduto da Google. Utilizzando il presente sito web, l&#8217;utente acconsente al trattamento dei suoi dati da parte di Google per le modalit\u00e0 e i fini sopraindicati.<\/p>\n<p><strong>4.4 Destinatari dei dati<\/strong><\/p>\n<p>Per il funzionamento e la manutenzione del nostro sito web utilizziamo fornitori di servizi tecnici che agiscono come nostri responsabili del trattamento dei dati.<br \/>\nUlteriori destinatari e dettagli sul funzionamento tecnico degli strumenti utilizzati e informazioni su come impedire la trasmissione dei dati (tracking) sono riportati nella tabella sottostante.<br \/>\nTutti i fornitori di servizi sono obbligati per contratto a trattare i vostri dati in modo confidenziale.<\/p>\n<p><strong>4.5 Trasmissione all&#8217;estero<\/strong><\/p>\n<p>Il trattamento avviene anche al di fuori della Svizzera, in particolare in Italia.<br \/>\nL&#8217;Italia \u00e8 certificata come paese con un livello equivalente di protezione dei dati. Ci\u00f2 significa che i dati personali possono essere trasferiti in Italia senza ulteriori garanzie.<\/p>\n<h4>5 Diritti dell&#8217;interessato<\/h4>\n<p>L&#8217;interessato ha i seguenti diritti in relazione ai dati personali che lo riguardano:<\/p>\n<ul>\n<li>il diritto di ottenere informazioni sui dati personali in nostro possesso e sulle modalit\u00e0 di trattamento degli stessi;<\/li>\n<li>il diritto di ricevere una copia dei vostri dati personali in un formato di uso comune;<\/li>\n<li>il diritto alla rettifica dei vostri dati personali;<\/li>\n<li>il diritto alla cancellazione dei vostri dati personali;<\/li>\n<li>il diritto di opporsi al trattamento dei vostri dati personali.<\/li>\n<\/ul>\n<p>Si noti che a questi diritti si applicano delle eccezioni. Nella misura consentita dalla legge, possiamo rifiutare la vostra richiesta di esercitare tali diritti.<br \/>\nPotete revocare il vostro consenso al trattamento dei dati personali in qualsiasi momento. Si prega di notare che la revoca \u00e8 efficace solo per il futuro. Il trattamento avvenuto prima della revoca non \u00e8 interessato.<br \/>\nPer informazioni sui dati personali da noi trattati, inviate la vostra richiesta di informazioni a <a href=\"mailto:info@emdr-ch.org\">info@emdr-ch.org<\/a>.<br \/>\nAvete inoltre il diritto di presentare un reclamo all&#8217;Incaricato federale della protezione dei dati e delle informazioni (FDPIC).<\/p>\n<p>Questa informativa sulla privacy \u00e8 stata creata con l&#8217;aiuto di <a href=\"http:\/\/www.activemind.ch\">www.activemind.ch<\/a> &#8211; gli esperti per la protezione dei dati e la sicurezza delle informazioni.[\/vc_column_text][\/vc_column][\/vc_row]<\/p>\n<\/div>","protected":false},"excerpt":{"rendered":"<p>[vc_row css=&#8221;.vc_custom_1559036657853{margin-top: 50px !important;}&#8221;][vc_column][vc_column_text] Disclaimer [\/vc_column_text][vc_column_text css=&#8221;.vc_custom_1702586617469{margin-top: 25px !important;}&#8221;]Tutti i testi e i link sono stati accuratamente controllati e vengono continuamente aggiornati. Ci sforziamo di fornire informazioni accurate e complete su questo sito web, ma non accettiamo alcuna responsabilit\u00e0, garanzia o responsabilit\u00e0 che le informazioni fornite attraverso questo sito web, comprese le voci del database,<\/p>\n","protected":false},"author":1,"featured_media":0,"parent":0,"menu_order":0,"comment_status":"closed","ping_status":"closed","template":"","meta":{"footnotes":""},"class_list":["post-421","page","type-page","status-publish","hentry"],"_links":{"self":[{"href":"https:\/\/emdr-ch.org\/it\/wp-json\/wp\/v2\/pages\/421","targetHints":{"allow":["GET"]}}],"collection":[{"href":"https:\/\/emdr-ch.org\/it\/wp-json\/wp\/v2\/pages"}],"about":[{"href":"https:\/\/emdr-ch.org\/it\/wp-json\/wp\/v2\/types\/page"}],"author":[{"embeddable":true,"href":"https:\/\/emdr-ch.org\/it\/wp-json\/wp\/v2\/users\/1"}],"replies":[{"embeddable":true,"href":"https:\/\/emdr-ch.org\/it\/wp-json\/wp\/v2\/comments?post=421"}],"version-history":[{"count":9,"href":"https:\/\/emdr-ch.org\/it\/wp-json\/wp\/v2\/pages\/421\/revisions"}],"predecessor-version":[{"id":4582,"href":"https:\/\/emdr-ch.org\/it\/wp-json\/wp\/v2\/pages\/421\/revisions\/4582"}],"wp:attachment":[{"href":"https:\/\/emdr-ch.org\/it\/wp-json\/wp\/v2\/media?parent=421"}],"curies":[{"name":"wp","href":"https:\/\/api.w.org\/{rel}","templated":true}]}}